{"id":82274,"date":"2023-12-14T02:20:46","date_gmt":"2023-12-14T01:20:46","guid":{"rendered":"https:\/\/www.soanam.de\/?post_type=product&#038;p=82274"},"modified":"2023-12-14T02:23:28","modified_gmt":"2023-12-14T01:23:28","slug":"eastwind-skihose-mit-traegern-in-schwarz-groesse-46","status":"publish","type":"product","link":"https:\/\/www.soanam.de\/nl\/produkt\/eastwind-skihose-mit-traegern-in-schwarz-groesse-46\/","title":{"rendered":"Eastwind skibroek met riempjes, in zwart, maat 46"},"content":{"rendered":"<p>Skihose von Eastwind<br \/>\nWasserdicht, winddicht, atmungsaktiv, schnelltrocknend<br \/>\nPFC frei<br \/>\nMit abnehmbaren, verstellbaren Hosentr\u00e4gern und integrierten Gamaschen<br \/>\nHoher Bund mit seitlichen elastischen Eins\u00e4tzen<\/p>\n<p>Die Skihose von Eastwind wartet mit wind- und wasserdichten, atmungsaktiven sowie schnell trocknenden Eigenschaften auf.<br \/>\nMit dem hohen Bund und den integrierten Gamaschen h\u00e4lt sie Schnee und K\u00e4lte wunderbar au\u00dfen vor und dank seitlicher Elastikeins\u00e4tze und abnehmbarer, verstellbarer Hosentr\u00e4ger sorgt die Skihose f\u00fcr einen fantastischen Sitz.<br \/>\nDie w\u00e4rmend wattierte, PFC-freie Funktionsqualit\u00e4t rundet die Freude an Ihrer neuen Skihose noch ab.<\/p>\n<p>Materiaal: 100% polyester<br \/>\nOnderhoudsinstructies: Machinewas<\/p>\n<p>Kleur: zwart<br \/>\nPatroon: zonder<br \/>\nGrootte: 46<\/p>\n<p>Bundweite: 100m<br \/>\nHeupomtrek: 126cm<br \/>\nSchrittl\u00e4nge: 80cm<br \/>\nTotale lengte: 111cm<\/p>","protected":false},"excerpt":{"rendered":"<table class=\"dv_characteristicsTable\">\n<tbody>\n<tr>\n<td class=\"left\">Maat<\/td>\n<td>46<\/td>\n<\/tr>\n<tr>\n<td class=\"left\">Gr\u00f6\u00dfentyp<\/td>\n<td>Normalgr\u00f6\u00dfen<\/td>\n<\/tr>\n<tr>\n<td class=\"left\">Materiaalsamenstelling<\/td>\n<td>Obermaterial: 100% Polyester. Futter: 100% Polyester. Wattierung: 100% Polyester<\/td>\n<\/tr>\n<tr>\n<td class=\"left\">Materialeigenschaften<\/td>\n<td>atmungsaktiv, wasserdicht, winddicht, w\u00e4rmend, schnell trocknend<\/td>\n<\/tr>\n<tr>\n<td class=\"left\">Wassers\u00e4ule<\/td>\n<td>3000 mm<\/td>\n<\/tr>\n<tr>\n<td class=\"left\">Atmungsaktivit\u00e4t<\/td>\n<td>1000<\/td>\n<\/tr>\n<tr>\n<td class=\"left\">Herstellertechnologien<\/td>\n<td>PFC FREE<\/td>\n<\/tr>\n<tr>\n<td class=\"left\">Onderhoudsinstructies<\/td>\n<td>Machinewas<\/td>\n<\/tr>\n<tr>\n<td class=\"left\">Optik<\/td>\n<td>unifarben<\/td>\n<\/tr>\n<tr>\n<td class=\"left\">Stil<\/td>\n<td>sportlich<\/td>\n<\/tr>\n<tr>\n<td class=\"left\">Kleur<\/td>\n<td>schwarz<\/td>\n<\/tr>\n<tr>\n<td class=\"left\">Beinabschlussdetails<\/td>\n<td>mit integrierten Gamaschen, mit Rei\u00dfverschluss<\/td>\n<\/tr>\n<tr>\n<td class=\"left\">G\u00fcrtelschlaufen<\/td>\n<td>ja<\/td>\n<\/tr>\n<tr>\n<td class=\"left\">L\u00e4nge der G\u00fcrtelschlaufe<\/td>\n<td>3,5 cm<\/td>\n<\/tr>\n<tr>\n<td class=\"left\">Tassen<\/td>\n<td>Zakken<\/td>\n<\/tr>\n<tr>\n<td class=\"left\">Verschluss<\/td>\n<td>Ritssluiting<\/td>\n<\/tr>\n<tr>\n<td class=\"left\">Besondere Merkmale<\/td>\n<td>Wasserdicht und winddicht<\/td>\n<\/tr>\n<tr>\n<td class=\"left\">Sportart<\/td>\n<td>Alpinski, Snowboard<\/td>\n<\/tr>\n<\/tbody>\n<\/table>","protected":false},"featured_media":82393,"comment_status":"open","ping_status":"closed","template":"","meta":{"_seopress_robots_primary_cat":"","_seopress_titles_title":"","_seopress_titles_desc":"","_seopress_robots_index":""},"product_brand":[],"product_cat":[1348,1349,1455],"product_tag":[],"class_list":{"0":"post-82274","1":"product","2":"type-product","3":"status-publish","4":"has-post-thumbnail","6":"product_cat-damen-mode","7":"product_cat-hosen-damen-mode","8":"product_cat-regen-skihosen","9":"product_shipping_class-standard-versand","11":"first","12":"instock","13":"taxable","14":"shipping-taxable","15":"purchasable","16":"product-type-simple"},"_links":{"self":[{"href":"https:\/\/www.soanam.de\/nl\/wp-json\/wp\/v2\/product\/82274","targetHints":{"allow":["GET"]}}],"collection":[{"href":"https:\/\/www.soanam.de\/nl\/wp-json\/wp\/v2\/product"}],"about":[{"href":"https:\/\/www.soanam.de\/nl\/wp-json\/wp\/v2\/types\/product"}],"replies":[{"embeddable":true,"href":"https:\/\/www.soanam.de\/nl\/wp-json\/wp\/v2\/comments?post=82274"}],"wp:featuredmedia":[{"embeddable":true,"href":"https:\/\/www.soanam.de\/nl\/wp-json\/wp\/v2\/media\/82393"}],"wp:attachment":[{"href":"https:\/\/www.soanam.de\/nl\/wp-json\/wp\/v2\/media?parent=82274"}],"wp:term":[{"taxonomy":"product_brand","embeddable":true,"href":"https:\/\/www.soanam.de\/nl\/wp-json\/wp\/v2\/product_brand?post=82274"},{"taxonomy":"product_cat","embeddable":true,"href":"https:\/\/www.soanam.de\/nl\/wp-json\/wp\/v2\/product_cat?post=82274"},{"taxonomy":"product_tag","embeddable":true,"href":"https:\/\/www.soanam.de\/nl\/wp-json\/wp\/v2\/product_tag?post=82274"}],"curies":[{"name":"wp","href":"https:\/\/api.w.org\/{rel}","templated":true}]}}