{"id":82255,"date":"2023-12-14T02:15:26","date_gmt":"2023-12-14T01:15:26","guid":{"rendered":"https:\/\/www.soanam.de\/?post_type=product&#038;p=82255"},"modified":"2023-12-14T02:23:15","modified_gmt":"2023-12-14T01:23:15","slug":"only-steppjacke-onltasha-in-bordeaux-groesse-xxl","status":"publish","type":"product","link":"https:\/\/www.soanam.de\/nl\/produkt\/only-steppjacke-onltasha-in-bordeaux-groesse-xxl\/","title":{"rendered":"Only gewatteerd jack ONLTASHA, in bordeaux, maat XXL"},"content":{"rendered":"<p>Steppjacke mit Kapuze von ONLY<br \/>\nFellbesatz an der Kapuze abnehmbar<br \/>\nMit 2 Rei\u00dfverschlusstaschen<br \/>\nWind- en waterafstotend<\/p>\n<p>Die Steppjacke kommt in ganz bequemen Schnitt mit gro\u00dfer Kapuze mit abnehmbaren Fellbesatz, Stehkragen und seitlichen Eingrifftaschen mit Rei\u00dfverschluss.<br \/>\nDie Steppjacke von Only ist zudem leicht und aus einer angenehm zu tragenden Qualit\u00e4t.<\/p>\n<p>Materiaal: 100% polyester<br \/>\nOnderhoudsinstructies: Machinewas<\/p>\n<p>Kleur: bordeaux<br \/>\nPatroon: zonder<br \/>\nGr\u00f6\u00dfe: XXL - f\u00e4llt etwas klein aus<\/p>\n<p>Schouderbreedte: 44cm<br \/>\nBorstbreedte: 120cm<br \/>\nMouwlengte: 66cm<br \/>\nTotale lengte: 67cm<\/p>","protected":false},"excerpt":{"rendered":"<table class=\"dv_characteristicsTable\">\n<tbody>\n<tr>\n<td class=\"left\">Maat<\/td>\n<td>XXL<\/td>\n<\/tr>\n<tr>\n<td class=\"left\">Gr\u00f6\u00dfentyp<\/td>\n<td>Normalgr\u00f6\u00dfen<\/td>\n<\/tr>\n<tr>\n<td class=\"left\">Materiaalsamenstelling<\/td>\n<td>Obermaterial: 100% Polyester<\/td>\n<\/tr>\n<tr>\n<td class=\"left\">Onderhoudsinstructies<\/td>\n<td>Machinewas<\/td>\n<\/tr>\n<tr>\n<td class=\"left\">Stil<\/td>\n<td>casual<\/td>\n<\/tr>\n<tr>\n<td class=\"left\">Kleur<\/td>\n<td>bordeaux<\/td>\n<\/tr>\n<tr>\n<td class=\"left\">Kragen<\/td>\n<td>Opstaande kraag<\/td>\n<\/tr>\n<tr>\n<td class=\"left\">\u00c4rmel<\/td>\n<td>Lange mouw<\/td>\n<\/tr>\n<tr>\n<td class=\"left\">Pas<\/td>\n<td>gerade<\/td>\n<\/tr>\n<tr>\n<td class=\"left\">Tassen<\/td>\n<td>Zakken<\/td>\n<\/tr>\n<tr>\n<td class=\"left\">Verschluss<\/td>\n<td>Ritssluiting<\/td>\n<\/tr>\n<\/tbody>\n<\/table>","protected":false},"featured_media":82385,"comment_status":"open","ping_status":"closed","template":"","meta":{"_seopress_robots_primary_cat":"","_seopress_titles_title":"","_seopress_titles_desc":"","_seopress_robots_index":""},"product_brand":[],"product_cat":[1348,1354,1375,1376],"product_tag":[],"class_list":{"0":"post-82255","1":"product","2":"type-product","3":"status-publish","4":"has-post-thumbnail","6":"product_cat-damen-mode","7":"product_cat-jacken-maentel","8":"product_cat-winterjacken","9":"product_cat-daunenjacken-steppjacken","10":"product_shipping_class-standard-versand","12":"first","13":"instock","14":"sale","15":"taxable","16":"shipping-taxable","17":"purchasable","18":"product-type-simple"},"_links":{"self":[{"href":"https:\/\/www.soanam.de\/nl\/wp-json\/wp\/v2\/product\/82255","targetHints":{"allow":["GET"]}}],"collection":[{"href":"https:\/\/www.soanam.de\/nl\/wp-json\/wp\/v2\/product"}],"about":[{"href":"https:\/\/www.soanam.de\/nl\/wp-json\/wp\/v2\/types\/product"}],"replies":[{"embeddable":true,"href":"https:\/\/www.soanam.de\/nl\/wp-json\/wp\/v2\/comments?post=82255"}],"wp:featuredmedia":[{"embeddable":true,"href":"https:\/\/www.soanam.de\/nl\/wp-json\/wp\/v2\/media\/82385"}],"wp:attachment":[{"href":"https:\/\/www.soanam.de\/nl\/wp-json\/wp\/v2\/media?parent=82255"}],"wp:term":[{"taxonomy":"product_brand","embeddable":true,"href":"https:\/\/www.soanam.de\/nl\/wp-json\/wp\/v2\/product_brand?post=82255"},{"taxonomy":"product_cat","embeddable":true,"href":"https:\/\/www.soanam.de\/nl\/wp-json\/wp\/v2\/product_cat?post=82255"},{"taxonomy":"product_tag","embeddable":true,"href":"https:\/\/www.soanam.de\/nl\/wp-json\/wp\/v2\/product_tag?post=82255"}],"curies":[{"name":"wp","href":"https:\/\/api.w.org\/{rel}","templated":true}]}}