{"id":82251,"date":"2023-12-14T02:15:24","date_gmt":"2023-12-14T01:15:24","guid":{"rendered":"https:\/\/www.soanam.de\/?post_type=product&#038;p=82251"},"modified":"2023-12-14T02:22:50","modified_gmt":"2023-12-14T01:22:50","slug":"calvin-klein-steppjacke-crinkle-nylon-long-length-jacket-in-blau-groesse-m","status":"publish","type":"product","link":"https:\/\/www.soanam.de\/nl\/produkt\/calvin-klein-steppjacke-crinkle-nylon-long-length-jacket-in-blau-groesse-m\/","title":{"rendered":"Calvin Klein Steppjacke CRINKLE NYLON LONG LENGTH JACKET, in Blau, Gr\u00f6\u00dfe M"},"content":{"rendered":"<p>Warm gef\u00fctterter Parka von Calvin Klein<br \/>\nMit abnehmbarer Kapuze, Kapuze mit Tunnelzug,<br \/>\nWind-und wasserabweisende Qualit\u00e4t<br \/>\nComfort-fit\/ bequeme Form<br \/>\nEingrifftaschen, Knopfleiste, unterlegter Rei\u00dfverschluss<br \/>\nMit Rei\u00dfverschluss verschlie\u00dfbare Taschen, Pattentaschen, innenliegende Tasche<br \/>\nMerklogo<\/p>\n<p>Mit der Herren-Steppjacke \u00bbCRINKLE NYLON LONG LENGTH\u00ab von Calvin Klein bist du warm und modisch zugleich.<br \/>\nDer Kragen steht nach oben und wird nicht umgeschlagen.<br \/>\nMit den Eingrifftaschen sind das Smartphone oder Kleingeld sicher verstaut.<br \/>\nDurch das Material ist die Jacke wasserabweisend, schnelltrocknend und strapazierf\u00e4hig.<br \/>\nDer leicht schimmernde Effekt vervollst\u00e4ndigt neben dem Markenlogo die sch\u00f6ne Optik.<\/p>\n<p>Material: Obermaterial: 100% Polyamid, F\u00fcllung: 100% Polyester<br \/>\nOnderhoudsinstructies: Machinewas<\/p>\n<p>Kleur: blauw<br \/>\nPatroon: zonder<br \/>\nMaat: M<\/p>\n<p>Schulterbreite: 46scm<br \/>\nBrustweite: 127cm<br \/>\nMouwlengte: 70cm<br \/>\nTotale lengte: 90cm<\/p>","protected":false},"excerpt":{"rendered":"<table class=\"dv_characteristicsTable\">\n<tbody>\n<tr>\n<td class=\"left\">Maat<\/td>\n<td>M<\/td>\n<\/tr>\n<tr>\n<td class=\"left\">Gr\u00f6\u00dfentyp<\/td>\n<td>Normalgr\u00f6\u00dfen<\/td>\n<\/tr>\n<tr>\n<td class=\"left\">Materiaalsamenstelling<\/td>\n<td>Obermaterial: 100% Polyamid<\/td>\n<\/tr>\n<tr>\n<td class=\"left\">Onderhoudsinstructies<\/td>\n<td>Schonw\u00e4sche<\/td>\n<\/tr>\n<tr>\n<td class=\"left\">Kleur<\/td>\n<td>black<\/td>\n<\/tr>\n<tr>\n<td class=\"left\">Kragen<\/td>\n<td>hoher Stehkragen<\/td>\n<\/tr>\n<tr>\n<td class=\"left\">\u00c4rmel<\/td>\n<td>Lange mouw<\/td>\n<\/tr>\n<tr>\n<td class=\"left\">Pas<\/td>\n<td>normal<\/td>\n<\/tr>\n<tr>\n<td class=\"left\">Kapuze<\/td>\n<td>mit Kapuze<\/td>\n<\/tr>\n<tr>\n<td class=\"left\">Tassen<\/td>\n<td>aufgesetzte Taschen, Eingrifftaschen, Innentaschen<\/td>\n<\/tr>\n<tr>\n<td class=\"left\">Verschluss<\/td>\n<td>Rei\u00dfverschluss, Druckkn\u00f6pfe<\/td>\n<\/tr>\n<\/tbody>\n<\/table>","protected":false},"featured_media":82364,"comment_status":"open","ping_status":"closed","template":"","meta":{"_seopress_robots_primary_cat":"","_seopress_titles_title":"","_seopress_titles_desc":"","_seopress_robots_index":""},"product_brand":[],"product_cat":[1345,1363,1377,1378],"product_tag":[],"class_list":{"0":"post-82251","1":"product","2":"type-product","3":"status-publish","4":"has-post-thumbnail","6":"product_cat-herrenmode","7":"product_cat-jacken-maentel-herrenmode","8":"product_cat-winterjacken-jacken-maentel-herrenmode","9":"product_cat-daunen-steppjacken","10":"product_shipping_class-standard-versand","12":"first","13":"instock","14":"sale","15":"taxable","16":"shipping-taxable","17":"purchasable","18":"product-type-simple"},"_links":{"self":[{"href":"https:\/\/www.soanam.de\/nl\/wp-json\/wp\/v2\/product\/82251","targetHints":{"allow":["GET"]}}],"collection":[{"href":"https:\/\/www.soanam.de\/nl\/wp-json\/wp\/v2\/product"}],"about":[{"href":"https:\/\/www.soanam.de\/nl\/wp-json\/wp\/v2\/types\/product"}],"replies":[{"embeddable":true,"href":"https:\/\/www.soanam.de\/nl\/wp-json\/wp\/v2\/comments?post=82251"}],"wp:featuredmedia":[{"embeddable":true,"href":"https:\/\/www.soanam.de\/nl\/wp-json\/wp\/v2\/media\/82364"}],"wp:attachment":[{"href":"https:\/\/www.soanam.de\/nl\/wp-json\/wp\/v2\/media?parent=82251"}],"wp:term":[{"taxonomy":"product_brand","embeddable":true,"href":"https:\/\/www.soanam.de\/nl\/wp-json\/wp\/v2\/product_brand?post=82251"},{"taxonomy":"product_cat","embeddable":true,"href":"https:\/\/www.soanam.de\/nl\/wp-json\/wp\/v2\/product_cat?post=82251"},{"taxonomy":"product_tag","embeddable":true,"href":"https:\/\/www.soanam.de\/nl\/wp-json\/wp\/v2\/product_tag?post=82251"}],"curies":[{"name":"wp","href":"https:\/\/api.w.org\/{rel}","templated":true}]}}