{"id":82233,"date":"2023-12-14T02:14:59","date_gmt":"2023-12-14T01:14:59","guid":{"rendered":"https:\/\/www.soanam.de\/?post_type=product&#038;p=82233"},"modified":"2023-12-14T02:22:45","modified_gmt":"2023-12-14T01:22:45","slug":"rhode-island-parka-mit-kapuze-in-schwarz-groesse-xxl","status":"publish","type":"product","link":"https:\/\/www.soanam.de\/nl\/produkt\/rhode-island-parka-mit-kapuze-in-schwarz-groesse-xxl\/","title":{"rendered":"Rhode Island parka met capuchon, in zwart, maat XXL"},"content":{"rendered":"<p>Stepp-Parka von Rhode Island<br \/>\nMit abnehmbarer Kapuze und abnehmbarem Fellimitatkragen<br \/>\nWind-und wasserabweisende Qualit\u00e4t<br \/>\nComfort-fit\/ bequeme Form<br \/>\nMit Rei\u00dfverschlusstaschen, gro\u00dfer Fronttaschen und seitlichem Eingriff<\/p>\n<p>Perfekt f\u00fcr die kalten Wintertage - der Parka von Rhode Island.<br \/>\nDas leicht schimmernde Obermaterial bekommt durch kleine Kontrastdetails an den Zippern und den kuscheligen Fellimitatkragen sowie l\u00e4ssiges Steppdesign eine edle Note.<br \/>\nIm bequemen Comfort-fit mit figurbetonendem Tailleng\u00fcrtel ist der Steppmantel \u00e4u\u00dferst schmeichelhaft.<br \/>\nDer Rei\u00dfverschluss wird durch die Druckknopfblende geschickt verdeckt, gekn\u00f6pfte Pattentaschen und Zipper-Brusttaschen runden das Design des Parkas von Rhode Island mit praktischen Attributen stilvoll ab.<\/p>\n<p>Materiaal: Bovenmateriaal: 100% polyester<br \/>\nOnderhoudsinstructies: Machinewas<\/p>\n<p>Kleur: zwart<br \/>\nPatroon: zonder<br \/>\nMaat: XXL<\/p>\n<p>Schouderbreedte: 55cm<br \/>\nBorstbreedte: 142cm<br \/>\nMouwlengte: 67cm<br \/>\nTotale lengte: 88cm<\/p>\n<p>&nbsp;<\/p>\n<p>Dit nieuwe artikel is een retourzending van een klant zonder label.<\/p>","protected":false},"excerpt":{"rendered":"<table class=\"dv_characteristicsTable\">\n<tbody>\n<tr>\n<td class=\"left\">Maat<\/td>\n<td>XXL<\/td>\n<\/tr>\n<tr>\n<td class=\"left\">Gr\u00f6\u00dfentyp<\/td>\n<td>Normalgr\u00f6\u00dfen<\/td>\n<\/tr>\n<tr>\n<td class=\"left\">Materiaalsamenstelling<\/td>\n<td>Obermaterial: 100% Polyester. Futter: 100% Polyester. Kapuzenfutter: 100% Polyester. Besatz: 100% Polyester. F\u00fcllung: 100% Polyester<\/td>\n<\/tr>\n<tr>\n<td class=\"left\">Materialart<\/td>\n<td>Web<\/td>\n<\/tr>\n<tr>\n<td class=\"left\">Onderhoudsinstructies<\/td>\n<td>Machinewas<\/td>\n<\/tr>\n<tr>\n<td class=\"left\">Optik<\/td>\n<td>unifarben<\/td>\n<\/tr>\n<tr>\n<td class=\"left\">Stil<\/td>\n<td>casual<\/td>\n<\/tr>\n<tr>\n<td class=\"left\">Kleur<\/td>\n<td>schwarz<\/td>\n<\/tr>\n<tr>\n<td class=\"left\">Kragen<\/td>\n<td>Fellimitatkragen<\/td>\n<\/tr>\n<tr>\n<td class=\"left\">Kragendetails<\/td>\n<td>abnehmbarer Besatz<\/td>\n<\/tr>\n<tr>\n<td class=\"left\">\u00c4rmel<\/td>\n<td>Lange mouw<\/td>\n<\/tr>\n<tr>\n<td class=\"left\">\u00c4rmelabschluss<\/td>\n<td>Rippb\u00fcndchen<\/td>\n<\/tr>\n<tr>\n<td class=\"left\">Rumpfabschluss<\/td>\n<td>gerader Abschluss<\/td>\n<\/tr>\n<tr>\n<td class=\"left\">Pas<\/td>\n<td>bequem<\/td>\n<\/tr>\n<tr>\n<td class=\"left\">Kapuze<\/td>\n<td>mit Kapuze<\/td>\n<\/tr>\n<tr>\n<td class=\"left\">Kapuzendetails<\/td>\n<td>abnehmbar, Kante mit Gummizug verstellbar<\/td>\n<\/tr>\n<tr>\n<td class=\"left\">Kapuzenf\u00fctterung<\/td>\n<td>gef\u00fcttert, kontrastfarben<\/td>\n<\/tr>\n<tr>\n<td class=\"left\">Applikationen<\/td>\n<td>Badge<\/td>\n<\/tr>\n<tr>\n<td class=\"left\">Tassen<\/td>\n<td>aufgesetzte Tasche, Eingrifftasche, Innentaschen, Rei\u00dfverschlusstaschen<\/td>\n<\/tr>\n<tr>\n<td class=\"left\">Verschluss<\/td>\n<td>2-Wege-Rei\u00dfverschluss, Knopfverschluss<\/td>\n<\/tr>\n<tr>\n<td class=\"left\">Verschlussdetails<\/td>\n<td>durchgehend<\/td>\n<\/tr>\n<tr>\n<td class=\"left\">Zus\u00e4tzlicher Verschluss<\/td>\n<td>Druckknopfverschluss<\/td>\n<\/tr>\n<\/tbody>\n<\/table>","protected":false},"featured_media":82360,"comment_status":"open","ping_status":"closed","template":"","meta":{"_seopress_robots_primary_cat":"","_seopress_titles_title":"","_seopress_titles_desc":"","_seopress_robots_index":""},"product_brand":[],"product_cat":[1345,1363,1377,1389],"product_tag":[],"class_list":{"0":"post-82233","1":"product","2":"type-product","3":"status-publish","4":"has-post-thumbnail","6":"product_cat-herrenmode","7":"product_cat-jacken-maentel-herrenmode","8":"product_cat-winterjacken-jacken-maentel-herrenmode","9":"product_cat-parkas","10":"product_shipping_class-standard-versand","12":"first","13":"instock","14":"taxable","15":"shipping-taxable","16":"purchasable","17":"product-type-simple"},"_links":{"self":[{"href":"https:\/\/www.soanam.de\/nl\/wp-json\/wp\/v2\/product\/82233","targetHints":{"allow":["GET"]}}],"collection":[{"href":"https:\/\/www.soanam.de\/nl\/wp-json\/wp\/v2\/product"}],"about":[{"href":"https:\/\/www.soanam.de\/nl\/wp-json\/wp\/v2\/types\/product"}],"replies":[{"embeddable":true,"href":"https:\/\/www.soanam.de\/nl\/wp-json\/wp\/v2\/comments?post=82233"}],"wp:featuredmedia":[{"embeddable":true,"href":"https:\/\/www.soanam.de\/nl\/wp-json\/wp\/v2\/media\/82360"}],"wp:attachment":[{"href":"https:\/\/www.soanam.de\/nl\/wp-json\/wp\/v2\/media?parent=82233"}],"wp:term":[{"taxonomy":"product_brand","embeddable":true,"href":"https:\/\/www.soanam.de\/nl\/wp-json\/wp\/v2\/product_brand?post=82233"},{"taxonomy":"product_cat","embeddable":true,"href":"https:\/\/www.soanam.de\/nl\/wp-json\/wp\/v2\/product_cat?post=82233"},{"taxonomy":"product_tag","embeddable":true,"href":"https:\/\/www.soanam.de\/nl\/wp-json\/wp\/v2\/product_tag?post=82233"}],"curies":[{"name":"wp","href":"https:\/\/api.w.org\/{rel}","templated":true}]}}