{"id":82213,"date":"2023-12-14T02:14:33","date_gmt":"2023-12-14T01:14:33","guid":{"rendered":"https:\/\/www.soanam.de\/?post_type=product&#038;p=82213"},"modified":"2023-12-14T02:22:15","modified_gmt":"2023-12-14T01:22:15","slug":"kangaroos-outdoorjacke-steppjacke-in-rosa-groesse-38","status":"publish","type":"product","link":"https:\/\/www.soanam.de\/nl\/produkt\/kangaroos-outdoorjacke-steppjacke-in-rosa-groesse-38\/","title":{"rendered":"KangaROOS Outdoorjacke, Steppjacke, in Rosa, Gr\u00f6\u00dfe 38"},"content":{"rendered":"<p>Steppjacke mit Kapuze von KangaROOS<br \/>\nMit abnehmbarem Fellimitat-Kragen an der Kapuze<br \/>\nFigurbetont Form<br \/>\nPraktische Eingrifftaschen mit Rei\u00dfverschluss<br \/>\nRei\u00dfverschlusstasche und Handytasche auf den \u00c4rmeln<br \/>\nMerklogo<\/p>\n<p>Der Badge der KangaROOS Steppjacke wirkt l\u00e4ssig.<br \/>\nDie langen \u00c4rmel enden in einem extra langen B\u00fcndchen und geben dir die M\u00f6glichkeit, mit der \u00c4rmell\u00e4nge zu spielen, indem du sie normal oder hoch geschoben tr\u00e4gst.<br \/>\nDie Outdoorjacke ist h\u00fcftbedeckend und figurbetont geschnitten, wodurch dein K\u00f6rper hervorgehoben wird.<br \/>\nDie Kapuze hat ein Fellimitat, das sich auch entfernen l\u00e4sst.<br \/>\nMit den Rei\u00dfverschlusstaschen hast du Platz, um Wertgegenst\u00e4nde sicher zu verstauen.<\/p>\n<p>Material: Obermaterial: 100% Polyamid, Futter: 100% Polyester<br \/>\nOnderhoudsinstructies: Machinewas<\/p>\n<p>Kleur: roze<br \/>\nPatroon: zonder<br \/>\nMaat: 38<\/p>\n<p>Schouderbreedte: 43cm<br \/>\nBreedte borst: 110cm<br \/>\nMouwlengte: 71cm<br \/>\nTotale lengte: 68cm<\/p>","protected":false},"excerpt":{"rendered":"<table class=\"dv_characteristicsTable\">\n<tbody>\n<tr>\n<td class=\"left\">Maat<\/td>\n<td>38<\/td>\n<\/tr>\n<tr>\n<td class=\"left\">Gr\u00f6\u00dfentyp<\/td>\n<td>Normalgr\u00f6\u00dfen<\/td>\n<\/tr>\n<tr>\n<td class=\"left\">Materiaalsamenstelling<\/td>\n<td>Obermaterial: 100% Polyamid<\/td>\n<\/tr>\n<tr>\n<td class=\"left\">Materialeigenschaften<\/td>\n<td>winddicht, wasserabweisend<\/td>\n<\/tr>\n<tr>\n<td class=\"left\">Onderhoudsinstructies<\/td>\n<td>Machinewas<\/td>\n<\/tr>\n<tr>\n<td class=\"left\">Stil<\/td>\n<td>sportlich<\/td>\n<\/tr>\n<tr>\n<td class=\"left\">Kleur<\/td>\n<td>rosa<\/td>\n<\/tr>\n<tr>\n<td class=\"left\">Kragen<\/td>\n<td>hochschlie\u00dfender Kragen<\/td>\n<\/tr>\n<tr>\n<td class=\"left\">Ausschnitt<\/td>\n<td>hoch geschlossener Ausschnitt<\/td>\n<\/tr>\n<tr>\n<td class=\"left\">\u00c4rmel<\/td>\n<td>Lange mouw<\/td>\n<\/tr>\n<tr>\n<td class=\"left\">\u00c4rmelabschlussdetails<\/td>\n<td>extra lange B\u00fcndchen<\/td>\n<\/tr>\n<tr>\n<td class=\"left\">Kapuze<\/td>\n<td>mit Kapuze<\/td>\n<\/tr>\n<tr>\n<td class=\"left\">Kapuzendetails<\/td>\n<td>verstellbar<\/td>\n<\/tr>\n<tr>\n<td class=\"left\">Tassen<\/td>\n<td>Rei\u00dfverschlusstaschen<\/td>\n<\/tr>\n<tr>\n<td class=\"left\">Verschluss<\/td>\n<td>Ritssluiting<\/td>\n<\/tr>\n<tr>\n<td class=\"left\">Verschlussdetails<\/td>\n<td>mit Kinnschutz<\/td>\n<\/tr>\n<\/tbody>\n<\/table>","protected":false},"featured_media":82339,"comment_status":"open","ping_status":"closed","template":"","meta":{"_seopress_robots_primary_cat":"","_seopress_titles_title":"","_seopress_titles_desc":"","_seopress_robots_index":""},"product_brand":[],"product_cat":[1348,1354,1375,1376],"product_tag":[],"class_list":{"0":"post-82213","1":"product","2":"type-product","3":"status-publish","4":"has-post-thumbnail","6":"product_cat-damen-mode","7":"product_cat-jacken-maentel","8":"product_cat-winterjacken","9":"product_cat-daunenjacken-steppjacken","10":"product_shipping_class-standard-versand","12":"first","13":"instock","14":"taxable","15":"shipping-taxable","16":"purchasable","17":"product-type-simple"},"_links":{"self":[{"href":"https:\/\/www.soanam.de\/nl\/wp-json\/wp\/v2\/product\/82213","targetHints":{"allow":["GET"]}}],"collection":[{"href":"https:\/\/www.soanam.de\/nl\/wp-json\/wp\/v2\/product"}],"about":[{"href":"https:\/\/www.soanam.de\/nl\/wp-json\/wp\/v2\/types\/product"}],"replies":[{"embeddable":true,"href":"https:\/\/www.soanam.de\/nl\/wp-json\/wp\/v2\/comments?post=82213"}],"wp:featuredmedia":[{"embeddable":true,"href":"https:\/\/www.soanam.de\/nl\/wp-json\/wp\/v2\/media\/82339"}],"wp:attachment":[{"href":"https:\/\/www.soanam.de\/nl\/wp-json\/wp\/v2\/media?parent=82213"}],"wp:term":[{"taxonomy":"product_brand","embeddable":true,"href":"https:\/\/www.soanam.de\/nl\/wp-json\/wp\/v2\/product_brand?post=82213"},{"taxonomy":"product_cat","embeddable":true,"href":"https:\/\/www.soanam.de\/nl\/wp-json\/wp\/v2\/product_cat?post=82213"},{"taxonomy":"product_tag","embeddable":true,"href":"https:\/\/www.soanam.de\/nl\/wp-json\/wp\/v2\/product_tag?post=82213"}],"curies":[{"name":"wp","href":"https:\/\/api.w.org\/{rel}","templated":true}]}}