{"id":82210,"date":"2023-12-14T02:14:31","date_gmt":"2023-12-14T01:14:31","guid":{"rendered":"https:\/\/www.soanam.de\/?post_type=product&#038;p=82210"},"modified":"2023-12-14T02:21:54","modified_gmt":"2023-12-14T01:21:54","slug":"outdoorjacke-janara-von-g-i-g-a-dx-by-killtec-in-schwarz-groesse-48","status":"publish","type":"product","link":"https:\/\/www.soanam.de\/nl\/produkt\/outdoorjacke-janara-von-g-i-g-a-dx-by-killtec-in-schwarz-groesse-48\/","title":{"rendered":"Janara outdoorjas van G.I.G.A. DX by killtec, in zwart, maat 48"},"content":{"rendered":"<p>Outdoorjacke von G.I.G.A. DX by killtec f\u00fcr Damen<br \/>\nUnifarben mit Kapuze<br \/>\nHochabschlie\u00dfend<br \/>\nBorstzak<br \/>\nRV mit Windschutzleiste<br \/>\nVerdeckter Rei\u00dfverschluss<br \/>\nZweiwege-Rei\u00dfverschluss<\/p>\n<p>Mit dem 2-Wege-Rei\u00dfverschluss ist die Outdoorjacke von killtec sehr praktisch beim Fahrradfahren.<br \/>\nDie Kapuze kannst du mit einer Kordel in der Weite verstellen. Der Kragen liegt nah am Hals und steht nach oben. Mit den gro\u00dfen Taschen k\u00f6nnen wichtige Dinge wie Geldbeutel und Handy sicher verstaut werden.<br \/>\nDurch das Material ist die Jacke formbest\u00e4ndig und knittert kaum. Die Jacke ist perfekt f\u00fcr den Herrbst, um die vor Wind und Wetter zu sch\u00fctzen.<\/p>\n<p>Material: 87% Polyester, 13% Polyamid<br \/>\nOnderhoudsinstructies: Machinewas<\/p>\n<p>Kleur: zwart<br \/>\nPatroon: zonder<br \/>\nGrootte: 48<\/p>\n<p>Schouderbreedte: 49cm<br \/>\nBorstbreedte: 132cm<br \/>\nMouwlengte: 68cm<br \/>\nTotale lengte: 84cm<\/p>","protected":false},"excerpt":{"rendered":"<table class=\"dv_characteristicsTable\">\n<tbody>\n<tr>\n<td class=\"left\">Maat<\/td>\n<td>48<\/td>\n<\/tr>\n<tr>\n<td class=\"left\">Gr\u00f6\u00dfentyp<\/td>\n<td>Normalgr\u00f6\u00dfen<\/td>\n<\/tr>\n<tr>\n<td class=\"left\">Materiaalsamenstelling<\/td>\n<td>Obermaterial: 87% Polyester, 13% Polyamid<\/td>\n<\/tr>\n<tr>\n<td class=\"left\">Materialeigenschaften<\/td>\n<td>winddicht, wasserabweisend<\/td>\n<\/tr>\n<tr>\n<td class=\"left\">Onderhoudsinstructies<\/td>\n<td>Machinewas<\/td>\n<\/tr>\n<tr>\n<td class=\"left\">Stil<\/td>\n<td>sportlich<\/td>\n<\/tr>\n<tr>\n<td class=\"left\">Kleur<\/td>\n<td>schwarz<\/td>\n<\/tr>\n<tr>\n<td class=\"left\">Kragen<\/td>\n<td>hochschlie\u00dfender Kragen<\/td>\n<\/tr>\n<tr>\n<td class=\"left\">Ausschnitt<\/td>\n<td>hoch geschlossener Ausschnitt<\/td>\n<\/tr>\n<tr>\n<td class=\"left\">\u00c4rmel<\/td>\n<td>Lange mouw<\/td>\n<\/tr>\n<tr>\n<td class=\"left\">\u00c4rmelabschlussdetails<\/td>\n<td>mit verstellbarem Druckknopf<\/td>\n<\/tr>\n<tr>\n<td class=\"left\">Kapuze<\/td>\n<td>mit Kapuze<\/td>\n<\/tr>\n<tr>\n<td class=\"left\">Kapuzendetails<\/td>\n<td>verstellbar<\/td>\n<\/tr>\n<tr>\n<td class=\"left\">Tassen<\/td>\n<td>Rei\u00dfverschlusstaschen<\/td>\n<\/tr>\n<tr>\n<td class=\"left\">Verschluss<\/td>\n<td>2-Wege-Rei\u00dfverschluss<\/td>\n<\/tr>\n<tr>\n<td class=\"left\">Verschlussdetails<\/td>\n<td>mit Kinnschutz<\/td>\n<\/tr>\n<\/tbody>\n<\/table>","protected":false},"featured_media":82324,"comment_status":"open","ping_status":"closed","template":"","meta":{"_seopress_robots_primary_cat":"","_seopress_titles_title":"","_seopress_titles_desc":"","_seopress_robots_index":""},"product_brand":[],"product_cat":[1348,1354,1375,1556],"product_tag":[],"class_list":{"0":"post-82210","1":"product","2":"type-product","3":"status-publish","4":"has-post-thumbnail","6":"product_cat-damen-mode","7":"product_cat-jacken-maentel","8":"product_cat-winterjacken","9":"product_cat-funktionsjacken-winterjacken","10":"product_shipping_class-standard-versand","12":"first","13":"instock","14":"taxable","15":"shipping-taxable","16":"purchasable","17":"product-type-simple"},"_links":{"self":[{"href":"https:\/\/www.soanam.de\/nl\/wp-json\/wp\/v2\/product\/82210","targetHints":{"allow":["GET"]}}],"collection":[{"href":"https:\/\/www.soanam.de\/nl\/wp-json\/wp\/v2\/product"}],"about":[{"href":"https:\/\/www.soanam.de\/nl\/wp-json\/wp\/v2\/types\/product"}],"replies":[{"embeddable":true,"href":"https:\/\/www.soanam.de\/nl\/wp-json\/wp\/v2\/comments?post=82210"}],"wp:featuredmedia":[{"embeddable":true,"href":"https:\/\/www.soanam.de\/nl\/wp-json\/wp\/v2\/media\/82324"}],"wp:attachment":[{"href":"https:\/\/www.soanam.de\/nl\/wp-json\/wp\/v2\/media?parent=82210"}],"wp:term":[{"taxonomy":"product_brand","embeddable":true,"href":"https:\/\/www.soanam.de\/nl\/wp-json\/wp\/v2\/product_brand?post=82210"},{"taxonomy":"product_cat","embeddable":true,"href":"https:\/\/www.soanam.de\/nl\/wp-json\/wp\/v2\/product_cat?post=82210"},{"taxonomy":"product_tag","embeddable":true,"href":"https:\/\/www.soanam.de\/nl\/wp-json\/wp\/v2\/product_tag?post=82210"}],"curies":[{"name":"wp","href":"https:\/\/api.w.org\/{rel}","templated":true}]}}