{"id":82045,"date":"2023-12-14T02:11:04","date_gmt":"2023-12-14T01:11:04","guid":{"rendered":"https:\/\/www.soanam.de\/?post_type=product&#038;p=82045"},"modified":"2023-12-14T02:13:28","modified_gmt":"2023-12-14T01:13:28","slug":"jack-jones-winterjacke-jordarren-puffer-jacket-in-forest-night-groesse-176","status":"publish","type":"product","link":"https:\/\/www.soanam.de\/nl\/produkt\/jack-jones-winterjacke-jordarren-puffer-jacket-in-forest-night-groesse-176\/","title":{"rendered":"JACK &amp; JONES winterjas JORDARREN PUFFER JACKET, in Forest Night, maat 176"},"content":{"rendered":"<p>Puffer Jacket von Jack &amp; Jones<br \/>\nOhne Kapuze<br \/>\nRei\u00dfverschluss und Druckkn\u00f6pfe vorne<br \/>\nPattentaschen, Brusttasche und Seitentaschen<br \/>\nWasserabweisend und Windgesch\u00fctzt<\/p>\n<p>Wattierte, trageangenehme Puffer Jacket von Jack &amp; Jones mit Stehkragen, Pattentaschen, Brusttasche und Seitentaschen.<br \/>\nVorn ist die Jacke durch einen Rei\u00dfverschluss mit breiter Blende zu schlie\u00dfen.<br \/>\nElastische \u00c4rmelenden und ein Markenlogo auf dem \u00c4rmel vervollst\u00e4ndigen die Optik..<\/p>\n<p>Materiaal: 100 % polyester<br \/>\nOnderhoudsinstructies: Machinewas<\/p>\n<p>Kleur: groen<br \/>\nPatroon: zonder<br \/>\nGr\u00f6\u00dfe:164<\/p>\n<p>Schouderbreedte: 42cm<br \/>\nBorstbreedte: 105cm<br \/>\nMouwlengte: 66cm<br \/>\nTotale lengte: 73cm<\/p>\n<p>&nbsp;<\/p>\n<p>Es handelt sich bei diesem neuen Artikel um einen Kundenr\u00fcckl\u00e4ufer mit Etikett aber leider ohne Kapuze.<\/p>","protected":false},"excerpt":{"rendered":"<table class=\"dv_characteristicsTable\">\n<tbody>\n<tr>\n<td class=\"left\">Maat<\/td>\n<td>176<\/td>\n<\/tr>\n<tr>\n<td class=\"left\">Gr\u00f6\u00dfentyp<\/td>\n<td>Normalgr\u00f6\u00dfen<\/td>\n<\/tr>\n<tr>\n<td class=\"left\">Materiaalsamenstelling<\/td>\n<td>100% Polyester<\/td>\n<\/tr>\n<tr>\n<td class=\"left\">Materialart Innenfutter<\/td>\n<td>Polyester<\/td>\n<\/tr>\n<tr>\n<td class=\"left\">Materialeigenschaften<\/td>\n<td>nicht elastisch<\/td>\n<\/tr>\n<tr>\n<td class=\"left\">Onderhoudsinstructies<\/td>\n<td>Machinewas<\/td>\n<\/tr>\n<tr>\n<td class=\"left\">Optik<\/td>\n<td>unifarben<\/td>\n<\/tr>\n<tr>\n<td class=\"left\">Stil<\/td>\n<td>modisch<\/td>\n<\/tr>\n<tr>\n<td class=\"left\">Kleur<\/td>\n<td>forest night<\/td>\n<\/tr>\n<tr>\n<td class=\"left\">\u00c4rmel<\/td>\n<td>Lange mouw<\/td>\n<\/tr>\n<tr>\n<td class=\"left\">\u00c4rmelabschluss<\/td>\n<td>mit Gummizug<\/td>\n<\/tr>\n<tr>\n<td class=\"left\">Pas<\/td>\n<td>locker<\/td>\n<\/tr>\n<tr>\n<td class=\"left\">Herstellerpassform<\/td>\n<td>regular fit<\/td>\n<\/tr>\n<tr>\n<td class=\"left\">Tassen<\/td>\n<td>Pattentaschen, Brusttasche, Seitentaschen<\/td>\n<\/tr>\n<tr>\n<td class=\"left\">Verschluss<\/td>\n<td>Rei\u00dfverschluss und Druckkn\u00f6pfe<\/td>\n<\/tr>\n<tr>\n<td class=\"left\"><\/td>\n<td><\/td>\n<\/tr>\n<tr>\n<td class=\"left\"><\/td>\n<td><\/td>\n<\/tr>\n<\/tbody>\n<\/table>","protected":false},"featured_media":82160,"comment_status":"open","ping_status":"closed","template":"","meta":{"_seopress_robots_primary_cat":"","_seopress_titles_title":"","_seopress_titles_desc":"","_seopress_robots_index":""},"product_brand":[],"product_cat":[1351,1390,1391,1646],"product_tag":[],"class_list":{"0":"post-82045","1":"product","2":"type-product","3":"status-publish","4":"has-post-thumbnail","6":"product_cat-kindermode","7":"product_cat-jacken-maentel-kindermode","8":"product_cat-winterjacken-jacken-maentel-kindermode","9":"product_cat-pufferjacken-winterjacken-jacken-maentel-kindermode","10":"product_shipping_class-standard-versand","12":"first","13":"instock","14":"sale","15":"taxable","16":"shipping-taxable","17":"purchasable","18":"product-type-simple"},"_links":{"self":[{"href":"https:\/\/www.soanam.de\/nl\/wp-json\/wp\/v2\/product\/82045","targetHints":{"allow":["GET"]}}],"collection":[{"href":"https:\/\/www.soanam.de\/nl\/wp-json\/wp\/v2\/product"}],"about":[{"href":"https:\/\/www.soanam.de\/nl\/wp-json\/wp\/v2\/types\/product"}],"replies":[{"embeddable":true,"href":"https:\/\/www.soanam.de\/nl\/wp-json\/wp\/v2\/comments?post=82045"}],"wp:featuredmedia":[{"embeddable":true,"href":"https:\/\/www.soanam.de\/nl\/wp-json\/wp\/v2\/media\/82160"}],"wp:attachment":[{"href":"https:\/\/www.soanam.de\/nl\/wp-json\/wp\/v2\/media?parent=82045"}],"wp:term":[{"taxonomy":"product_brand","embeddable":true,"href":"https:\/\/www.soanam.de\/nl\/wp-json\/wp\/v2\/product_brand?post=82045"},{"taxonomy":"product_cat","embeddable":true,"href":"https:\/\/www.soanam.de\/nl\/wp-json\/wp\/v2\/product_cat?post=82045"},{"taxonomy":"product_tag","embeddable":true,"href":"https:\/\/www.soanam.de\/nl\/wp-json\/wp\/v2\/product_tag?post=82045"}],"curies":[{"name":"wp","href":"https:\/\/api.w.org\/{rel}","templated":true}]}}