{"id":82042,"date":"2023-12-14T02:11:02","date_gmt":"2023-12-14T01:11:02","guid":{"rendered":"https:\/\/www.soanam.de\/?post_type=product&#038;p=82042"},"modified":"2023-12-14T02:13:06","modified_gmt":"2023-12-14T01:13:06","slug":"benetton-leichte-wattierte-jacke-mit-kapuze-in-dunkelblau-groesse-46","status":"publish","type":"product","link":"https:\/\/www.soanam.de\/nl\/produkt\/benetton-leichte-wattierte-jacke-mit-kapuze-in-dunkelblau-groesse-46\/","title":{"rendered":"Benetton, Leichte wattierte Jacke Mit Kapuze, in Dunkelblau, Gr\u00f6\u00dfe 46"},"content":{"rendered":"<p>Lange Steppjacke mit Kapuze von Benetton<br \/>\nInnenseite in leuchtendem Rot<br \/>\n\u00c4rmell\u00e4nge: Lang\u00e4rmlig<br \/>\nAusschnitt: Stehkragen<br \/>\nTaschen: seitlich<br \/>\nEigenschaften: leichte \u00dcbergangsjacke<\/p>\n<p>Lange Jacke mit leichter Wattierung. Umh\u00fcllende Kapuze mit kinnhoher \u00d6ffnung mit Rei\u00dfverschluss zum Schutz vor Wind. Praktische schr\u00e4ge Taschen vorne. Raffbare \u00c4rmelb\u00fcndchen mit elastischem Tunnelzug, der am \u00c4rmelauslass f\u00fcr einen h\u00fcbschen, ausgestellten Effekt sorgt. Sportlich und gleichzeitig feminin. Perfekt f\u00fcr die \u00dcbergangszeit.<\/p>\n<p>Material: 88 % Polyester, 12% Elasthan<br \/>\nOnderhoudsinstructies: Machinewas<\/p>\n<p>Kleur: donkerblauw<br \/>\nPatroon: zonder<br \/>\nGr\u00f6\u00dfe:46<\/p>\n<p>Schouderbreedte: 46cm<br \/>\nBorstbreedte: 120cm<br \/>\nMouwlengte: 63cm<br \/>\nTotale lengte: 83cm<\/p>","protected":false},"excerpt":{"rendered":"<table class=\"dv_characteristicsTable\">\n<tbody>\n<tr>\n<td class=\"left\">Maat<\/td>\n<td>46<\/td>\n<\/tr>\n<tr>\n<td class=\"left\">Gr\u00f6\u00dfentyp<\/td>\n<td>Normalgr\u00f6\u00dfen<\/td>\n<\/tr>\n<tr>\n<td class=\"left\">Materiaalsamenstelling<\/td>\n<td>88% Polyester, 12% Elasthan<\/td>\n<\/tr>\n<tr>\n<td class=\"left\">Materialeigenschaften<\/td>\n<td>wasserabweisend<\/td>\n<\/tr>\n<tr>\n<td class=\"left\">Onderhoudsinstructies<\/td>\n<td>Machinewas<\/td>\n<\/tr>\n<tr>\n<td class=\"left\">Stil<\/td>\n<td>sportlich<\/td>\n<\/tr>\n<tr>\n<td class=\"left\">Kleur<\/td>\n<td>Donkerblauw<\/td>\n<\/tr>\n<tr>\n<td class=\"left\">Pas<\/td>\n<td>schlank<\/td>\n<\/tr>\n<tr>\n<td class=\"left\">Herstellerpassform<\/td>\n<td>SLIM<\/td>\n<\/tr>\n<tr>\n<td class=\"left\">Schnittform L\u00e4nge<\/td>\n<td>lang<\/td>\n<\/tr>\n<tr>\n<td class=\"left\">Kapuze<\/td>\n<td>mit Kapuze<\/td>\n<\/tr>\n<\/tbody>\n<\/table>","protected":false},"featured_media":82146,"comment_status":"open","ping_status":"closed","template":"","meta":{"_seopress_robots_primary_cat":"","_seopress_titles_title":"","_seopress_titles_desc":"","_seopress_robots_index":""},"product_brand":[],"product_cat":[1348,1354,1375,1376],"product_tag":[],"class_list":{"0":"post-82042","1":"product","2":"type-product","3":"status-publish","4":"has-post-thumbnail","6":"product_cat-damen-mode","7":"product_cat-jacken-maentel","8":"product_cat-winterjacken","9":"product_cat-daunenjacken-steppjacken","10":"product_shipping_class-standard-versand","12":"first","13":"instock","14":"sale","15":"taxable","16":"shipping-taxable","17":"purchasable","18":"product-type-simple"},"_links":{"self":[{"href":"https:\/\/www.soanam.de\/nl\/wp-json\/wp\/v2\/product\/82042","targetHints":{"allow":["GET"]}}],"collection":[{"href":"https:\/\/www.soanam.de\/nl\/wp-json\/wp\/v2\/product"}],"about":[{"href":"https:\/\/www.soanam.de\/nl\/wp-json\/wp\/v2\/types\/product"}],"replies":[{"embeddable":true,"href":"https:\/\/www.soanam.de\/nl\/wp-json\/wp\/v2\/comments?post=82042"}],"wp:featuredmedia":[{"embeddable":true,"href":"https:\/\/www.soanam.de\/nl\/wp-json\/wp\/v2\/media\/82146"}],"wp:attachment":[{"href":"https:\/\/www.soanam.de\/nl\/wp-json\/wp\/v2\/media?parent=82042"}],"wp:term":[{"taxonomy":"product_brand","embeddable":true,"href":"https:\/\/www.soanam.de\/nl\/wp-json\/wp\/v2\/product_brand?post=82042"},{"taxonomy":"product_cat","embeddable":true,"href":"https:\/\/www.soanam.de\/nl\/wp-json\/wp\/v2\/product_cat?post=82042"},{"taxonomy":"product_tag","embeddable":true,"href":"https:\/\/www.soanam.de\/nl\/wp-json\/wp\/v2\/product_tag?post=82042"}],"curies":[{"name":"wp","href":"https:\/\/api.w.org\/{rel}","templated":true}]}}