{"id":82020,"date":"2023-12-14T02:10:35","date_gmt":"2023-12-14T01:10:35","guid":{"rendered":"https:\/\/www.soanam.de\/?post_type=product&#038;p=82020"},"modified":"2023-12-14T02:12:52","modified_gmt":"2023-12-14T01:12:52","slug":"adidas-performance-outdoorjacke-essentials-daunenjacke-in-schwarz-groesse-m","status":"publish","type":"product","link":"https:\/\/www.soanam.de\/nl\/produkt\/adidas-performance-outdoorjacke-essentials-daunenjacke-in-schwarz-groesse-m\/","title":{"rendered":"adidas Performance outdoorjas ESSENTIALS DAUNENJACKET, in zwart, maat M"},"content":{"rendered":"<p>Eine Daunenjacke im Streetstyle-Look f\u00fcr kalte Wintertage.<br \/>\nFutter: 80 % Entendaunen \/ 20 % Kunstdaunen; Hauptmaterial: 100 % recycelter Polyester (einfach gewebt)<br \/>\nPFC-freie, strapazierf\u00e4hige, wasserabweisende DWR-Beschichtung<br \/>\nAngenehm leicht und warm<br \/>\nSchmal geschnitten<\/p>\n<p>Die leichte Daunenf\u00fcllung dieser adidas Essentials Daunenjacke sorgt f\u00fcr warmen Tragekomfort.<br \/>\nDie Daunenkammern halten dich angenehm warm, w\u00e4hrend die klassischen 3-Streifen f\u00fcr l\u00e4ssigen Streetstyle sorgen.<br \/>\nUnd es kommt noch besser: Im Kampf f\u00fcr den Umweltschutz wurde das Design mit recycelten Materialien hergestellt.<\/p>\n<p>Material: Obermaterial: 100% Polyester. Futter: 100% Polyester. Wattierung: 100% Polyester. F\u00fcllung: 80% Daunen, 20% Federn<br \/>\nOnderhoudsinstructies: Machinewas<\/p>\n<p>Kleur: zwart<br \/>\nMuster: 3 Streifen<br \/>\nMaat: M<\/p>\n<p>Schouderbreedte: 47cm<br \/>\nBorstbreedte: 101cm<br \/>\nMouwlengte: 64cm<br \/>\nTotale lengte: 66cm<\/p>","protected":false},"excerpt":{"rendered":"<table class=\"dv_characteristicsTable\">\n<tbody>\n<tr>\n<td class=\"left\">Maat<\/td>\n<td>M (36\/38)<\/td>\n<\/tr>\n<tr>\n<td class=\"left\">Gr\u00f6\u00dfentyp<\/td>\n<td>Normalgr\u00f6\u00dfen<\/td>\n<\/tr>\n<tr>\n<td class=\"left\">Materiaalsamenstelling<\/td>\n<td>Obermaterial: 100% Polyester. Futter: 100% Polyester. Wattierung: 100% Polyester. F\u00fcllung: 80% Daunen, 20% Federn<\/td>\n<\/tr>\n<tr>\n<td class=\"left\">Materialeigenschaften<\/td>\n<td>wasserabweisend<\/td>\n<\/tr>\n<tr>\n<td class=\"left\">Onderhoudsinstructies<\/td>\n<td>Machinewas<\/td>\n<\/tr>\n<tr>\n<td class=\"left\">Stil<\/td>\n<td>sportlich<\/td>\n<\/tr>\n<tr>\n<td class=\"left\">Kleur<\/td>\n<td>BLACK<\/td>\n<\/tr>\n<tr>\n<td class=\"left\">Pas<\/td>\n<td>eng<\/td>\n<\/tr>\n<tr>\n<td class=\"left\">Herstellerpassform<\/td>\n<td>SLIM<\/td>\n<\/tr>\n<tr>\n<td class=\"left\">Schnittform L\u00e4nge<\/td>\n<td>h\u00fcftlang<\/td>\n<\/tr>\n<tr>\n<td class=\"left\">Kapuze<\/td>\n<td>ohne Kapuze<\/td>\n<\/tr>\n<\/tbody>\n<\/table>","protected":false},"featured_media":82132,"comment_status":"open","ping_status":"closed","template":"","meta":{"_seopress_robots_primary_cat":"","_seopress_titles_title":"","_seopress_titles_desc":"","_seopress_robots_index":""},"product_brand":[],"product_cat":[1348,1354,1375,1376],"product_tag":[],"class_list":{"0":"post-82020","1":"product","2":"type-product","3":"status-publish","4":"has-post-thumbnail","6":"product_cat-damen-mode","7":"product_cat-jacken-maentel","8":"product_cat-winterjacken","9":"product_cat-daunenjacken-steppjacken","10":"product_shipping_class-standard-versand","12":"first","13":"instock","14":"taxable","15":"shipping-taxable","16":"purchasable","17":"product-type-simple"},"_links":{"self":[{"href":"https:\/\/www.soanam.de\/nl\/wp-json\/wp\/v2\/product\/82020","targetHints":{"allow":["GET"]}}],"collection":[{"href":"https:\/\/www.soanam.de\/nl\/wp-json\/wp\/v2\/product"}],"about":[{"href":"https:\/\/www.soanam.de\/nl\/wp-json\/wp\/v2\/types\/product"}],"replies":[{"embeddable":true,"href":"https:\/\/www.soanam.de\/nl\/wp-json\/wp\/v2\/comments?post=82020"}],"wp:featuredmedia":[{"embeddable":true,"href":"https:\/\/www.soanam.de\/nl\/wp-json\/wp\/v2\/media\/82132"}],"wp:attachment":[{"href":"https:\/\/www.soanam.de\/nl\/wp-json\/wp\/v2\/media?parent=82020"}],"wp:term":[{"taxonomy":"product_brand","embeddable":true,"href":"https:\/\/www.soanam.de\/nl\/wp-json\/wp\/v2\/product_brand?post=82020"},{"taxonomy":"product_cat","embeddable":true,"href":"https:\/\/www.soanam.de\/nl\/wp-json\/wp\/v2\/product_cat?post=82020"},{"taxonomy":"product_tag","embeddable":true,"href":"https:\/\/www.soanam.de\/nl\/wp-json\/wp\/v2\/product_tag?post=82020"}],"curies":[{"name":"wp","href":"https:\/\/api.w.org\/{rel}","templated":true}]}}