{"id":81992,"date":"2023-12-14T02:10:05","date_gmt":"2023-12-14T01:10:05","guid":{"rendered":"https:\/\/www.soanam.de\/?post_type=product&#038;p=81992"},"modified":"2023-12-14T02:11:58","modified_gmt":"2023-12-14T01:11:58","slug":"aniston-casual-sweatshirt-im-karo-design-in-schwarz-weiss-groesse-42","status":"publish","type":"product","link":"https:\/\/www.soanam.de\/nl\/produkt\/aniston-casual-sweatshirt-im-karo-design-in-schwarz-weiss-groesse-42\/","title":{"rendered":"Aniston CASUAL sweatshirt in een geruit dessin, in zwart en wit, maat 42"},"content":{"rendered":"<p>Damenshirt von Aniston Casual<br \/>\nVokuhila - hinten l\u00e4nger geschnitten<br \/>\nIn Karo-, Wellen- oder Zickzack-Dessin<br \/>\nMet ronde halslijn<br \/>\nLangarmshirt in figurumspielender Passform<br \/>\nAus weicher, elastischer Feinstrick-Qualit\u00e4t<\/p>\n<p>Das gro\u00dffl\u00e4chige Tartanmuster macht aus dem bequemen Sweater von Aniston Casual ein originelles Kleidungsst\u00fcck.<br \/>\nAn Individualit\u00e4t gewinnt der lang\u00e4rmlige Pullover au\u00dferdem durch den starken High-low-Saum im Vokuhila-Stil, welcher den sportiven Pulli in modische Schr\u00e4glage geraten l\u00e4sst.<br \/>\nDas Plus an Komfort bekommst du mit dem weichen Sweatmaterial des kastig geschnittenen Pullis.<\/p>\n<p>Material: 95% Polyester, 5% Elasthan<br \/>\nOnderhoudsinstructies: Machinewas<\/p>\n<p>Farbe: schwarz-wollwei\u00df-hellbraun<br \/>\nMuster: Karo-, Wellen- oder Zickzack- Dessin<br \/>\nMaat: 42<\/p>\n<p>Schouderbreedte: 60cm<br \/>\nBorstbreedte: 118cm<br \/>\nMouwlengte: 54cm<br \/>\nTotale lengte: 73cm<\/p>\n<p>Dit nieuwe artikel is een retourzending van een klant zonder label.<\/p>","protected":false},"excerpt":{"rendered":"<table class=\"dv_characteristicsTable\">\n<tbody>\n<tr>\n<td class=\"left\">Maat<\/td>\n<td>42<\/td>\n<\/tr>\n<tr>\n<td class=\"left\">Gr\u00f6\u00dfentyp<\/td>\n<td>Normalgr\u00f6\u00dfen<\/td>\n<\/tr>\n<tr>\n<td class=\"left\">Materiaalsamenstelling<\/td>\n<td>Obermaterial: 95% Polyester, 5% Elasthan<\/td>\n<\/tr>\n<tr>\n<td class=\"left\">Materialart<\/td>\n<td>Feinstrick<\/td>\n<\/tr>\n<tr>\n<td class=\"left\">Onderhoudsinstructies<\/td>\n<td>Machinewas<\/td>\n<\/tr>\n<tr>\n<td class=\"left\">Optik<\/td>\n<td>kariert<\/td>\n<\/tr>\n<tr>\n<td class=\"left\">Stil<\/td>\n<td>modisch<\/td>\n<\/tr>\n<tr>\n<td class=\"left\">Kleur<\/td>\n<td>schwarz-wollwei\u00df-hellbraun<\/td>\n<\/tr>\n<tr>\n<td class=\"left\">Besondere Merkmale<\/td>\n<td>im Karo-, Wellen- oder Zickzack- Dessin - welches ist dein Favorit?<\/td>\n<\/tr>\n<tr>\n<td class=\"left\">Ausschnitt<\/td>\n<td>Rundhals<\/td>\n<\/tr>\n<tr>\n<td class=\"left\">Ausschnittdetails<\/td>\n<td>eingefasste Kante<\/td>\n<\/tr>\n<tr>\n<td class=\"left\">\u00c4rmel<\/td>\n<td>Lange mouw<\/td>\n<\/tr>\n<tr>\n<td class=\"left\">Rumpfabschluss<\/td>\n<td>abgerundeter Saum<\/td>\n<\/tr>\n<tr>\n<td class=\"left\">Pas<\/td>\n<td>figurumspielend<\/td>\n<\/tr>\n<tr>\n<td class=\"left\">Schnittdetails<\/td>\n<td>hinten l\u00e4nger geschnitten<\/td>\n<\/tr>\n<tr>\n<td class=\"left\">Schnittform L\u00e4nge<\/td>\n<td>Po-bedeckend<\/td>\n<\/tr>\n<\/tbody>\n<\/table>","protected":false},"featured_media":82087,"comment_status":"open","ping_status":"closed","template":"","meta":{"_seopress_robots_primary_cat":"","_seopress_titles_title":"","_seopress_titles_desc":"","_seopress_robots_index":""},"product_brand":[],"product_cat":[1348,1456,1577],"product_tag":[],"class_list":{"0":"post-81992","1":"product","2":"type-product","3":"status-publish","4":"has-post-thumbnail","6":"product_cat-damen-mode","7":"product_cat-pullover-sweater","8":"product_cat-sweatshirts","9":"product_shipping_class-standard-versand","11":"first","12":"instock","13":"sale","14":"taxable","15":"shipping-taxable","16":"purchasable","17":"product-type-simple"},"_links":{"self":[{"href":"https:\/\/www.soanam.de\/nl\/wp-json\/wp\/v2\/product\/81992","targetHints":{"allow":["GET"]}}],"collection":[{"href":"https:\/\/www.soanam.de\/nl\/wp-json\/wp\/v2\/product"}],"about":[{"href":"https:\/\/www.soanam.de\/nl\/wp-json\/wp\/v2\/types\/product"}],"replies":[{"embeddable":true,"href":"https:\/\/www.soanam.de\/nl\/wp-json\/wp\/v2\/comments?post=81992"}],"wp:featuredmedia":[{"embeddable":true,"href":"https:\/\/www.soanam.de\/nl\/wp-json\/wp\/v2\/media\/82087"}],"wp:attachment":[{"href":"https:\/\/www.soanam.de\/nl\/wp-json\/wp\/v2\/media?parent=81992"}],"wp:term":[{"taxonomy":"product_brand","embeddable":true,"href":"https:\/\/www.soanam.de\/nl\/wp-json\/wp\/v2\/product_brand?post=81992"},{"taxonomy":"product_cat","embeddable":true,"href":"https:\/\/www.soanam.de\/nl\/wp-json\/wp\/v2\/product_cat?post=81992"},{"taxonomy":"product_tag","embeddable":true,"href":"https:\/\/www.soanam.de\/nl\/wp-json\/wp\/v2\/product_tag?post=81992"}],"curies":[{"name":"wp","href":"https:\/\/api.w.org\/{rel}","templated":true}]}}