{"id":81928,"date":"2023-12-14T02:08:51","date_gmt":"2023-12-14T01:08:51","guid":{"rendered":"https:\/\/www.soanam.de\/?post_type=product&#038;p=81928"},"modified":"2023-12-14T02:10:49","modified_gmt":"2023-12-14T01:10:49","slug":"lascana-strickpullover-in-streifenoptik-in-sand-beige-creme-groesse-36-38","status":"publish","type":"product","link":"https:\/\/www.soanam.de\/nl\/produkt\/lascana-strickpullover-in-streifenoptik-in-sand-beige-creme-groesse-36-38\/","title":{"rendered":"LASCANA Strickpullover in Streifenoptik, in Sand-Beige-Creme, Gr\u00f6\u00dfe 36\/38"},"content":{"rendered":"<p>Gebreide trui van Lascana<br \/>\nIn Streifenoptik<br \/>\nLange mouwen<br \/>\nOvergesneden schouder<br \/>\nGerippte Saumabschl\u00fcsse<br \/>\nAansluitende pasvorm<br \/>\nWeicher Strick<\/p>\n<p>Mit diesem weichen Pullover von Lascana f\u00fchlst du dich rundum wohl, denn daf\u00fcr sorgt der leicht transparente Strick, dessen zarte Maschen f\u00fcr ein luftiges Feeling sorgen.<br \/>\nDie Verbindung aus \u00fcberschnittenen Schultern und langen \u00c4rmeln wirkt bei diesem Oberteil richtig l\u00e4ssig und kommt dem figurumspielenden Schnitt zugute.<br \/>\nGerippte Saumabschl\u00fcsse unterstreichen den typischen Strick-Look.<\/p>\n<p>Material: 60% Polyester, 40% Baumwolle<br \/>\nOnderhoudsinstructies: Machinewas<\/p>\n<p>Farbe: sand-beige-creme<br \/>\nPatroon: Strepen<br \/>\nGrootte: 36\/38<\/p>\n<p>Schouderbreedte: 52cm<br \/>\nBorstbreedte: 100cm<br \/>\nMouwlengte: 46cm<br \/>\nTotale lengte: 61cm<\/p>","protected":false},"excerpt":{"rendered":"<table class=\"dv_characteristicsTable\">\n<tbody>\n<tr>\n<td class=\"left\">Maat<\/td>\n<td>36\/38<\/td>\n<\/tr>\n<tr>\n<td class=\"left\">Gr\u00f6\u00dfentyp<\/td>\n<td>Normalgr\u00f6\u00dfen<\/td>\n<\/tr>\n<tr>\n<td class=\"left\">Materiaalsamenstelling<\/td>\n<td>Obermaterial: 100% Polyacryl<\/td>\n<\/tr>\n<tr>\n<td class=\"left\">Materialart<\/td>\n<td>Strick<\/td>\n<\/tr>\n<tr>\n<td class=\"left\">Onderhoudsinstructies<\/td>\n<td>Machinewas<\/td>\n<\/tr>\n<tr>\n<td class=\"left\">Optik<\/td>\n<td>gestreift<\/td>\n<\/tr>\n<tr>\n<td class=\"left\">Stil<\/td>\n<td>modisch<\/td>\n<\/tr>\n<tr>\n<td class=\"left\">Kleur<\/td>\n<td>sand-beige-creme<\/td>\n<\/tr>\n<tr>\n<td class=\"left\">Ausschnitt<\/td>\n<td>Rundhals<\/td>\n<\/tr>\n<tr>\n<td class=\"left\">\u00c4rmel<\/td>\n<td>Lange mouw<\/td>\n<\/tr>\n<tr>\n<td class=\"left\">\u00c4rmelabschluss<\/td>\n<td>Rippstrickb\u00fcndchen<\/td>\n<\/tr>\n<tr>\n<td class=\"left\">Rumpfabschluss<\/td>\n<td>Rippstrick<\/td>\n<\/tr>\n<tr>\n<td class=\"left\">Pas<\/td>\n<td>figurumspielend<\/td>\n<\/tr>\n<tr>\n<td class=\"left\">Schnittform L\u00e4nge<\/td>\n<td>h\u00fcftlang<\/td>\n<\/tr>\n<tr>\n<td class=\"left\">Besondere Merkmale<\/td>\n<td>mit \u00fcberschnittenen Schultern<\/td>\n<\/tr>\n<\/tbody>\n<\/table>","protected":false},"featured_media":82029,"comment_status":"open","ping_status":"closed","template":"","meta":{"_seopress_robots_primary_cat":"","_seopress_titles_title":"","_seopress_titles_desc":"","_seopress_robots_index":""},"product_brand":[],"product_cat":[1348,1456,1465],"product_tag":[],"class_list":{"0":"post-81928","1":"product","2":"type-product","3":"status-publish","4":"has-post-thumbnail","6":"product_cat-damen-mode","7":"product_cat-pullover-sweater","8":"product_cat-strickpullover","9":"product_shipping_class-standard-versand","11":"first","12":"instock","13":"taxable","14":"shipping-taxable","15":"purchasable","16":"product-type-simple"},"_links":{"self":[{"href":"https:\/\/www.soanam.de\/nl\/wp-json\/wp\/v2\/product\/81928","targetHints":{"allow":["GET"]}}],"collection":[{"href":"https:\/\/www.soanam.de\/nl\/wp-json\/wp\/v2\/product"}],"about":[{"href":"https:\/\/www.soanam.de\/nl\/wp-json\/wp\/v2\/types\/product"}],"replies":[{"embeddable":true,"href":"https:\/\/www.soanam.de\/nl\/wp-json\/wp\/v2\/comments?post=81928"}],"wp:featuredmedia":[{"embeddable":true,"href":"https:\/\/www.soanam.de\/nl\/wp-json\/wp\/v2\/media\/82029"}],"wp:attachment":[{"href":"https:\/\/www.soanam.de\/nl\/wp-json\/wp\/v2\/media?parent=81928"}],"wp:term":[{"taxonomy":"product_brand","embeddable":true,"href":"https:\/\/www.soanam.de\/nl\/wp-json\/wp\/v2\/product_brand?post=81928"},{"taxonomy":"product_cat","embeddable":true,"href":"https:\/\/www.soanam.de\/nl\/wp-json\/wp\/v2\/product_cat?post=81928"},{"taxonomy":"product_tag","embeddable":true,"href":"https:\/\/www.soanam.de\/nl\/wp-json\/wp\/v2\/product_tag?post=81928"}],"curies":[{"name":"wp","href":"https:\/\/api.w.org\/{rel}","templated":true}]}}