{"id":81927,"date":"2023-12-14T02:08:50","date_gmt":"2023-12-14T01:08:50","guid":{"rendered":"https:\/\/www.soanam.de\/?post_type=product&#038;p=81927"},"modified":"2023-12-14T02:10:45","modified_gmt":"2023-12-14T01:10:45","slug":"lascana-ajourpullover-in-sand-groesse-40-42","status":"publish","type":"product","link":"https:\/\/www.soanam.de\/nl\/produkt\/lascana-ajourpullover-in-sand-groesse-40-42\/","title":{"rendered":"LASCANA Ajourpullover, in Sand, Gr\u00f6\u00dfe 40\/42"},"content":{"rendered":"<p>Gebreide trui van Lascana<br \/>\nAufwendiges Ajourmuster<br \/>\nWeiter Rundhalsausschnitt<br \/>\nLange mouwen<br \/>\nLeicht transparente Optik<br \/>\nWeiche, angenehme Strickqualit\u00e4t<\/p>\n<p>Der Pullover von Lascana verzaubert mit seinem aufwendigen Ajourmuster.<br \/>\nBesonders sch\u00f6n zeigen sich die \u00c4rmel mit Spiralmuster.<br \/>\nEr ist gerade geschnitten und hat dazu einen weiten Rundhalsausschnitt.<br \/>\nF\u00fcr ein angenehmes Tragegef\u00fchl sorgt die weiche Strickqualit\u00e4t.<\/p>\n<p>Materiaal: 100% polyacryl<br \/>\nOnderhoudsinstructies: Machinewas<\/p>\n<p>Kleur: zand<br \/>\nMuster: Ajour<br \/>\nMaat: 40\/42<\/p>\n<p>Schouderbreedte: 38cm<br \/>\nBorstbreedte: 114cm<br \/>\nMouwlengte: 61cm<br \/>\nTotale lengte: 60cm<\/p>","protected":false},"excerpt":{"rendered":"<table class=\"dv_characteristicsTable\">\n<tbody>\n<tr>\n<td class=\"left\">Maat<\/td>\n<td>40\/42<\/td>\n<\/tr>\n<tr>\n<td class=\"left\">Gr\u00f6\u00dfentyp<\/td>\n<td>Normalgr\u00f6\u00dfen<\/td>\n<\/tr>\n<tr>\n<td class=\"left\">Materiaalsamenstelling<\/td>\n<td>Obermaterial: 100% Polyacryl<\/td>\n<\/tr>\n<tr>\n<td class=\"left\">Materialart<\/td>\n<td>Strick<\/td>\n<\/tr>\n<tr>\n<td class=\"left\">Onderhoudsinstructies<\/td>\n<td>Machinewas<\/td>\n<\/tr>\n<tr>\n<td class=\"left\">Stil<\/td>\n<td>casual<\/td>\n<\/tr>\n<tr>\n<td class=\"left\">Kleur<\/td>\n<td>zand<\/td>\n<\/tr>\n<tr>\n<td class=\"left\">Ausschnitt<\/td>\n<td>Rundhals<\/td>\n<\/tr>\n<tr>\n<td class=\"left\">\u00c4rmel<\/td>\n<td>Lange mouw<\/td>\n<\/tr>\n<tr>\n<td class=\"left\">\u00c4rmeldetails<\/td>\n<td>Raglanmouwen<\/td>\n<\/tr>\n<tr>\n<td class=\"left\">Rumpfabschluss<\/td>\n<td>gerader Abschluss<\/td>\n<\/tr>\n<tr>\n<td class=\"left\">Pas<\/td>\n<td>figurumspielend<\/td>\n<\/tr>\n<tr>\n<td class=\"left\">Schnittform L\u00e4nge<\/td>\n<td>h\u00fcftlang<\/td>\n<\/tr>\n<tr>\n<td class=\"left\">Besondere Merkmale<\/td>\n<td>mit tollem Strickmuster<\/td>\n<\/tr>\n<\/tbody>\n<\/table>","protected":false},"featured_media":82025,"comment_status":"open","ping_status":"closed","template":"","meta":{"_seopress_robots_primary_cat":"","_seopress_titles_title":"","_seopress_titles_desc":"","_seopress_robots_index":""},"product_brand":[],"product_cat":[1348,1456,1465],"product_tag":[],"class_list":{"0":"post-81927","1":"product","2":"type-product","3":"status-publish","4":"has-post-thumbnail","6":"product_cat-damen-mode","7":"product_cat-pullover-sweater","8":"product_cat-strickpullover","9":"product_shipping_class-standard-versand","11":"first","12":"instock","13":"sale","14":"taxable","15":"shipping-taxable","16":"purchasable","17":"product-type-simple"},"_links":{"self":[{"href":"https:\/\/www.soanam.de\/nl\/wp-json\/wp\/v2\/product\/81927","targetHints":{"allow":["GET"]}}],"collection":[{"href":"https:\/\/www.soanam.de\/nl\/wp-json\/wp\/v2\/product"}],"about":[{"href":"https:\/\/www.soanam.de\/nl\/wp-json\/wp\/v2\/types\/product"}],"replies":[{"embeddable":true,"href":"https:\/\/www.soanam.de\/nl\/wp-json\/wp\/v2\/comments?post=81927"}],"wp:featuredmedia":[{"embeddable":true,"href":"https:\/\/www.soanam.de\/nl\/wp-json\/wp\/v2\/media\/82025"}],"wp:attachment":[{"href":"https:\/\/www.soanam.de\/nl\/wp-json\/wp\/v2\/media?parent=81927"}],"wp:term":[{"taxonomy":"product_brand","embeddable":true,"href":"https:\/\/www.soanam.de\/nl\/wp-json\/wp\/v2\/product_brand?post=81927"},{"taxonomy":"product_cat","embeddable":true,"href":"https:\/\/www.soanam.de\/nl\/wp-json\/wp\/v2\/product_cat?post=81927"},{"taxonomy":"product_tag","embeddable":true,"href":"https:\/\/www.soanam.de\/nl\/wp-json\/wp\/v2\/product_tag?post=81927"}],"curies":[{"name":"wp","href":"https:\/\/api.w.org\/{rel}","templated":true}]}}