{"id":81908,"date":"2023-12-14T02:08:26","date_gmt":"2023-12-14T01:08:26","guid":{"rendered":"https:\/\/www.soanam.de\/?post_type=product&#038;p=81908"},"modified":"2023-12-14T02:10:23","modified_gmt":"2023-12-14T01:10:23","slug":"ltb-fijn-gebreide-trui-pihele-in-grijs-gemeleerd-maat-xxl","status":"publish","type":"product","link":"https:\/\/www.soanam.de\/nl\/produkt\/ltb-feinstrickpullover-pihele-in-grau-melange-groesse-xxl\/","title":{"rendered":"LTB Feinstrickpullover PIHELE , in Grau-Melange, Gr\u00f6\u00dfe XXL"},"content":{"rendered":"<p>Feinstrickpullover von LTB<br \/>\nMit tiefen V-Ausschnitt und Streifen<br \/>\nOvergesneden schouders<br \/>\nHems met zachte geribde manchetten<br \/>\nMerklogo<br \/>\nZachte grip<\/p>\n<p>Der Feinstrickpullover von LTB hat einen locker-l\u00e4ssigen Schnitt, \u00fcberschnittene Schultern und S\u00e4ume mit weichen Ripp-B\u00fcndchen.<br \/>\nDer V-Ausschnitt weist ein tiefes Dekollete auf, weiterhin gibt es 2 Streifen auf der Vorderseite und den \u00c4rmeln.<br \/>\nDer angenehm weiche Wollemix ist super bequem und w\u00e4rmt hervorragend.<\/p>\n<p>Material: 80% Polyacryl, 20% Polyester<br \/>\nOnderhoudsinstructies: Machinewas<\/p>\n<p>Farbe: grau-melange<br \/>\nPatroon: Strepen<br \/>\nMaat: XXL<\/p>\n<p>Schulterbreite: 67cm<br \/>\nBorstbreedte: 128cm<br \/>\nMouwlengte: 51cm<br \/>\nTotale lengte: 70cm<\/p>","protected":false},"excerpt":{"rendered":"<p>Material: 80% Polyacryl, 20% Polyester<br \/>\nOnderhoudsinstructies: Machinewas<\/p>\n<p>Farbe: grau-melange<br \/>\nPatroon: Strepen<br \/>\nMaat: XXL<\/p>\n<p>&nbsp;<\/p>","protected":false},"featured_media":82010,"comment_status":"open","ping_status":"closed","template":"","meta":{"_seopress_robots_primary_cat":"","_seopress_titles_title":"","_seopress_titles_desc":"","_seopress_robots_index":""},"product_brand":[],"product_cat":[1348,1456,1465],"product_tag":[],"class_list":{"0":"post-81908","1":"product","2":"type-product","3":"status-publish","4":"has-post-thumbnail","6":"product_cat-damen-mode","7":"product_cat-pullover-sweater","8":"product_cat-strickpullover","9":"product_shipping_class-standard-versand","11":"first","12":"instock","13":"taxable","14":"shipping-taxable","15":"purchasable","16":"product-type-simple"},"_links":{"self":[{"href":"https:\/\/www.soanam.de\/nl\/wp-json\/wp\/v2\/product\/81908","targetHints":{"allow":["GET"]}}],"collection":[{"href":"https:\/\/www.soanam.de\/nl\/wp-json\/wp\/v2\/product"}],"about":[{"href":"https:\/\/www.soanam.de\/nl\/wp-json\/wp\/v2\/types\/product"}],"replies":[{"embeddable":true,"href":"https:\/\/www.soanam.de\/nl\/wp-json\/wp\/v2\/comments?post=81908"}],"wp:featuredmedia":[{"embeddable":true,"href":"https:\/\/www.soanam.de\/nl\/wp-json\/wp\/v2\/media\/82010"}],"wp:attachment":[{"href":"https:\/\/www.soanam.de\/nl\/wp-json\/wp\/v2\/media?parent=81908"}],"wp:term":[{"taxonomy":"product_brand","embeddable":true,"href":"https:\/\/www.soanam.de\/nl\/wp-json\/wp\/v2\/product_brand?post=81908"},{"taxonomy":"product_cat","embeddable":true,"href":"https:\/\/www.soanam.de\/nl\/wp-json\/wp\/v2\/product_cat?post=81908"},{"taxonomy":"product_tag","embeddable":true,"href":"https:\/\/www.soanam.de\/nl\/wp-json\/wp\/v2\/product_tag?post=81908"}],"curies":[{"name":"wp","href":"https:\/\/api.w.org\/{rel}","templated":true}]}}