{"id":81886,"date":"2023-12-14T02:08:00","date_gmt":"2023-12-14T01:08:00","guid":{"rendered":"https:\/\/www.soanam.de\/?post_type=product&#038;p=81886"},"modified":"2023-12-14T02:09:43","modified_gmt":"2023-12-14T01:09:43","slug":"bench-kapuzenpullover-aus-feinstrick-in-rosa-groesse-32-34","status":"publish","type":"product","link":"https:\/\/www.soanam.de\/nl\/produkt\/bench-kapuzenpullover-aus-feinstrick-in-rosa-groesse-32-34\/","title":{"rendered":"Bank. Trui met capuchon van fijn breisel, in roze, maat 32\/34"},"content":{"rendered":"<p>Weicher Feinstrickpullover von Bench<br \/>\nMit gro\u00dfer Kapuze<br \/>\nGro\u00dfes Sternenmuster auf Vorder- und R\u00fcckseite<br \/>\nManchetten aan de mouwen<br \/>\nComfortabele katoenmix<\/p>\n<p>Der l\u00e4ssige Feinstrickpullover von Bench ist locker und feminin zugleich.<br \/>\nEyecatcher ist vor allem der gro\u00dfe Stern, der \u00fcber Vorder- und R\u00fcckseite verl\u00e4uft und auch die Kapuze lockert die Optik gewaltig auf.<br \/>\nDie B\u00fcndchen an Abschluss sowie den \u00c4rmeln bieten einen angenehmen Tragekomfort.<\/p>\n<p>Material: 60% Baumwolle, 30% Polyamid, 10% Wolle<br \/>\nOnderhoudsinstructies: Zacht wassen<\/p>\n<p>Kleur: roze<br \/>\nMuster: Stern<br \/>\nGrootte: 32\/34<\/p>\n<p>Schouderbreedte: 50cm<br \/>\nBorstbreedte: 94cm<br \/>\n\u00c4rmell\u00e4nge: 50cm<br \/>\nTotale lengte: 65cm<\/p>","protected":false},"excerpt":{"rendered":"<table class=\"dv_characteristicsTable\">\n<tbody>\n<tr>\n<td class=\"left\">Maat<\/td>\n<td>32\/34 (XS)<\/td>\n<\/tr>\n<tr>\n<td class=\"left\">Gr\u00f6\u00dfentyp<\/td>\n<td>Normalgr\u00f6\u00dfen<\/td>\n<\/tr>\n<tr>\n<td class=\"left\">Materiaalsamenstelling<\/td>\n<td>60% Baumwolle, 30% Polyamid, 10% Wolle<\/td>\n<\/tr>\n<tr>\n<td class=\"left\">Materialart<\/td>\n<td>Feinstrick<\/td>\n<\/tr>\n<tr>\n<td class=\"left\">Materialeigenschaften<\/td>\n<td>elastisch<\/td>\n<\/tr>\n<tr>\n<td class=\"left\">Onderhoudsinstructies<\/td>\n<td>Schonw\u00e4sche<\/td>\n<\/tr>\n<tr>\n<td class=\"left\">Optik<\/td>\n<td>casual<\/td>\n<\/tr>\n<tr>\n<td class=\"left\">Stil<\/td>\n<td>modisch<\/td>\n<\/tr>\n<tr>\n<td class=\"left\">Kleur<\/td>\n<td>rosa<\/td>\n<\/tr>\n<tr>\n<td class=\"left\">Ausschnitt<\/td>\n<td>Kapuze<\/td>\n<\/tr>\n<tr>\n<td class=\"left\">Ausschnittdetails<\/td>\n<td>Tunnelzug<\/td>\n<\/tr>\n<tr>\n<td class=\"left\">\u00c4rmel<\/td>\n<td>Lange mouw<\/td>\n<\/tr>\n<tr>\n<td class=\"left\">\u00c4rmelabschluss<\/td>\n<td>Rippb\u00fcndchen<\/td>\n<\/tr>\n<tr>\n<td class=\"left\">Rumpfabschluss<\/td>\n<td>Rippb\u00fcndchen<\/td>\n<\/tr>\n<tr>\n<td class=\"left\">Pas<\/td>\n<td>locker<\/td>\n<\/tr>\n<tr>\n<td class=\"left\">Applikationen<\/td>\n<td>ohne<\/td>\n<\/tr>\n<tr>\n<td class=\"left\">Besondere Merkmale<\/td>\n<td>mit Sternenmuster<\/td>\n<\/tr>\n<\/tbody>\n<\/table>","protected":false},"featured_media":81968,"comment_status":"open","ping_status":"closed","template":"","meta":{"_seopress_robots_primary_cat":"","_seopress_titles_title":"","_seopress_titles_desc":"","_seopress_robots_index":""},"product_brand":[],"product_cat":[1348,1456,1465],"product_tag":[],"class_list":{"0":"post-81886","1":"product","2":"type-product","3":"status-publish","4":"has-post-thumbnail","6":"product_cat-damen-mode","7":"product_cat-pullover-sweater","8":"product_cat-strickpullover","9":"product_shipping_class-standard-versand","11":"first","12":"instock","13":"taxable","14":"shipping-taxable","15":"purchasable","16":"product-type-simple"},"_links":{"self":[{"href":"https:\/\/www.soanam.de\/nl\/wp-json\/wp\/v2\/product\/81886","targetHints":{"allow":["GET"]}}],"collection":[{"href":"https:\/\/www.soanam.de\/nl\/wp-json\/wp\/v2\/product"}],"about":[{"href":"https:\/\/www.soanam.de\/nl\/wp-json\/wp\/v2\/types\/product"}],"replies":[{"embeddable":true,"href":"https:\/\/www.soanam.de\/nl\/wp-json\/wp\/v2\/comments?post=81886"}],"wp:featuredmedia":[{"embeddable":true,"href":"https:\/\/www.soanam.de\/nl\/wp-json\/wp\/v2\/media\/81968"}],"wp:attachment":[{"href":"https:\/\/www.soanam.de\/nl\/wp-json\/wp\/v2\/media?parent=81886"}],"wp:term":[{"taxonomy":"product_brand","embeddable":true,"href":"https:\/\/www.soanam.de\/nl\/wp-json\/wp\/v2\/product_brand?post=81886"},{"taxonomy":"product_cat","embeddable":true,"href":"https:\/\/www.soanam.de\/nl\/wp-json\/wp\/v2\/product_cat?post=81886"},{"taxonomy":"product_tag","embeddable":true,"href":"https:\/\/www.soanam.de\/nl\/wp-json\/wp\/v2\/product_tag?post=81886"}],"curies":[{"name":"wp","href":"https:\/\/api.w.org\/{rel}","templated":true}]}}