{"id":81398,"date":"2023-12-14T01:58:05","date_gmt":"2023-12-14T00:58:05","guid":{"rendered":"https:\/\/www.soanam.de\/?post_type=product&#038;p=81398"},"modified":"2023-12-14T02:00:23","modified_gmt":"2023-12-14T01:00:23","slug":"roesle-garde-275-x-65-cm-roestvrij-staal-siliconen-zilver-zwart-nieuw-ovp","status":"publish","type":"product","link":"https:\/\/www.soanam.de\/nl\/produkt\/roesle-schneebesen-275-x-65-cm-edelstahl-silikon-silber-schwarz-neu-ovp\/","title":{"rendered":"R\u00f6sle Schneebesen 27,5 x 6,5 cm Edelstahl \/ Silikon silber \/ Schwarz - NEU &#038; OVP"},"content":{"rendered":"<h3>Productbeschrijving<\/h3>\n<p><strong>R\u00d6SLE garde:<\/strong><br \/>\nDer R\u00fchrbesen ist in der K\u00fcche unentbehrlich. Bei R\u00d6SLE gibt es diesen K\u00fcchenhelfer in eleganter, langlebiger Edelstahl-Silikon-Ausf\u00fchrung. Beste Ergebnisse beim Kochen k\u00f6nnten nicht einfacher sein: Der schmale Griff sorgt in Kombination mit dem gro\u00dfen Abstand der feinen Dr\u00e4hte f\u00fcr verringerten Kraftaufwand bei der Zubereitung fl\u00fcssiger oder halbfester Speisen. Ob zur Zubereitung eines Schokoladendesserts, einer Kartoffelsuppe oder einer feinen Sauce - dieser clever konzipierte Schneebesen von R\u00d6SLE ist stets ein zuverl\u00e4ssiger Helfer, der zum Gelingen von Speisen mit fl\u00fcssiger und halbfester Konsistenz einen wesentlichen Beitrag leistet. Durch die Silikonschlaufen wird ein Verkratzen von Antihaftbeschichtungen verhindert ohne dabei an Funktion einzub\u00fc\u00dfen.<\/p>\n<p><strong>De belangrijkste dingen op een rij:<\/strong><\/p>\n<p>\u2611 Gemaakt van hoogwaardig roestvrij staal en siliconen<br \/>\n\u2611 Schmaler Griff - liegt optimal in der Hand<br \/>\n\u2611 Fijne draden met een grote spleet<br \/>\nVermindert de inspanning die nodig is om te roeren<br \/>\nVaatwasmachinebestendig<br \/>\n\u2611 Krasvrij roeren met siliconen lussen<\/p>\n<p><strong>Productgegevens:<\/strong><\/p>\n<p>Materiaal: 18\/10 roestvrij staal, silicone<br \/>\nLengte: 27 cm<br \/>\nBreedte: 6,5 cm<br \/>\nHoogte: 6,5 cm<br \/>\nDiameter functioneel deel: 6,7 cm<br \/>\nHandvatlengte: 9,2 cm<br \/>\nNuttige lengte: 15 cm<br \/>\nAantal draden: 12<br \/>\nDraaddikte: 2,4 mm<br \/>\nTemperatuurbestendigheid: tot 220 \u00b0C<\/p>\n<p>Nieuw en ongebruikt met zeer kleine sporen van opslag. Originele verpakking licht vervuild of beschadigd.<\/p>","protected":false},"excerpt":{"rendered":"<h3>Artikelmerkmale<\/h3>\n<p>Artikelzustand: Neu mit Etikett - Neuer, unbenutzter und nicht getragener Artikel in der Originalverpackung<\/p>\n<table dir=\"ltr\" border=\"1\" cellspacing=\"0\" cellpadding=\"0\">\n<colgroup>\n<col width=\"194\" \/>\n<col width=\"223\" \/><\/colgroup>\n<tbody>\n<tr>\n<td data-sheets-value=\"{&quot;1&quot;:2,&quot;2&quot;:&quot;EAN:&quot;}\">EAN:<\/td>\n<td data-sheets-value=\"{&quot;1&quot;:3,&quot;3&quot;:4004293956064}\">4004293956064<\/td>\n<\/tr>\n<tr>\n<td data-sheets-value=\"{&quot;1&quot;:2,&quot;2&quot;:&quot;Griffmaterial:&quot;}\">Griffmaterial:<\/td>\n<td data-sheets-value=\"{&quot;1&quot;:2,&quot;2&quot;:&quot;Edelstahl&quot;}\">Roestvrij staal<\/td>\n<\/tr>\n<tr>\n<td data-sheets-value=\"{&quot;1&quot;:2,&quot;2&quot;:&quot;Herstellernummer:&quot;}\">Herstellernummer:<\/td>\n<td data-sheets-value=\"{&quot;1&quot;:3,&quot;3&quot;:95606}\">95606<\/td>\n<\/tr>\n<tr>\n<td data-sheets-value=\"{&quot;1&quot;:2,&quot;2&quot;:&quot;Herstellungsland und -region:&quot;}\">Herstellungsland und -region:<\/td>\n<td data-sheets-value=\"{&quot;1&quot;:2,&quot;2&quot;:&quot;Germany&quot;}\">Germany<\/td>\n<\/tr>\n<tr>\n<td data-sheets-value=\"{&quot;1&quot;:2,&quot;2&quot;:&quot;L\u00e4nge:&quot;}\">L\u00e4nge:<\/td>\n<td data-sheets-value=\"{&quot;1&quot;:2,&quot;2&quot;:&quot;27 cm&quot;}\">27 cm<\/td>\n<\/tr>\n<tr>\n<td data-sheets-value=\"{&quot;1&quot;:2,&quot;2&quot;:&quot;Marke:&quot;}\">Marke:<\/td>\n<td data-sheets-value=\"{&quot;1&quot;:2,&quot;2&quot;:&quot;R\u00f6sle&quot;}\">R\u00f6sle<\/td>\n<\/tr>\n<tr>\n<td data-sheets-value=\"{&quot;1&quot;:2,&quot;2&quot;:&quot;MPN:&quot;}\">MPN:<\/td>\n<td data-sheets-value=\"{&quot;1&quot;:2,&quot;2&quot;:&quot;639818_DE&quot;}\">639818_DE<\/td>\n<\/tr>\n<tr>\n<td data-sheets-value=\"{&quot;1&quot;:2,&quot;2&quot;:&quot;Produktart:&quot;}\">Produktart:<\/td>\n<td data-sheets-value=\"{&quot;1&quot;:2,&quot;2&quot;:&quot;Schneebesen&quot;}\">Schneebesen<\/td>\n<\/tr>\n<tr>\n<td data-sheets-value=\"{&quot;1&quot;:2,&quot;2&quot;:&quot;VendorProductNumber:&quot;}\">VendorProductNumber:<\/td>\n<td data-sheets-value=\"{&quot;1&quot;:3,&quot;3&quot;:4004293956064}\">4004293956064<\/td>\n<\/tr>\n<\/tbody>\n<\/table>","protected":false},"featured_media":81508,"comment_status":"open","ping_status":"closed","template":"","meta":{"_seopress_robots_primary_cat":"","_seopress_titles_title":"","_seopress_titles_desc":"","_seopress_robots_index":""},"product_brand":[],"product_cat":[1400,1401],"product_tag":[],"class_list":{"0":"post-81398","1":"product","2":"type-product","3":"status-publish","4":"has-post-thumbnail","6":"product_cat-wohnzubehoer","7":"product_cat-haushaltswaren","8":"product_shipping_class-standard-versand","10":"first","11":"instock","12":"sale","13":"taxable","14":"shipping-taxable","15":"purchasable","16":"product-type-simple"},"_links":{"self":[{"href":"https:\/\/www.soanam.de\/nl\/wp-json\/wp\/v2\/product\/81398","targetHints":{"allow":["GET"]}}],"collection":[{"href":"https:\/\/www.soanam.de\/nl\/wp-json\/wp\/v2\/product"}],"about":[{"href":"https:\/\/www.soanam.de\/nl\/wp-json\/wp\/v2\/types\/product"}],"replies":[{"embeddable":true,"href":"https:\/\/www.soanam.de\/nl\/wp-json\/wp\/v2\/comments?post=81398"}],"wp:featuredmedia":[{"embeddable":true,"href":"https:\/\/www.soanam.de\/nl\/wp-json\/wp\/v2\/media\/81508"}],"wp:attachment":[{"href":"https:\/\/www.soanam.de\/nl\/wp-json\/wp\/v2\/media?parent=81398"}],"wp:term":[{"taxonomy":"product_brand","embeddable":true,"href":"https:\/\/www.soanam.de\/nl\/wp-json\/wp\/v2\/product_brand?post=81398"},{"taxonomy":"product_cat","embeddable":true,"href":"https:\/\/www.soanam.de\/nl\/wp-json\/wp\/v2\/product_cat?post=81398"},{"taxonomy":"product_tag","embeddable":true,"href":"https:\/\/www.soanam.de\/nl\/wp-json\/wp\/v2\/product_tag?post=81398"}],"curies":[{"name":"wp","href":"https:\/\/api.w.org\/{rel}","templated":true}]}}