{"id":81115,"date":"2023-12-14T01:45:11","date_gmt":"2023-12-14T00:45:11","guid":{"rendered":"https:\/\/www.soanam.de\/?post_type=product&#038;p=81115"},"modified":"2023-12-14T01:48:34","modified_gmt":"2023-12-14T00:48:34","slug":"york-hovest-honderd-dagen-in-amazonia-mijn-reis-naar-de-helden-van-het-woud","status":"publish","type":"product","link":"https:\/\/www.soanam.de\/nl\/produkt\/york-hovest-hundert-tage-amazonien-meine-reise-zu-den-huetern-des-waldes\/","title":{"rendered":"York Hovest - Honderd dagen in Amazonia - Mijn reis naar de beschermers van het woud"},"content":{"rendered":"<h3>Productbeschrijving<\/h3>\n<p>Meine Reise zu den H\u00fctern des Waldes<\/p>\n<p>Hundert Tage war der Fotograf York Hovest in Su\u0308damerika unterwegs. Der wasserreichste Fluss der Erde fu\u0308hrt durch das gr\u00f6\u00dfte tropische Regenwaldgebiet der Welt, in dem viele Teile nahezu unerforscht sind. In ihnen leben nur noch wenige indigene V\u00f6lker auf sehr traditionelle Art und Weise. Gemeinsam mit Schamanen, Stammes\u00e4ltesten und deren Familien tritt York Hovest eine Reise durch das Amazonasbecken an, um die Sch\u00f6nheit des Regenwaldes und seiner Bewohner mit der Kamera einzufangen.<\/p>\n<p>York Hovest, geboren 1978 in Wesel, international erfolgreicher Werbe- und Modefotograf, lebt in M\u00fcnchen und arbeitet auf der ganzen Welt. Ber\u00fchrt von einem pers\u00f6nlichen Zusammentreffen mit dem Dalai Lama 2011 und inspiriert von dessen bewegenden Worten \u00fcber das Schicksal seines Landes versprach er ihm, Tibet in Bild und Ton festzuhalten. Ein Jahre sp\u00e4ter brach er zu seiner 100-t\u00e4gigen Reise auf das Dach der Welt auf.<\/p>\n<p><strong>details<\/strong><br \/>\nEinband gebundene Ausgabe<br \/>\nSeitenzahl 220<br \/>\nErscheinungsdatum 12.10.2016<br \/>\nSprache Deutsch<br \/>\nISBN 978-3-86690-468-2<br \/>\nVerlag National Geographic Deutschland<br \/>\nMa\u00dfe (L\/B\/H) 32,3\/27,3\/3 cm<br \/>\nGewicht 2006 g<br \/>\nAbbildungen mit 200 farbigen Fotos und Karten<br \/>\nAuflage 1<\/p>","protected":false},"excerpt":{"rendered":"<h3>Artikelmerkmale<\/h3>\n<p>Artikelzustand: Neu - Neues, ungelesenes, ungebrauchtes Buch in makellosem Zustand<\/p>\n<table dir=\"ltr\" border=\"1\" cellspacing=\"0\" cellpadding=\"0\">\n<colgroup>\n<col width=\"194\" \/>\n<col width=\"223\" \/><\/colgroup>\n<tbody>\n<tr>\n<td data-sheets-value=\"{&quot;1&quot;:2,&quot;2&quot;:&quot;Altersempfehlung:&quot;}\">Altersempfehlung:<\/td>\n<td data-sheets-value=\"{&quot;1&quot;:2,&quot;2&quot;:&quot;Jugendliche&quot;}\">Jugendliche<\/td>\n<\/tr>\n<tr>\n<td data-sheets-value=\"{&quot;1&quot;:2,&quot;2&quot;:&quot;Autor:&quot;}\">Autor:<\/td>\n<td data-sheets-value=\"{&quot;1&quot;:2,&quot;2&quot;:&quot;York Hovest&quot;}\">York Hovest<\/td>\n<\/tr>\n<tr>\n<td data-sheets-value=\"{&quot;1&quot;:2,&quot;2&quot;:&quot;Buchtitel:&quot;}\">Buchtitel:<\/td>\n<td data-sheets-value=\"{&quot;1&quot;:2,&quot;2&quot;:&quot;Hundert Tage Amazonien&quot;}\">Hundert Tage Amazonien<\/td>\n<\/tr>\n<tr>\n<td data-sheets-value=\"{&quot;1&quot;:2,&quot;2&quot;:&quot;EAN:&quot;}\">EAN:<\/td>\n<td data-sheets-value=\"{&quot;1&quot;:3,&quot;3&quot;:9783866904682}\">9783866904682<\/td>\n<\/tr>\n<tr>\n<td data-sheets-value=\"{&quot;1&quot;:2,&quot;2&quot;:&quot;Einbandart:&quot;}\">Einbandart:<\/td>\n<td data-sheets-value=\"{&quot;1&quot;:2,&quot;2&quot;:&quot;gebundene Ausgabe&quot;}\">gebundene Ausgabe<\/td>\n<\/tr>\n<tr>\n<td data-sheets-value=\"{&quot;1&quot;:2,&quot;2&quot;:&quot;Herstellungsland und -region:&quot;}\">Herstellungsland und -region:<\/td>\n<td data-sheets-value=\"{&quot;1&quot;:2,&quot;2&quot;:&quot;Deutschland&quot;}\">Duitsland<\/td>\n<\/tr>\n<tr>\n<td data-sheets-value=\"{&quot;1&quot;:2,&quot;2&quot;:&quot;Modifizierter Artikel:&quot;}\">Modifizierter Artikel:<\/td>\n<td data-sheets-value=\"{&quot;1&quot;:2,&quot;2&quot;:&quot;Nein&quot;}\">Nein<\/td>\n<\/tr>\n<tr>\n<td data-sheets-value=\"{&quot;1&quot;:2,&quot;2&quot;:&quot;Seitenzahl:&quot;}\">Seitenzahl:<\/td>\n<td data-sheets-value=\"{&quot;1&quot;:3,&quot;3&quot;:220}\">220<\/td>\n<\/tr>\n<tr>\n<td data-sheets-value=\"{&quot;1&quot;:2,&quot;2&quot;:&quot;Sprache:&quot;}\">Sprache:<\/td>\n<td data-sheets-value=\"{&quot;1&quot;:2,&quot;2&quot;:&quot;Deutsch&quot;}\">Duits<\/td>\n<\/tr>\n<tr>\n<td data-sheets-value=\"{&quot;1&quot;:2,&quot;2&quot;:&quot;Verlag:&quot;}\">Verlag:<\/td>\n<td data-sheets-value=\"{&quot;1&quot;:2,&quot;2&quot;:&quot;Ng Buchverlag Gmbh, National Geographic Deutschland&quot;}\">\n<div>\n<div>Ng Buchverlag Gmbh, National Geographic Deutschland<\/div>\n<\/div>\n<\/td>\n<\/tr>\n<tr>\n<td data-sheets-value=\"{&quot;1&quot;:2,&quot;2&quot;:&quot;Zeitschriftentitel:&quot;}\">Zeitschriftentitel:<\/td>\n<td data-sheets-value=\"{&quot;1&quot;:2,&quot;2&quot;:&quot;Hundert Tage Amazonien&quot;}\">Hundert Tage Amazonien<\/td>\n<\/tr>\n<\/tbody>\n<\/table>","protected":false},"featured_media":81248,"comment_status":"open","ping_status":"closed","template":"","meta":{"_seopress_robots_primary_cat":"","_seopress_titles_title":"","_seopress_titles_desc":"","_seopress_robots_index":""},"product_brand":[],"product_cat":[1428,1429,1430,1434,1439],"product_tag":[],"class_list":{"0":"post-81115","1":"product","2":"type-product","3":"status-publish","4":"has-post-thumbnail","6":"product_cat-buecher","7":"product_cat-jugend","8":"product_cat-lehrbuecher","9":"product_cat-erwachsene","10":"product_cat-lehrbuecher-erwachsene","11":"product_shipping_class-standard-versand","13":"first","14":"instock","15":"taxable","16":"shipping-taxable","17":"purchasable","18":"product-type-simple"},"_links":{"self":[{"href":"https:\/\/www.soanam.de\/nl\/wp-json\/wp\/v2\/product\/81115","targetHints":{"allow":["GET"]}}],"collection":[{"href":"https:\/\/www.soanam.de\/nl\/wp-json\/wp\/v2\/product"}],"about":[{"href":"https:\/\/www.soanam.de\/nl\/wp-json\/wp\/v2\/types\/product"}],"replies":[{"embeddable":true,"href":"https:\/\/www.soanam.de\/nl\/wp-json\/wp\/v2\/comments?post=81115"}],"wp:featuredmedia":[{"embeddable":true,"href":"https:\/\/www.soanam.de\/nl\/wp-json\/wp\/v2\/media\/81248"}],"wp:attachment":[{"href":"https:\/\/www.soanam.de\/nl\/wp-json\/wp\/v2\/media?parent=81115"}],"wp:term":[{"taxonomy":"product_brand","embeddable":true,"href":"https:\/\/www.soanam.de\/nl\/wp-json\/wp\/v2\/product_brand?post=81115"},{"taxonomy":"product_cat","embeddable":true,"href":"https:\/\/www.soanam.de\/nl\/wp-json\/wp\/v2\/product_cat?post=81115"},{"taxonomy":"product_tag","embeddable":true,"href":"https:\/\/www.soanam.de\/nl\/wp-json\/wp\/v2\/product_tag?post=81115"}],"curies":[{"name":"wp","href":"https:\/\/api.w.org\/{rel}","templated":true}]}}