{"id":81012,"date":"2023-12-14T01:43:06","date_gmt":"2023-12-14T00:43:06","guid":{"rendered":"https:\/\/www.soanam.de\/?post_type=product&#038;p=81012"},"modified":"2023-12-14T01:45:25","modified_gmt":"2023-12-14T00:45:25","slug":"came-tv-optimus-3-axis-camera-gimbal-mit-doppelgriff-faltstaender-in-hartschalenkoffer","status":"publish","type":"product","link":"https:\/\/www.soanam.de\/nl\/produkt\/came-tv-optimus-3-axis-camera-gimbal-mit-doppelgriff-faltstaender-in-hartschalenkoffer\/","title":{"rendered":"CAME-TV Optimus 3-Axis Camera Gimbal mit Doppelgriff, Faltst\u00e4nder in Hartschalenkoffer"},"content":{"rendered":"<h3>Beschrijving van de<\/h3>\n<p>Der CAME-TV Optimus 3-Achsen-Kamera-Gimbal erm\u00f6glicht die Einhandbedienung. Alle Bedienelemente und der Akku befinden sich jetzt au\u00dferhalb des Griffs. Der Einzelgriff kann je nach Anforderung des Kameramanns in Doppelgriffe ge\u00e4ndert werden.<\/p>\n<p>Das Design erlaubt es, den Optimus Gimbal auch komplett invertiert oder untergetaucht zu betreiben. Alle Motoren k\u00f6nnen uneingeschr\u00e4nkt um 360\u00b0 gedreht werden, um die Reichweite und Flexibilit\u00e4t w\u00e4hrend des Betriebs zu erh\u00f6hen. Der Gimbal bietet eine Akkulaufzeit von bis zu 10 Stunden mit einer einzigen Ladung. Der einzelne Griff hat einen eingebauten Joystick und der Gimbal enth\u00e4lt auch eine drahtlose Joystick-Fernbedienung.<\/p>\n<p>Der Optimus-Gimbal verf\u00fcgt \u00fcber eine Schnellwechsel-Kameraplatte sowie werkzeuglose Anpassungen f\u00fcr eine einfache und schnelle Kamerabalance. Es wird mit 2 Akkus geliefert, so dass Sie eine Reserve f\u00fcr lange Aufnahmen haben und den Komfort haben, einen aufzuladen, w\u00e4hrend Sie den anderen verwenden.<\/p>\n<p><strong>Artikelzustand: Gebraucht<\/strong><\/p>\n<p><strong>Lieferung: In der Box<\/strong><br \/>\n* CAME-TV Optimus 3-Achsen-Kamera-Gimbal<br \/>\n* Einhandgriff<br \/>\n* 2 x Batterie (je 10 Std.) 800 mAh, 11.1 V<br \/>\n* Akkuladeger\u00e4t<br \/>\n* Schnellwechselplatte<br \/>\n* Drahtlose Joystick-Fernbedienung<br \/>\n* USB-Kabel<br \/>\n* 2 x 1\/4\" Schraube (1\/4\" und 3\/8\")<br \/>\n* Hartschalenkoffer<br \/>\n* Doppelgriff<br \/>\n* Mini-Faltst\u00e4nder<br \/>\n* Magischer Arm mit Klemme<\/p>","protected":false},"excerpt":{"rendered":"<p><strong>Artikelmerkmale<\/strong><\/p>\n<p>* Unterst\u00fctzt kleinere bis mittelgro\u00dfe DSLR- und spiegellose Kameras, einschlie\u00dflich BMPCC, Panasonic GH4, Sony A7r\/A7s-Serie usw. mit leichteren Objektiven<\/p>\n<p>* Bewegen Sie den Joystick (nach oben, unten, links, rechts), um die Richtung zu steuern<\/p>\n<p>* USB-Anschluss f\u00fcr PID- und Software\u00e4nderungen 1\/4\" Schraubenloch f\u00fcr den externen magischen Arm, Monitor und anderes Zubeh\u00f6r<\/p>\n<p>* Schaltfl\u00e4che Arbeitsmodi<\/p>\n<p>* 1\/4-Zoll- und 3\/8-Zoll-Schraubl\u00f6cher f\u00fcr Gimbal-Support-Zubeh\u00f6r<\/p>\n<p>* Wechseln Sie einfach zwischen Einzel- und Doppelgriffen<\/p>\n<p>* 10 Stunden Akkulaufzeit<\/p>\n<p>* Aufladestation<\/p>\n<p>* Vollst\u00e4ndige 360\u00b0-Drehung<\/p>\n<p>* Anti-Vibration behoben<\/p>\n<p>* Enth\u00e4lt eine drahtlose Joystick-Fernbedienung<\/p>","protected":false},"featured_media":81116,"comment_status":"open","ping_status":"closed","template":"","meta":{"_seopress_robots_primary_cat":"","_seopress_titles_title":"","_seopress_titles_desc":"","_seopress_robots_index":""},"product_brand":[],"product_cat":[1730],"product_tag":[],"class_list":{"0":"post-81012","1":"product","2":"type-product","3":"status-publish","4":"has-post-thumbnail","6":"product_cat-sonstiges-2","7":"product_shipping_class-standard-versand","9":"first","10":"instock","11":"sale","12":"taxable","13":"shipping-taxable","14":"purchasable","15":"product-type-simple"},"_links":{"self":[{"href":"https:\/\/www.soanam.de\/nl\/wp-json\/wp\/v2\/product\/81012","targetHints":{"allow":["GET"]}}],"collection":[{"href":"https:\/\/www.soanam.de\/nl\/wp-json\/wp\/v2\/product"}],"about":[{"href":"https:\/\/www.soanam.de\/nl\/wp-json\/wp\/v2\/types\/product"}],"replies":[{"embeddable":true,"href":"https:\/\/www.soanam.de\/nl\/wp-json\/wp\/v2\/comments?post=81012"}],"wp:featuredmedia":[{"embeddable":true,"href":"https:\/\/www.soanam.de\/nl\/wp-json\/wp\/v2\/media\/81116"}],"wp:attachment":[{"href":"https:\/\/www.soanam.de\/nl\/wp-json\/wp\/v2\/media?parent=81012"}],"wp:term":[{"taxonomy":"product_brand","embeddable":true,"href":"https:\/\/www.soanam.de\/nl\/wp-json\/wp\/v2\/product_brand?post=81012"},{"taxonomy":"product_cat","embeddable":true,"href":"https:\/\/www.soanam.de\/nl\/wp-json\/wp\/v2\/product_cat?post=81012"},{"taxonomy":"product_tag","embeddable":true,"href":"https:\/\/www.soanam.de\/nl\/wp-json\/wp\/v2\/product_tag?post=81012"}],"curies":[{"name":"wp","href":"https:\/\/api.w.org\/{rel}","templated":true}]}}