{"id":80969,"date":"2023-12-14T01:42:11","date_gmt":"2023-12-14T00:42:11","guid":{"rendered":"https:\/\/www.soanam.de\/?post_type=product&#038;p=80969"},"modified":"2023-12-14T01:44:25","modified_gmt":"2023-12-14T00:44:25","slug":"a-plus-neubearbeitung-1-und-2-fremdsprache-band-1","status":"publish","type":"product","link":"https:\/\/www.soanam.de\/nl\/produkt\/a-plus-neubearbeitung-1-und-2-fremdsprache-band-1\/","title":{"rendered":"\u00c0 plus ! Nieuwe editie - 1e en 2e vreemde taal - Deel 1"},"content":{"rendered":"<h3>Productbeschrijving<\/h3>\n<p>Sch\u00fclerbuch mit Audios und Videos - Kartoniert<br \/>\nAnne Loose, Catherine Mann-Grabowski, Corinna Martin-Werner, Lara Nikolic<\/p>\n<p><strong>Beschrijving van de<\/strong><br \/>\nF\u00fcr einen noch besseren Franz\u00f6sischunterricht<br \/>\nNeuentwicklung von Bandstruktur und Layout in enger Zusammenarbeit mit einer Vielzahl von Franz\u00f6sischlehrer\/-innen<br \/>\nModerne und intuitive Nutzung durch klaren Aufbau und Gestaltung der Seiten<br \/>\nSchaffbarkeit der Lerninhalte dank nur f\u00fcnf Unit\u00e9s<br \/>\nAlle Audios und Videos des Sch\u00fclerbuchs gratis online und zum Download<br \/>\nFlache Progression<br \/>\nBew\u00e4hrtes Differenzierungskonzept gleich im Sch\u00fclerbuch und mit zus\u00e4tzlichem Differenzierungsmaterial<br \/>\nMehr Wortschatztraining schon im Sch\u00fclerbuch<\/p>\n<p><strong>details<\/strong><br \/>\nOmslag: Paperback<br \/>\nSeitenzahl: 224<br \/>\nErscheinungsdatum: 22.01.2020<br \/>\nTaal: Duits, Frans<br \/>\nISBN: 978-3-06-120972-8<br \/>\nSerie: \u00c0 plus ! Nieuwe editie. 1e en 2e vreemde taal<br \/>\nUitgever: Cornelsen Verlag<br \/>\nMa\u00dfe (L\/B\/H): 26,2\/19,2\/1,5 cm<br \/>\nGewicht: 470 g<br \/>\nIllustraties: talrijke illustraties<br \/>\nSchooltypes: Brede school, basisschool, gymnasium, bovenbouw middelbare school, middelbare school, middelbare school<br \/>\nRangen: 5e klas, 6e klas<br \/>\nOnderwerpen: Frans<br \/>\nDeelstaten: Baden-W\u00fcrttemberg, Berlijn, Brandenburg, Bremen, Hamburg, Hessen, Mecklenburg-Vorpommern, Nedersaksen, Noordrijn-Westfalen, Rijnland-Palts, Saarland, Saksen, Saksen-Anhalt, Sleeswijk-Holstein, Th\u00fcringen<\/p>","protected":false},"excerpt":{"rendered":"<h3>Artikelmerkmale<\/h3>\n<p>Artikelzustand: Neu - Neues, ungelesenes, ungebrauchtes Buch in makellosem Zustand<\/p>\n<table dir=\"ltr\" border=\"1\" cellspacing=\"0\" cellpadding=\"0\">\n<colgroup>\n<col width=\"194\" \/>\n<col width=\"223\" \/><\/colgroup>\n<tbody>\n<tr>\n<td data-sheets-value=\"{&quot;1&quot;:2,&quot;2&quot;:&quot;Anzahl der Seiten:&quot;}\">Anzahl der Seiten:<\/td>\n<td data-sheets-value=\"{&quot;1&quot;:2,&quot;2&quot;:&quot;224 Seiten&quot;}\">224 Seiten<\/td>\n<\/tr>\n<tr>\n<td data-sheets-value=\"{&quot;1&quot;:2,&quot;2&quot;:&quot;Autor:&quot;}\">Autor:<\/td>\n<td data-sheets-value=\"{&quot;1&quot;:2,&quot;2&quot;:&quot;Anne Loose&quot;}\">Anne Loose<\/td>\n<\/tr>\n<tr>\n<td data-sheets-value=\"{&quot;1&quot;:2,&quot;2&quot;:&quot;Bildungsweg:&quot;}\">Bildungsweg:<\/td>\n<td data-sheets-value=\"{&quot;1&quot;:2,&quot;2&quot;:&quot;Orientierungsstufe Bzw. Klasse 5\/6 an Grundschulen in Berlin und Brandenburg, Gesamtschule, Sekundarschule (Alle Kombinierten Haupt- und Realschularten), Gymnasium&quot;}\">\n<div>\n<div>Orientierungsstufe Bzw. Klasse 5\/6 an Grundschulen in Berlin und Brandenburg, Gesamtschule, Sekundarschule (Alle Kombinierten Haupt- und Realschularten), Gymnasium<\/div>\n<\/div>\n<\/td>\n<\/tr>\n<tr>\n<td data-sheets-value=\"{&quot;1&quot;:2,&quot;2&quot;:&quot;Bundesland:&quot;}\">Bundesland:<\/td>\n<td data-sheets-value=\"{&quot;1&quot;:2,&quot;2&quot;:&quot;Baden-W\u00fcrttemberg, Bayern, Berlin, Brandenburg, Bremen, Hamburg, Hessen, Mecklenburg-Vorpommern, Niedersachsen, Nordrhein-Westfalen, Rheinland-Pfalz, Sachsen, Sachsen-Anhalt, Saarland, Schleswig-Holstein, Th\u00fcringen&quot;}\">\n<div>\n<div>Baden-W\u00fcrttemberg, Bayern, Berlin, Brandenburg, Bremen, Hamburg, Hessen, Mecklenburg-Vorpommern, Niedersachsen, Nordrhein-Westfalen, Rheinland-Pfalz, Sachsen, Sachsen-Anhalt, Saarland, Schleswig-Holstein, Th\u00fcringen<\/div>\n<\/div>\n<\/td>\n<\/tr>\n<tr>\n<td data-sheets-value=\"{&quot;1&quot;:2,&quot;2&quot;:&quot;Erscheinungsjahr:&quot;}\">Erscheinungsjahr:<\/td>\n<td data-sheets-value=\"{&quot;1&quot;:3,&quot;3&quot;:2020}\">2020<\/td>\n<\/tr>\n<tr>\n<td data-sheets-value=\"{&quot;1&quot;:2,&quot;2&quot;:&quot;Fach:&quot;}\">Fach:<\/td>\n<td data-sheets-value=\"{&quot;1&quot;:2,&quot;2&quot;:&quot;Franz\u00f6sisch&quot;}\">Franz\u00f6sisch<\/td>\n<\/tr>\n<tr>\n<td data-sheets-value=\"{&quot;1&quot;:2,&quot;2&quot;:&quot;Fachbereich:&quot;}\">Fachbereich:<\/td>\n<td data-sheets-value=\"{&quot;1&quot;:2,&quot;2&quot;:&quot;Sprachenlernen&quot;}\">Sprachenlernen<\/td>\n<\/tr>\n<tr>\n<td data-sheets-value=\"{&quot;1&quot;:2,&quot;2&quot;:&quot;Format:&quot;}\">Format:<\/td>\n<td data-sheets-value=\"{&quot;1&quot;:2,&quot;2&quot;:&quot;Taschenbuch&quot;}\">Paperback<\/td>\n<\/tr>\n<tr>\n<td data-sheets-value=\"{&quot;1&quot;:2,&quot;2&quot;:&quot;ISBN:&quot;}\">ISBN:<\/td>\n<td data-sheets-value=\"{&quot;1&quot;:3,&quot;3&quot;:9783061209728}\">9783061209728<\/td>\n<\/tr>\n<tr>\n<td data-sheets-value=\"{&quot;1&quot;:2,&quot;2&quot;:&quot;Niveau:&quot;}\">Niveau:<\/td>\n<td data-sheets-value=\"{&quot;1&quot;:2,&quot;2&quot;:&quot;Anf\u00e4nger&quot;}\">Anf\u00e4nger<\/td>\n<\/tr>\n<tr>\n<td data-sheets-value=\"{&quot;1&quot;:2,&quot;2&quot;:&quot;Produktart:&quot;}\">Produktart:<\/td>\n<td data-sheets-value=\"{&quot;1&quot;:2,&quot;2&quot;:&quot;Schulbuch&quot;}\">Schulbuch<\/td>\n<\/tr>\n<tr>\n<td data-sheets-value=\"{&quot;1&quot;:2,&quot;2&quot;:&quot;Publikationsname:&quot;}\">Publikationsname:<\/td>\n<td data-sheets-value=\"{&quot;1&quot;:2,&quot;2&quot;:&quot;\u00c0 Plus ! 2. Fremdsprache. Band 1-Sch\u00fclerbuch&quot;}\">\n<div>\n<div>\u00c0 Plus ! 2. Fremdsprache. Band 1-Sch\u00fclerbuch<\/div>\n<\/div>\n<\/td>\n<\/tr>\n<tr>\n<td data-sheets-value=\"{&quot;1&quot;:2,&quot;2&quot;:&quot;Reihe:&quot;}\">Reihe:<\/td>\n<td data-sheets-value=\"{&quot;1&quot;:2,&quot;2&quot;:&quot;\u00c0 plus !&quot;}\">\u00c0 plus !<\/td>\n<\/tr>\n<tr>\n<td data-sheets-value=\"{&quot;1&quot;:2,&quot;2&quot;:&quot;Seitenzahl:&quot;}\">Seitenzahl:<\/td>\n<td data-sheets-value=\"{&quot;1&quot;:3,&quot;3&quot;:224}\">224<\/td>\n<\/tr>\n<tr>\n<td data-sheets-value=\"{&quot;1&quot;:2,&quot;2&quot;:&quot;Sprache:&quot;}\">Sprache:<\/td>\n<td data-sheets-value=\"{&quot;1&quot;:2,&quot;2&quot;:&quot;Deutsch, Franz\u00f6sisch&quot;}\">Deutsch, Franz\u00f6sisch<\/td>\n<\/tr>\n<tr>\n<td data-sheets-value=\"{&quot;1&quot;:2,&quot;2&quot;:&quot;Verlag:&quot;}\">Verlag:<\/td>\n<td data-sheets-value=\"{&quot;1&quot;:2,&quot;2&quot;:&quot;Cornelsen Verlag Gmbh, Cornelsen Verlag&quot;}\">\n<div>\n<div>Cornelsen Verlag Gmbh, Cornelsen Verlag<\/div>\n<\/div>\n<\/td>\n<\/tr>\n<\/tbody>\n<\/table>\n<p>&nbsp;<\/p>","protected":false},"featured_media":81076,"comment_status":"open","ping_status":"closed","template":"","meta":{"_seopress_robots_primary_cat":"","_seopress_titles_title":"","_seopress_titles_desc":"","_seopress_robots_index":""},"product_brand":[],"product_cat":[1428,1429,1430],"product_tag":[],"class_list":{"0":"post-80969","1":"product","2":"type-product","3":"status-publish","4":"has-post-thumbnail","6":"product_cat-buecher","7":"product_cat-jugend","8":"product_cat-lehrbuecher","9":"product_shipping_class-standard-versand","11":"first","12":"instock","13":"sale","14":"taxable","15":"shipping-taxable","16":"purchasable","17":"product-type-simple"},"_links":{"self":[{"href":"https:\/\/www.soanam.de\/nl\/wp-json\/wp\/v2\/product\/80969","targetHints":{"allow":["GET"]}}],"collection":[{"href":"https:\/\/www.soanam.de\/nl\/wp-json\/wp\/v2\/product"}],"about":[{"href":"https:\/\/www.soanam.de\/nl\/wp-json\/wp\/v2\/types\/product"}],"replies":[{"embeddable":true,"href":"https:\/\/www.soanam.de\/nl\/wp-json\/wp\/v2\/comments?post=80969"}],"wp:featuredmedia":[{"embeddable":true,"href":"https:\/\/www.soanam.de\/nl\/wp-json\/wp\/v2\/media\/81076"}],"wp:attachment":[{"href":"https:\/\/www.soanam.de\/nl\/wp-json\/wp\/v2\/media?parent=80969"}],"wp:term":[{"taxonomy":"product_brand","embeddable":true,"href":"https:\/\/www.soanam.de\/nl\/wp-json\/wp\/v2\/product_brand?post=80969"},{"taxonomy":"product_cat","embeddable":true,"href":"https:\/\/www.soanam.de\/nl\/wp-json\/wp\/v2\/product_cat?post=80969"},{"taxonomy":"product_tag","embeddable":true,"href":"https:\/\/www.soanam.de\/nl\/wp-json\/wp\/v2\/product_tag?post=80969"}],"curies":[{"name":"wp","href":"https:\/\/api.w.org\/{rel}","templated":true}]}}