{"id":80840,"date":"2023-12-14T01:39:18","date_gmt":"2023-12-14T00:39:18","guid":{"rendered":"https:\/\/www.soanam.de\/?post_type=product&#038;p=80840"},"modified":"2023-12-14T01:41:54","modified_gmt":"2023-12-14T00:41:54","slug":"bench-kapuzensweatjacke-mit-farblich-abgesetzten-aermeln-in-rosa-weiss-groesse-40-42","status":"publish","type":"product","link":"https:\/\/www.soanam.de\/nl\/produkt\/bench-kapuzensweatjacke-mit-farblich-abgesetzten-aermeln-in-rosa-weiss-groesse-40-42\/","title":{"rendered":"Bank. Sweatjack met capuchon en contrasterende mouwen, in roze en wit, maat 40\/42"},"content":{"rendered":"<p>Zweifarbige Sweatjacke von Bench<br \/>\nCapuchon met bedrukt trekkoord<br \/>\nKontrastfarbene Raglan\u00e4rmel mit Rippb\u00fcndchen<br \/>\nPraktische steekzakken<br \/>\nZachte katoenkwaliteit<\/p>\n<p>Ausgestattet ist das Oberteil mit einer Kapuze mit Kordelzug, einem durchgehenden Rei\u00dfverschluss und einer praktischen K\u00e4ngurutasche.<br \/>\nRippb\u00fcndchen an Saum und \u00c4rmeln sorgen daf\u00fcr, dass die Jacke die K\u00f6rperw\u00e4rme innen beh\u00e4lt.<br \/>\nDer zweifarbige Look und das pr\u00e4sente Markenlogo auf der Jackentasche und den Kordeln machen die Sweatjacke von Bench optisch perfekt und der angenehme Baumwoll-Polyester-Mix sorgen f\u00fcr einen tollen Wohlf\u00fchkfaktor.<\/p>\n<p>Materiaal: 60% katoen, 40% polyester<br \/>\nOnderhoudsinstructies: Machinewas<\/p>\n<p>Kleur: roze-wit<br \/>\nPatroon: zonder<br \/>\nMaat: 40\/42<\/p>\n<p>Schouderbreedte: 53cm<br \/>\nBorstbreedte: 106cm<br \/>\nMouwlengte: 74cm<br \/>\nTotale lengte: 65cm<\/p>\n<p>Dit nieuwe artikel is een retourzending van een klant zonder label.<\/p>","protected":false},"excerpt":{"rendered":"<table class=\"dv_characteristicsTable\">\n<tbody>\n<tr>\n<td class=\"left\">Maat<\/td>\n<td>40\/42<\/td>\n<\/tr>\n<tr>\n<td class=\"left\">Gr\u00f6\u00dfentyp<\/td>\n<td>Normalgr\u00f6\u00dfen<\/td>\n<\/tr>\n<tr>\n<td class=\"left\">Materiaalsamenstelling<\/td>\n<td>Obermaterial: 60% Baumwolle, 40% Polyester<\/td>\n<\/tr>\n<tr>\n<td class=\"left\">Materialart<\/td>\n<td>Sweatware<\/td>\n<\/tr>\n<tr>\n<td class=\"left\">Onderhoudsinstructies<\/td>\n<td>Machinewas<\/td>\n<\/tr>\n<tr>\n<td class=\"left\">Optik<\/td>\n<td>veelkleurig<\/td>\n<\/tr>\n<tr>\n<td class=\"left\">Stil<\/td>\n<td>Basic<\/td>\n<\/tr>\n<tr>\n<td class=\"left\">Kleur<\/td>\n<td>rosa-wei\u00df<\/td>\n<\/tr>\n<tr>\n<td class=\"left\">Kragen<\/td>\n<td>ohne Kragen<\/td>\n<\/tr>\n<tr>\n<td class=\"left\">Ausschnitt<\/td>\n<td>ohne Ausschnitt<\/td>\n<\/tr>\n<tr>\n<td class=\"left\">\u00c4rmel<\/td>\n<td>Lange mouw<\/td>\n<\/tr>\n<tr>\n<td class=\"left\">\u00c4rmelabschluss<\/td>\n<td>breiter Bund<\/td>\n<\/tr>\n<tr>\n<td class=\"left\">Rumpfabschluss<\/td>\n<td>B\u00fcndchen<\/td>\n<\/tr>\n<tr>\n<td class=\"left\">Pas<\/td>\n<td>bequem<\/td>\n<\/tr>\n<tr>\n<td class=\"left\">Schnittform L\u00e4nge<\/td>\n<td>h\u00fcftbedeckend<\/td>\n<\/tr>\n<tr>\n<td class=\"left\">Kapuze<\/td>\n<td>mit Kapuze<\/td>\n<\/tr>\n<tr>\n<td class=\"left\">Kapuzendetails<\/td>\n<td>mit Kordelzug<\/td>\n<\/tr>\n<tr>\n<td class=\"left\">Kapuzenf\u00fctterung<\/td>\n<td>farblich passend<\/td>\n<\/tr>\n<tr>\n<td class=\"left\">Applikationen<\/td>\n<td>Logoschriftzug<\/td>\n<\/tr>\n<tr>\n<td class=\"left\">Tassen<\/td>\n<td>Zakken<\/td>\n<\/tr>\n<tr>\n<td class=\"left\">Verschluss<\/td>\n<td>Ritssluiting<\/td>\n<\/tr>\n<tr>\n<td class=\"left\">Verschlussdetails<\/td>\n<td>durchgehend, vorn<\/td>\n<\/tr>\n<tr>\n<td class=\"left\">Besondere Merkmale<\/td>\n<td>mit farblich abgesetzten \u00c4rmeln<\/td>\n<\/tr>\n<\/tbody>\n<\/table>","protected":false},"featured_media":80952,"comment_status":"open","ping_status":"closed","template":"","meta":{"_seopress_robots_primary_cat":"","_seopress_titles_title":"","_seopress_titles_desc":"","_seopress_robots_index":""},"product_brand":[],"product_cat":[1348,1354,1402,1585,1599],"product_tag":[],"class_list":{"0":"post-80840","1":"product","2":"type-product","3":"status-publish","4":"has-post-thumbnail","6":"product_cat-damen-mode","7":"product_cat-jacken-maentel","8":"product_cat-sportbekleidung-damen-mode","9":"product_cat-jacken-sportbekleidung-damen-mode","10":"product_cat-shirtjacken","11":"product_shipping_class-standard-versand","13":"first","14":"instock","15":"sale","16":"taxable","17":"shipping-taxable","18":"purchasable","19":"product-type-simple"},"_links":{"self":[{"href":"https:\/\/www.soanam.de\/nl\/wp-json\/wp\/v2\/product\/80840","targetHints":{"allow":["GET"]}}],"collection":[{"href":"https:\/\/www.soanam.de\/nl\/wp-json\/wp\/v2\/product"}],"about":[{"href":"https:\/\/www.soanam.de\/nl\/wp-json\/wp\/v2\/types\/product"}],"replies":[{"embeddable":true,"href":"https:\/\/www.soanam.de\/nl\/wp-json\/wp\/v2\/comments?post=80840"}],"wp:featuredmedia":[{"embeddable":true,"href":"https:\/\/www.soanam.de\/nl\/wp-json\/wp\/v2\/media\/80952"}],"wp:attachment":[{"href":"https:\/\/www.soanam.de\/nl\/wp-json\/wp\/v2\/media?parent=80840"}],"wp:term":[{"taxonomy":"product_brand","embeddable":true,"href":"https:\/\/www.soanam.de\/nl\/wp-json\/wp\/v2\/product_brand?post=80840"},{"taxonomy":"product_cat","embeddable":true,"href":"https:\/\/www.soanam.de\/nl\/wp-json\/wp\/v2\/product_cat?post=80840"},{"taxonomy":"product_tag","embeddable":true,"href":"https:\/\/www.soanam.de\/nl\/wp-json\/wp\/v2\/product_tag?post=80840"}],"curies":[{"name":"wp","href":"https:\/\/api.w.org\/{rel}","templated":true}]}}