{"id":80632,"date":"2023-12-14T01:34:54","date_gmt":"2023-12-14T00:34:54","guid":{"rendered":"https:\/\/www.soanam.de\/?post_type=product&#038;p=80632"},"modified":"2023-12-14T01:37:20","modified_gmt":"2023-12-14T00:37:20","slug":"constantin-film-het-geheime-leven-van-bomen-dvd-met-peter-wolleben","status":"publish","type":"product","link":"https:\/\/www.soanam.de\/nl\/produkt\/constantin-film-das-geheime-leben-der-baeume-dvd-mit-peter-wolleben\/","title":{"rendered":"Constantin Film - Das geheime Leben der B\u00e4ume, DVD mit Peter Wolleben"},"content":{"rendered":"<h3>Productbeschrijving<\/h3>\n<p>Regie: Adolph, J\u00f6rg; Mit Wohlleben, Peter<\/p>\n<p>Die ganze Welt spricht \u00fcber die Umwelt und h\u00f6rt dabei oft der Natur selbst gar nicht zu. Ein Mann hat sich zur Aufgabe gemacht, das zu \u00e4ndern und damit Millionen erreicht. In \"Das geheime Leben der B\u00e4ume\" \u00f6ffnet uns Peter Wohlleben die Augen \u00fcber die verborgene Welt des Waldes.<\/p>\n<p>Die fesselnde Dokumentation gibt einen faszinierenden Einblick in das komplexe Zusammenleben der B\u00e4ume und folgt gleichzeitig Peter Wohlleben dabei, wie er auch au\u00dferhalb der Landesgrenzen f\u00fcr ein neues Verst\u00e4ndnis des Waldes wirbt. Auf diese Weise entsteht ein ebenso intimes wie humorvolles Portr\u00e4t.<\/p>\n<p>Als Peter Wohlleben 2015 sein Buch \"Das geheime Leben der B\u00e4ume\" ver\u00f6ffentlicht, st\u00fcrmt er damit \u00fcber Nacht alle Bestsellerlisten: Wie der F\u00f6rster aus der Gemeinde Wershofen hat noch niemand \u00fcber den deutschen Wald geschrieben. Auf unterhaltsame und erhellende Weise erz\u00e4hlt Wohlleben von der Solidarit\u00e4t und dem Zusammenhalt der B\u00e4ume und trifft damit bei seiner stetig wachsenden Lesergemeinde einen Nerv: In Waldf\u00fchrungen und Lesungen bringt er den Menschen diese au\u00dfergew\u00f6hnlichen Lebewesen n\u00e4her. Wohlleben reist nach Schweden zum \u00e4ltesten Baum der Erde, er besucht Betriebe in Vancouver, die einen neuen Ansatz im Umgang mit dem Wald suchen, er schl\u00e4gt sich auf die Seite der Demonstranten im Hambacher Forst. Weil er wei\u00df, dass wir Menschen nur dann \u00fcberleben werden, wenn es auch dem Wald gut geht - und es bereits F\u00fcnf vor Zw\u00f6lf ist...<\/p>\n<p><strong>Bonusmaterial<\/strong><br \/>\nInterview mit Peter Wohlleben<\/p>\n<p><strong>Productgegevens<\/strong><br \/>\nAnzahl: 1 DVD<br \/>\nHersteller: Constantin Film<br \/>\nGesamtlaufzeit: 97 Min.<br \/>\nErscheinungstermin: 1. Oktober 2020<br \/>\nFSK: ohne Alterseinschr\u00e4nkung gem\u00e4\u00df \u00a714 JuSchG<br \/>\nSprachen: Deutsch<br \/>\nUntertitel: Deutsch<br \/>\nRegionalcode: 2<br \/>\nBildformat: 1.85:1 \/ SDTV 576i (PAL) \/ Anamorph<br \/>\nTonformat: Deutsch DD 2.0 Stereo ...<br \/>\nEAN: 4011976904182<\/p>","protected":false},"excerpt":{"rendered":"<h3>Artikelmerkmale<\/h3>\n<p>Artikelzustand: Neu - Artikel, dessen Originalverpackung (sofern zutreffend) nicht ge\u00f6ffnet oder entfernt wurde<\/p>\n<table dir=\"ltr\" border=\"1\" cellspacing=\"0\" cellpadding=\"0\">\n<colgroup>\n<col width=\"194\" \/>\n<col width=\"259\" \/><\/colgroup>\n<tbody>\n<tr>\n<td data-sheets-value=\"{&quot;1&quot;:2,&quot;2&quot;:&quot;Darsteller:&quot;}\">Darsteller:<\/td>\n<td data-sheets-value=\"{&quot;1&quot;:2,&quot;2&quot;:&quot;Peter Wolleben&quot;}\">Peter Wolleben<\/td>\n<\/tr>\n<tr>\n<td data-sheets-value=\"{&quot;1&quot;:2,&quot;2&quot;:&quot;DVD-Auflagenjahr:&quot;}\">DVD-Auflagenjahr:<\/td>\n<td data-sheets-value=\"{&quot;1&quot;:3,&quot;3&quot;:2019}\">2019<\/td>\n<\/tr>\n<tr>\n<td data-sheets-value=\"{&quot;1&quot;:2,&quot;2&quot;:&quot;EAN:&quot;}\">EAN:<\/td>\n<td data-sheets-value=\"{&quot;1&quot;:3,&quot;3&quot;:4011976904182}\">4011976904182<\/td>\n<\/tr>\n<tr>\n<td data-sheets-value=\"{&quot;1&quot;:2,&quot;2&quot;:&quot;Edition:&quot;}\">Edition:<\/td>\n<td data-sheets-value=\"{&quot;1&quot;:2,&quot;2&quot;:&quot;Standard Edition&quot;}\">Standard Edition<\/td>\n<\/tr>\n<tr>\n<td data-sheets-value=\"{&quot;1&quot;:2,&quot;2&quot;:&quot;Erscheinungsjahr:&quot;}\">Erscheinungsjahr:<\/td>\n<td data-sheets-value=\"{&quot;1&quot;:3,&quot;3&quot;:2020}\">2020<\/td>\n<\/tr>\n<tr>\n<td data-sheets-value=\"{&quot;1&quot;:2,&quot;2&quot;:&quot;Film-\/Fernseh-Titel:&quot;}\">Film-\/Fernseh-Titel:<\/td>\n<td data-sheets-value=\"{&quot;1&quot;:2,&quot;2&quot;:&quot;Das geheime Leben der B\u00e4ume&quot;}\">Das geheime Leben der B\u00e4ume<\/td>\n<\/tr>\n<tr>\n<td data-sheets-value=\"{&quot;1&quot;:2,&quot;2&quot;:&quot;Format:&quot;}\">Format:<\/td>\n<td data-sheets-value=\"{&quot;1&quot;:2,&quot;2&quot;:&quot;DVD Video&quot;}\">DVD Video<\/td>\n<\/tr>\n<tr>\n<td data-sheets-value=\"{&quot;1&quot;:2,&quot;2&quot;:&quot;FSK-Einstufung:&quot;}\">FSK-Einstufung:<\/td>\n<td data-sheets-value=\"{&quot;1&quot;:3,&quot;3&quot;:0}\">0<\/td>\n<\/tr>\n<tr>\n<td data-sheets-value=\"{&quot;1&quot;:2,&quot;2&quot;:&quot;Genre:&quot;}\">Genre:<\/td>\n<td data-sheets-value=\"{&quot;1&quot;:2,&quot;2&quot;:&quot;Dokumentarfilm&quot;}\">Dokumentarfilm<\/td>\n<\/tr>\n<tr>\n<td data-sheets-value=\"{&quot;1&quot;:2,&quot;2&quot;:&quot;Herstellungsland und -region:&quot;}\">Herstellungsland und -region:<\/td>\n<td data-sheets-value=\"{&quot;1&quot;:2,&quot;2&quot;:&quot;Deutschland&quot;}\">Duitsland<\/td>\n<\/tr>\n<tr>\n<td data-sheets-value=\"{&quot;1&quot;:2,&quot;2&quot;:&quot;H\u00fcllenart:&quot;}\">H\u00fcllenart:<\/td>\n<td data-sheets-value=\"{&quot;1&quot;:2,&quot;2&quot;:&quot;Papph\u00fclse&quot;}\">Papph\u00fclse<\/td>\n<\/tr>\n<tr>\n<td data-sheets-value=\"{&quot;1&quot;:2,&quot;2&quot;:&quot;Modifizierter Artikel:&quot;}\">Modifizierter Artikel:<\/td>\n<td data-sheets-value=\"{&quot;1&quot;:2,&quot;2&quot;:&quot;Nein&quot;}\">Nein<\/td>\n<\/tr>\n<tr>\n<td data-sheets-value=\"{&quot;1&quot;:2,&quot;2&quot;:&quot;Regionalcode:&quot;}\">Regionalcode:<\/td>\n<td data-sheets-value=\"{&quot;1&quot;:2,&quot;2&quot;:&quot;DVD: 2 (Europa, Japan, Naher Osten\u2026)&quot;}\">DVD: 2 (Europa, Japan, Naher Osten\u2026)<\/td>\n<\/tr>\n<tr>\n<td data-sheets-value=\"{&quot;1&quot;:2,&quot;2&quot;:&quot;Regisseur:&quot;}\">Regisseur:<\/td>\n<td data-sheets-value=\"{&quot;1&quot;:2,&quot;2&quot;:&quot;J\u00f6rg Adolph&quot;}\">J\u00f6rg Adolph<\/td>\n<\/tr>\n<tr>\n<td data-sheets-value=\"{&quot;1&quot;:2,&quot;2&quot;:&quot;Spielname:&quot;}\">Spielname:<\/td>\n<td data-sheets-value=\"{&quot;1&quot;:2,&quot;2&quot;:&quot;Das geheime Leben der B\u00e4ume&quot;}\">Das geheime Leben der B\u00e4ume<\/td>\n<\/tr>\n<tr>\n<td data-sheets-value=\"{&quot;1&quot;:2,&quot;2&quot;:&quot;Sprache:&quot;}\">Sprache:<\/td>\n<td data-sheets-value=\"{&quot;1&quot;:2,&quot;2&quot;:&quot;Deutsch&quot;}\">Duits<\/td>\n<\/tr>\n<tr>\n<td data-sheets-value=\"{&quot;1&quot;:2,&quot;2&quot;:&quot;Studio:&quot;}\">Studio:<\/td>\n<td data-sheets-value=\"{&quot;1&quot;:2,&quot;2&quot;:&quot;Constantin Film&quot;}\">Constantin Film<\/td>\n<\/tr>\n<tr>\n<td data-sheets-value=\"{&quot;1&quot;:2,&quot;2&quot;:&quot;Subgenre:&quot;}\">Subgenre:<\/td>\n<td data-sheets-value=\"{&quot;1&quot;:2,&quot;2&quot;:&quot;Welt der Natur&quot;}\">Welt der Natur<\/td>\n<\/tr>\n<\/tbody>\n<\/table>","protected":false},"featured_media":80746,"comment_status":"open","ping_status":"closed","template":"","meta":{"_seopress_robots_primary_cat":"","_seopress_titles_title":"","_seopress_titles_desc":"","_seopress_robots_index":""},"product_brand":[],"product_cat":[1423,1424],"product_tag":[],"class_list":{"0":"post-80632","1":"product","2":"type-product","3":"status-publish","4":"has-post-thumbnail","6":"product_cat-multimedia","7":"product_cat-dvds","8":"product_shipping_class-standard-versand","10":"first","11":"instock","12":"sale","13":"taxable","14":"shipping-taxable","15":"purchasable","16":"product-type-simple"},"_links":{"self":[{"href":"https:\/\/www.soanam.de\/nl\/wp-json\/wp\/v2\/product\/80632","targetHints":{"allow":["GET"]}}],"collection":[{"href":"https:\/\/www.soanam.de\/nl\/wp-json\/wp\/v2\/product"}],"about":[{"href":"https:\/\/www.soanam.de\/nl\/wp-json\/wp\/v2\/types\/product"}],"replies":[{"embeddable":true,"href":"https:\/\/www.soanam.de\/nl\/wp-json\/wp\/v2\/comments?post=80632"}],"wp:featuredmedia":[{"embeddable":true,"href":"https:\/\/www.soanam.de\/nl\/wp-json\/wp\/v2\/media\/80746"}],"wp:attachment":[{"href":"https:\/\/www.soanam.de\/nl\/wp-json\/wp\/v2\/media?parent=80632"}],"wp:term":[{"taxonomy":"product_brand","embeddable":true,"href":"https:\/\/www.soanam.de\/nl\/wp-json\/wp\/v2\/product_brand?post=80632"},{"taxonomy":"product_cat","embeddable":true,"href":"https:\/\/www.soanam.de\/nl\/wp-json\/wp\/v2\/product_cat?post=80632"},{"taxonomy":"product_tag","embeddable":true,"href":"https:\/\/www.soanam.de\/nl\/wp-json\/wp\/v2\/product_tag?post=80632"}],"curies":[{"name":"wp","href":"https:\/\/api.w.org\/{rel}","templated":true}]}}