{"id":80616,"date":"2023-12-14T01:34:30","date_gmt":"2023-12-14T00:34:30","guid":{"rendered":"https:\/\/www.soanam.de\/?post_type=product&#038;p=80616"},"modified":"2023-12-14T01:37:12","modified_gmt":"2023-12-14T00:37:12","slug":"baby-langarmbody-2er-pack-bio-baumwolle-unigestreift-aqua-blau-groesse-80-86","status":"publish","type":"product","link":"https:\/\/www.soanam.de\/nl\/produkt\/baby-langarmbody-2er-pack-bio-baumwolle-unigestreift-aqua-blau-groesse-80-86\/","title":{"rendered":"Baby Langarmbody (2er-Pack) Bio-Baumwolle, uni+gestreift, aqua-blau, Gr\u00f6\u00dfe 80\/86"},"content":{"rendered":"<h3>Productbeschrijving<\/h3>\n<p>Davon kann man nie genug haben - dieser s\u00fc\u00dfe Baby Body aus der aktuellen Kollektion von bpc ist ein echtes Basic f\u00fcr den Alltag mit einem Baby.Der praktische Pack enth\u00e4lt einen unifarbenen sowie einen gestreiften Body mit platziertem Druck vorn. \u00dcberlappende Schultern\u00e4hte und eine Druckknopfleiste im Schritt erleichtern den Eltern das An- und Ausziehen.<\/p>\n<p><strong>details<\/strong><br \/>\nMaterial:100% Baumwolle (organic)<br \/>\nFarbe: aqua\/dunkelblau<br \/>\nPatroon: Eenkleurig<br \/>\nVerschluss: Druckkn\u00f6pfe, im Schritt zu schlie\u00dfen<br \/>\nNachhaltigkeit: Sustainable Product, Bio-Baumwolle, Gr\u00fcner Knopf<\/p>","protected":false},"excerpt":{"rendered":"<h3>Artikelmerkmale<\/h3>\n<p>Artikelzustand: Neu mit Etikett - Neuer, unbenutzter und nicht getragener Artikel, in der Originalverpackung<\/p>\n<table dir=\"ltr\" border=\"1\" cellspacing=\"0\" cellpadding=\"0\">\n<colgroup>\n<col width=\"194\" \/>\n<col width=\"227\" \/><\/colgroup>\n<tbody>\n<tr>\n<td data-sheets-value=\"{&quot;1&quot;:2,&quot;2&quot;:&quot;Abteilung:&quot;}\">Abteilung:<\/td>\n<td data-sheets-value=\"{&quot;1&quot;:2,&quot;2&quot;:&quot;Unisex&quot;}\">Unisex<\/td>\n<\/tr>\n<tr>\n<td data-sheets-value=\"{&quot;1&quot;:2,&quot;2&quot;:&quot;Anzahl pro Packung:&quot;}\">Anzahl pro Packung:<\/td>\n<td data-sheets-value=\"{&quot;1&quot;:2,&quot;2&quot;:&quot;2er Pack&quot;}\">2er Pack<\/td>\n<\/tr>\n<tr>\n<td data-sheets-value=\"{&quot;1&quot;:2,&quot;2&quot;:&quot;EAN:&quot;}\">EAN:<\/td>\n<td data-sheets-value=\"{&quot;1&quot;:3,&quot;3&quot;:8904337812669}\">8904337812669<\/td>\n<\/tr>\n<tr>\n<td data-sheets-value=\"{&quot;1&quot;:2,&quot;2&quot;:&quot;Farbe:&quot;}\">Kleur:<\/td>\n<td data-sheets-value=\"{&quot;1&quot;:2,&quot;2&quot;:&quot;Aqua, Blau&quot;}\">Aqua, Blau<\/td>\n<\/tr>\n<tr>\n<td data-sheets-value=\"{&quot;1&quot;:2,&quot;2&quot;:&quot;Gr\u00f6\u00dfe:&quot;}\">Grootte:<\/td>\n<td data-sheets-value=\"{&quot;1&quot;:2,&quot;2&quot;:&quot;80\/86&quot;}\">80\/86<\/td>\n<\/tr>\n<tr>\n<td data-sheets-value=\"{&quot;1&quot;:2,&quot;2&quot;:&quot;Marke:&quot;}\">Marke:<\/td>\n<td data-sheets-value=\"{&quot;1&quot;:2,&quot;2&quot;:&quot;bpc&quot;}\">bpc<\/td>\n<\/tr>\n<tr>\n<td data-sheets-value=\"{&quot;1&quot;:2,&quot;2&quot;:&quot;Material:&quot;}\">Materiaal:<\/td>\n<td data-sheets-value=\"{&quot;1&quot;:2,&quot;2&quot;:&quot;Bio-Baumwolle&quot;}\">Biologisch katoen<\/td>\n<\/tr>\n<tr>\n<td data-sheets-value=\"{&quot;1&quot;:2,&quot;2&quot;:&quot;Modifizierter Artikel:&quot;}\">Modifizierter Artikel:<\/td>\n<td data-sheets-value=\"{&quot;1&quot;:2,&quot;2&quot;:&quot;Nein&quot;}\">Nein<\/td>\n<\/tr>\n<tr>\n<td data-sheets-value=\"{&quot;1&quot;:2,&quot;2&quot;:&quot;Muster:&quot;}\">Muster:<\/td>\n<td data-sheets-value=\"{&quot;1&quot;:2,&quot;2&quot;:&quot;Uni+Gestreift&quot;}\">Uni+Gestreift<\/td>\n<\/tr>\n<tr>\n<td data-sheets-value=\"{&quot;1&quot;:2,&quot;2&quot;:&quot;Produktart:&quot;}\">Produktart:<\/td>\n<td data-sheets-value=\"{&quot;1&quot;:2,&quot;2&quot;:&quot;Body&quot;}\">Body<\/td>\n<\/tr>\n<tr>\n<td data-sheets-value=\"{&quot;1&quot;:2,&quot;2&quot;:&quot;Stil:&quot;}\">Stil:<\/td>\n<td data-sheets-value=\"{&quot;1&quot;:2,&quot;2&quot;:&quot;Einteiler&quot;}\">Einteiler<\/td>\n<\/tr>\n<\/tbody>\n<\/table>","protected":false},"featured_media":80741,"comment_status":"open","ping_status":"closed","template":"","meta":{"_seopress_robots_primary_cat":"","_seopress_titles_title":"","_seopress_titles_desc":"","_seopress_robots_index":""},"product_brand":[],"product_cat":[1351,1510,1604],"product_tag":[],"class_list":{"0":"post-80616","1":"product","2":"type-product","3":"status-publish","4":"has-post-thumbnail","6":"product_cat-kindermode","7":"product_cat-unterwaesche-kindermode","8":"product_cat-bodies-unterwaesche-kindermode","9":"product_shipping_class-standard-versand","11":"first","12":"instock","13":"sale","14":"taxable","15":"shipping-taxable","16":"purchasable","17":"product-type-simple"},"_links":{"self":[{"href":"https:\/\/www.soanam.de\/nl\/wp-json\/wp\/v2\/product\/80616","targetHints":{"allow":["GET"]}}],"collection":[{"href":"https:\/\/www.soanam.de\/nl\/wp-json\/wp\/v2\/product"}],"about":[{"href":"https:\/\/www.soanam.de\/nl\/wp-json\/wp\/v2\/types\/product"}],"replies":[{"embeddable":true,"href":"https:\/\/www.soanam.de\/nl\/wp-json\/wp\/v2\/comments?post=80616"}],"wp:featuredmedia":[{"embeddable":true,"href":"https:\/\/www.soanam.de\/nl\/wp-json\/wp\/v2\/media\/80741"}],"wp:attachment":[{"href":"https:\/\/www.soanam.de\/nl\/wp-json\/wp\/v2\/media?parent=80616"}],"wp:term":[{"taxonomy":"product_brand","embeddable":true,"href":"https:\/\/www.soanam.de\/nl\/wp-json\/wp\/v2\/product_brand?post=80616"},{"taxonomy":"product_cat","embeddable":true,"href":"https:\/\/www.soanam.de\/nl\/wp-json\/wp\/v2\/product_cat?post=80616"},{"taxonomy":"product_tag","embeddable":true,"href":"https:\/\/www.soanam.de\/nl\/wp-json\/wp\/v2\/product_tag?post=80616"}],"curies":[{"name":"wp","href":"https:\/\/api.w.org\/{rel}","templated":true}]}}