{"id":80533,"date":"2023-12-14T01:32:41","date_gmt":"2023-12-14T00:32:41","guid":{"rendered":"https:\/\/www.soanam.de\/?post_type=product&#038;p=80533"},"modified":"2023-12-14T01:34:58","modified_gmt":"2023-12-14T00:34:58","slug":"kangaroos-kapuzensweatjacke-in-dunkelorange-groesse-44-46","status":"publish","type":"product","link":"https:\/\/www.soanam.de\/nl\/produkt\/kangaroos-kapuzensweatjacke-in-dunkelorange-groesse-44-46\/","title":{"rendered":"KangaROOS sweatjack met capuchon, in donkeroranje, maat 44\/46"},"content":{"rendered":"<p>Sweatshirt-Jacke mit hohem Steg an der Kapuze von KangaROOS<br \/>\nFigurumspielende Sweatshirtjacke mit Kapuze<br \/>\nMit praktischer K\u00e4ngurutasche<br \/>\nMit Tunnelzugkapuze<br \/>\nKuscheliger French-Terry aus Baumwoll-Mix mit angerauter Innenseite<\/p>\n<p>Die kuschelige French-Terry-Jacke von KangaROOS geh\u00f6rt in jeden Kleiderschrank.<br \/>\nDie Passform l\u00e4sst Spielraum, um sich frei bewegen zu k\u00f6nnen, die weich angeraute Innenseite w\u00e4rmt an k\u00fchlen Tagen und die hoch abschlie\u00dfende Front an der gef\u00fctterten Tunnelzugkapuze sch\u00fctzt bei Wind und Wetter.<\/p>\n<p>Materiaal: 80% katoen, 20% polyester<br \/>\nOnderhoudsinstructies: Machinewas<\/p>\n<p>Farbe: dunkelorange<br \/>\nPatroon: zonder<br \/>\nGrootte: 44\/46<\/p>\n<p>Schouderbreedte: 49cm<br \/>\nBorstbreedte: 124cm<br \/>\nMouwlengte: 59cm<br \/>\nTotale lengte: 68cm<\/p>\n<p>Dit nieuwe artikel is een retourzending van een klant zonder label.<\/p>","protected":false},"excerpt":{"rendered":"<table class=\"dv_characteristicsTable\">\n<tbody>\n<tr>\n<td class=\"left\">Maat<\/td>\n<td>44\/46 (L)<\/td>\n<\/tr>\n<tr>\n<td class=\"left\">Gr\u00f6\u00dfentyp<\/td>\n<td>Normalgr\u00f6\u00dfen<\/td>\n<\/tr>\n<tr>\n<td class=\"left\">Materiaalsamenstelling<\/td>\n<td>Obermaterial: 80% Baumwolle, 20% Polyester<\/td>\n<\/tr>\n<tr>\n<td class=\"left\">Materialart<\/td>\n<td>angeraute Sweatware<\/td>\n<\/tr>\n<tr>\n<td class=\"left\">Onderhoudsinstructies<\/td>\n<td>Machinewas<\/td>\n<\/tr>\n<tr>\n<td class=\"left\">Optik<\/td>\n<td>unifarben, kontrastfarbene Details<\/td>\n<\/tr>\n<tr>\n<td class=\"left\">Stil<\/td>\n<td>casual<\/td>\n<\/tr>\n<tr>\n<td class=\"left\">Kleur<\/td>\n<td>dunkelorange<\/td>\n<\/tr>\n<tr>\n<td class=\"left\">\u00c4rmel<\/td>\n<td>Lange mouw<\/td>\n<\/tr>\n<tr>\n<td class=\"left\">\u00c4rmelabschluss<\/td>\n<td>Rippb\u00fcndchen<\/td>\n<\/tr>\n<tr>\n<td class=\"left\">Rumpfabschluss<\/td>\n<td>Rippb\u00fcndchen<\/td>\n<\/tr>\n<tr>\n<td class=\"left\">Pas<\/td>\n<td>figurumspielend<\/td>\n<\/tr>\n<tr>\n<td class=\"left\">Schnittform L\u00e4nge<\/td>\n<td>h\u00fcftbedeckend<\/td>\n<\/tr>\n<tr>\n<td class=\"left\">Kapuze<\/td>\n<td>mit Kapuze<\/td>\n<\/tr>\n<tr>\n<td class=\"left\">Kapuzendetails<\/td>\n<td>mit Kordelzug<\/td>\n<\/tr>\n<tr>\n<td class=\"left\">Applikationen<\/td>\n<td>Markenlabel, Badge<\/td>\n<\/tr>\n<tr>\n<td class=\"left\">Tassen<\/td>\n<td>Kangoeroezak<\/td>\n<\/tr>\n<tr>\n<td class=\"left\">Verschluss<\/td>\n<td>Ritssluiting<\/td>\n<\/tr>\n<tr>\n<td class=\"left\">Besondere Merkmale<\/td>\n<td>mit hohem Kapuzensteg<\/td>\n<\/tr>\n<\/tbody>\n<\/table>","protected":false},"featured_media":80636,"comment_status":"open","ping_status":"closed","template":"","meta":{"_seopress_robots_primary_cat":"","_seopress_titles_title":"","_seopress_titles_desc":"","_seopress_robots_index":""},"product_brand":[],"product_cat":[1348,1354,1402,1585,1599],"product_tag":[],"class_list":{"0":"post-80533","1":"product","2":"type-product","3":"status-publish","4":"has-post-thumbnail","6":"product_cat-damen-mode","7":"product_cat-jacken-maentel","8":"product_cat-sportbekleidung-damen-mode","9":"product_cat-jacken-sportbekleidung-damen-mode","10":"product_cat-shirtjacken","11":"product_shipping_class-standard-versand","13":"first","14":"instock","15":"sale","16":"taxable","17":"shipping-taxable","18":"purchasable","19":"product-type-simple"},"_links":{"self":[{"href":"https:\/\/www.soanam.de\/nl\/wp-json\/wp\/v2\/product\/80533","targetHints":{"allow":["GET"]}}],"collection":[{"href":"https:\/\/www.soanam.de\/nl\/wp-json\/wp\/v2\/product"}],"about":[{"href":"https:\/\/www.soanam.de\/nl\/wp-json\/wp\/v2\/types\/product"}],"replies":[{"embeddable":true,"href":"https:\/\/www.soanam.de\/nl\/wp-json\/wp\/v2\/comments?post=80533"}],"wp:featuredmedia":[{"embeddable":true,"href":"https:\/\/www.soanam.de\/nl\/wp-json\/wp\/v2\/media\/80636"}],"wp:attachment":[{"href":"https:\/\/www.soanam.de\/nl\/wp-json\/wp\/v2\/media?parent=80533"}],"wp:term":[{"taxonomy":"product_brand","embeddable":true,"href":"https:\/\/www.soanam.de\/nl\/wp-json\/wp\/v2\/product_brand?post=80533"},{"taxonomy":"product_cat","embeddable":true,"href":"https:\/\/www.soanam.de\/nl\/wp-json\/wp\/v2\/product_cat?post=80533"},{"taxonomy":"product_tag","embeddable":true,"href":"https:\/\/www.soanam.de\/nl\/wp-json\/wp\/v2\/product_tag?post=80533"}],"curies":[{"name":"wp","href":"https:\/\/api.w.org\/{rel}","templated":true}]}}