{"id":80493,"date":"2023-12-14T01:31:53","date_gmt":"2023-12-14T00:31:53","guid":{"rendered":"https:\/\/www.soanam.de\/?post_type=product&#038;p=80493"},"modified":"2024-10-09T16:03:06","modified_gmt":"2024-10-09T14:03:06","slug":"nav-scandinavia-elevate-dragonfly-mobile-zilver-3-libellen-roestvrij-staal","status":"publish","type":"product","link":"https:\/\/www.soanam.de\/nl\/produkt\/nav-scandinavia-elevate-dragonfly-mobile-silver-3-dragonflies-stainless-steel\/","title":{"rendered":"NAV Scandinavia Elevate Libellen Mobiel Zilver, 3 Libellen - Roestvrij Staal"},"content":{"rendered":"<p>3 Dragonflies - Stainless Steel Mobile with Dragonflies Decoration Hanging, Soothing Movement and Balance, 43 x 41 cm, Scandinavian Design<\/p>\n<h3>Beschrijving van de<\/h3>\n<p>Kunstige libellen stijgen op in de lucht in geraffineerde design mobielen in een werveling van rustgevende beweging<\/p>\n<p>Ongelooflijke details en geraffineerd ontwerp - elke individuele hanger is een kunstwerk dat als geheel een verfijnd statementstuk vormt.<br \/>\nEin anmutiges dekoratives Design, das Ihrem Wohnzimmer, Schlafzimmer, Kinderzimmer oder B\u00fcro ein Gef\u00fchl von Ruhe und Gelassenheit verleiht - eine Freude an spielerischer Bewegung und Zen-\u00e4hnlicher Balance<br \/>\nEen vleugje subtiele elegantie: hanger met een opengewerkt patroon van 3 mm dun roestvrij staal in hoogglanzend zilver.<br \/>\nHoogwaardige materialen: delicate maar duurzame roestvrijstalen staafjes en sterk gevlochten draadgaren van 0,2 mm voor een duurzame stijl<br \/>\nLeicht und einfach aufzuh\u00e4ngen: Ein subtiler und funktionaler Karabinerring bietet H\u00f6henverstellbarkeit und eine Vielzahl von Aufh\u00e4ngem\u00f6glichkeiten - von einem Haken an der Decke oder um einen Balken geschlungen<br \/>\nElke mobiel wordt geleverd met 2 meter gevlochten draadkoord, dat veel flexibiliteit biedt bij het ophangen en waarmee je de ophanghoogte gemakkelijk kunt kiezen en veranderen<br \/>\nHang ze over lage meubels zoals dressoirs of tafels om lege ruimte op te vullen, voeg variatie toe in de hoek van een kamer of plaats ze voor een raam om natuurlijk licht te vangen.<br \/>\nNiet alleen voor thuis, ELEVATE is een blikvanger voor wachtkamers, restaurants, hotellobby's of kamers.<\/p>\n<p>Geschenkidee: Ein wundersch\u00f6nes St\u00fcck Design f\u00fcr den Kunstliebhaber oder Naturliebhaber, der es liebt, sich zu entspannen, zu entspannen und das Leben zu genie\u00dfen - perfekt f\u00fcr den Mann oder die Frau, die die klaren und einfachen Qualit\u00e4ten des skandinavischen Designs sch\u00e4tzen. Ideal f\u00fcr Geburtstage, Weihnachten, Muttertag oder Vatertag<br \/>\nScandinavisch ontwerp door: NAV Scandinavi\u00eb Designteam<\/p>","protected":false},"excerpt":{"rendered":"<p>Staat van het item: Nieuw met label: Nieuw, ongebruikt en ongedragen item in de originele verpakking<\/p>\n<p>Abmessung: 360 x 100 x 360<\/p>\n<p>Material Libelle:<\/p>\n<p>Silber: 0,3 mm Edelstahl 304, poliert<br \/>\nDrahtgestell: 0,6 - 1 mm Edelstahldraht<br \/>\nSchnur: 0,2 mm geflochtenes Drahtseil - Inklusive verstellbarer 200 cm langer Aufh\u00e4ngeschnur mit Karabinerhaken zum Aufh\u00e4ngen<\/p>","protected":false},"featured_media":80582,"comment_status":"open","ping_status":"closed","template":"","meta":{"_seopress_robots_primary_cat":"","_seopress_titles_title":"","_seopress_titles_desc":"","_seopress_robots_index":""},"product_brand":[],"product_cat":[1400,1420],"product_tag":[],"class_list":{"0":"post-80493","1":"product","2":"type-product","3":"status-publish","4":"has-post-thumbnail","6":"product_cat-wohnzubehoer","7":"product_cat-wohndekoration","9":"first","10":"outofstock","11":"sale","12":"taxable","13":"shipping-taxable","14":"purchasable","15":"product-type-simple"},"_links":{"self":[{"href":"https:\/\/www.soanam.de\/nl\/wp-json\/wp\/v2\/product\/80493","targetHints":{"allow":["GET"]}}],"collection":[{"href":"https:\/\/www.soanam.de\/nl\/wp-json\/wp\/v2\/product"}],"about":[{"href":"https:\/\/www.soanam.de\/nl\/wp-json\/wp\/v2\/types\/product"}],"replies":[{"embeddable":true,"href":"https:\/\/www.soanam.de\/nl\/wp-json\/wp\/v2\/comments?post=80493"}],"wp:featuredmedia":[{"embeddable":true,"href":"https:\/\/www.soanam.de\/nl\/wp-json\/wp\/v2\/media\/80582"}],"wp:attachment":[{"href":"https:\/\/www.soanam.de\/nl\/wp-json\/wp\/v2\/media?parent=80493"}],"wp:term":[{"taxonomy":"product_brand","embeddable":true,"href":"https:\/\/www.soanam.de\/nl\/wp-json\/wp\/v2\/product_brand?post=80493"},{"taxonomy":"product_cat","embeddable":true,"href":"https:\/\/www.soanam.de\/nl\/wp-json\/wp\/v2\/product_cat?post=80493"},{"taxonomy":"product_tag","embeddable":true,"href":"https:\/\/www.soanam.de\/nl\/wp-json\/wp\/v2\/product_tag?post=80493"}],"curies":[{"name":"wp","href":"https:\/\/api.w.org\/{rel}","templated":true}]}}