{"id":80491,"date":"2023-12-14T01:31:52","date_gmt":"2023-12-14T00:31:52","guid":{"rendered":"https:\/\/www.soanam.de\/?post_type=product&#038;p=80491"},"modified":"2023-12-14T01:33:41","modified_gmt":"2023-12-14T00:33:41","slug":"mobiele-trios-verlevendigen-ruimtes","status":"publish","type":"product","link":"https:\/\/www.soanam.de\/nl\/produkt\/mobile-trio-mobiles-beleben-befluegeln-raeume\/","title":{"rendered":"MOBIL\u00c9 Trio - mobielen geven ruimten nieuw leven!"},"content":{"rendered":"<h3>Beschrijving van de<\/h3>\n<p>Sch\u00f6ne Dekoration f\u00fcr Wohn- und Arbeitsr\u00e4ume, Kinder- und Seniorenzimmer.<\/p>\n<p>Mobile TRIO. Dieses handgearbeitete Mobile ist ein 6-teiliges Mobile, das mit farbenfrohen Kreisen spielerisch den Tag begleitet. Die horizontalen und vertikalen Stellungen der Kreise zueinander ergeben erfrischende Konstellationen aus unterschiedlichen Blickwinkeln.<\/p>\n<p>Die einzelnen Elemente bestehen aus hochwertigem, durchgef\u00e4rbtem 600 gr. Papier welches mit lichtechten Farben handbemalt wurden. Das Mobil\u00e9 ist mit einem ausreichend langen Faden und einer Aufh\u00e4ngung versehen<\/p>\n<p>Es ist eine Dekoration f\u00fcr viele R\u00e4ume und \"Ecken\". \u00dcberall wirkt es als Blickfang.<\/p>\n<p>Ein sich im Lufthauch bewegendes Raumobjekt, dass den Betrachter in den Bann zieht. Die Fl\u00e4chen bewegen sich beim kleinsten Luftzug und drehen sich umeinander. Es schwebt und beruhigt den Betrachter.<\/p>","protected":false},"excerpt":{"rendered":"<p>Staat van het item: Nieuw met label: Nieuw, ongebruikt en ongedragen item in de originele verpakking<\/p>\n<p>Artikelmerkmale<\/p>\n<p>6-teilig, signiert<br \/>\nGr\u00f6\u00dfe ca. 40 x 50cm<br \/>\nMaterial: Edelstahldraht, (festes) 600 gr Papier, bemalt und lackiert.<\/p>","protected":false},"featured_media":80579,"comment_status":"open","ping_status":"closed","template":"","meta":{"_seopress_robots_primary_cat":"","_seopress_titles_title":"","_seopress_titles_desc":"","_seopress_robots_index":""},"product_brand":[],"product_cat":[1400,1420],"product_tag":[],"class_list":{"0":"post-80491","1":"product","2":"type-product","3":"status-publish","4":"has-post-thumbnail","6":"product_cat-wohnzubehoer","7":"product_cat-wohndekoration","8":"product_shipping_class-standard-versand","10":"first","11":"instock","12":"sale","13":"taxable","14":"shipping-taxable","15":"purchasable","16":"product-type-simple"},"_links":{"self":[{"href":"https:\/\/www.soanam.de\/nl\/wp-json\/wp\/v2\/product\/80491","targetHints":{"allow":["GET"]}}],"collection":[{"href":"https:\/\/www.soanam.de\/nl\/wp-json\/wp\/v2\/product"}],"about":[{"href":"https:\/\/www.soanam.de\/nl\/wp-json\/wp\/v2\/types\/product"}],"replies":[{"embeddable":true,"href":"https:\/\/www.soanam.de\/nl\/wp-json\/wp\/v2\/comments?post=80491"}],"wp:featuredmedia":[{"embeddable":true,"href":"https:\/\/www.soanam.de\/nl\/wp-json\/wp\/v2\/media\/80579"}],"wp:attachment":[{"href":"https:\/\/www.soanam.de\/nl\/wp-json\/wp\/v2\/media?parent=80491"}],"wp:term":[{"taxonomy":"product_brand","embeddable":true,"href":"https:\/\/www.soanam.de\/nl\/wp-json\/wp\/v2\/product_brand?post=80491"},{"taxonomy":"product_cat","embeddable":true,"href":"https:\/\/www.soanam.de\/nl\/wp-json\/wp\/v2\/product_cat?post=80491"},{"taxonomy":"product_tag","embeddable":true,"href":"https:\/\/www.soanam.de\/nl\/wp-json\/wp\/v2\/product_tag?post=80491"}],"curies":[{"name":"wp","href":"https:\/\/api.w.org\/{rel}","templated":true}]}}