{"id":80221,"date":"2023-12-14T00:02:10","date_gmt":"2023-12-13T23:02:10","guid":{"rendered":"https:\/\/www.soanam.de\/?post_type=product&#038;p=80221"},"modified":"2023-12-14T00:30:56","modified_gmt":"2023-12-13T23:30:56","slug":"kangaroos-sweatshirt-im-color-blocking-in-schwarz-weiss-groesse-44-46","status":"publish","type":"product","link":"https:\/\/www.soanam.de\/nl\/produkt\/kangaroos-sweatshirt-im-color-blocking-in-schwarz-weiss-groesse-44-46\/","title":{"rendered":"KangaROOS sweatshirt in colour blocking, in zwart en wit, maat 44\/46"},"content":{"rendered":"<p>Sweatshirt im Farbkontrast von KangaROOS<br \/>\nLogoprint und Schriftzug an Schulter und Saumkante<br \/>\nFigurumschmeichelnde, gerade Form<br \/>\nAm \u00c4rmelb\u00fcndchen mit Daumenl\u00f6chern<br \/>\nGemaakt van zacht, puur katoen<\/p>\n<p>Der Sweater von Kangaroos kann mit seinem angesagten Colorblocking-Design absolut punkten.<br \/>\nDie Logoprints an der Schulter und an der Saumkante setzen zus\u00e4tzliche Highlights.<br \/>\nDie Daumenl\u00f6cher an den \u00c4rmelabschl\u00fcssen unterstreichen den l\u00e4ssigen Look des Sweatshirts.<br \/>\nMit seiner lockeren Passform und der weichen Sweatqualit\u00e4t verspricht der Pulli besten Tragekomfort.<\/p>\n<p>Materiaal: 100% katoen<br \/>\nOnderhoudsinstructies: Machinewas<\/p>\n<p>Kleur: zwart en wit<br \/>\nMuster: Markenlabel<br \/>\nMaat: L<\/p>\n<p>Schouderbreedte: 46cm<br \/>\nBorstbreedte: 122cm<br \/>\nMouwlengte: 62cm<br \/>\nTotale lengte: 72cm<\/p>","protected":false},"excerpt":{"rendered":"<table class=\"dv_characteristicsTable\">\n<tbody>\n<tr>\n<td class=\"left\">Maat<\/td>\n<td>44\/46 (L)<\/td>\n<\/tr>\n<tr>\n<td class=\"left\">Gr\u00f6\u00dfentyp<\/td>\n<td>Normalgr\u00f6\u00dfen<\/td>\n<\/tr>\n<tr>\n<td class=\"left\">Materiaalsamenstelling<\/td>\n<td>Obermaterial: 100% Baumwolle<\/td>\n<\/tr>\n<tr>\n<td class=\"left\">Materialart<\/td>\n<td>Interlock<\/td>\n<\/tr>\n<tr>\n<td class=\"left\">Onderhoudsinstructies<\/td>\n<td>Machinewas<\/td>\n<\/tr>\n<tr>\n<td class=\"left\">Optik<\/td>\n<td>unifarben mit Farbeins\u00e4tzen, colorblocking<\/td>\n<\/tr>\n<tr>\n<td class=\"left\">Stil<\/td>\n<td>sportlich<\/td>\n<\/tr>\n<tr>\n<td class=\"left\">Kleur<\/td>\n<td>zwart-wit<\/td>\n<\/tr>\n<tr>\n<td class=\"left\">Applikationen<\/td>\n<td>Markenlabel, Print<\/td>\n<\/tr>\n<tr>\n<td class=\"left\">Besondere Merkmale<\/td>\n<td>im modischen Color-Blocking<\/td>\n<\/tr>\n<tr>\n<td class=\"left\">Ausschnitt<\/td>\n<td>Rundhals<\/td>\n<\/tr>\n<tr>\n<td class=\"left\">\u00c4rmel<\/td>\n<td>Lange mouw<\/td>\n<\/tr>\n<tr>\n<td class=\"left\">\u00c4rmelabschluss<\/td>\n<td>angesetztes B\u00fcndchen<\/td>\n<\/tr>\n<tr>\n<td class=\"left\">\u00c4rmelabschlussdetails<\/td>\n<td>mit Daumenl\u00f6chern<\/td>\n<\/tr>\n<tr>\n<td class=\"left\">Pas<\/td>\n<td>figurumspielend<\/td>\n<\/tr>\n<tr>\n<td class=\"left\">Schnittdetails<\/td>\n<td>Teilungsnaht<\/td>\n<\/tr>\n<tr>\n<td class=\"left\">Schnittform L\u00e4nge<\/td>\n<td>h\u00fcftbedeckend<\/td>\n<\/tr>\n<\/tbody>\n<\/table>","protected":false},"featured_media":80322,"comment_status":"open","ping_status":"closed","template":"","meta":{"_seopress_robots_primary_cat":"","_seopress_titles_title":"","_seopress_titles_desc":"","_seopress_robots_index":""},"product_brand":[],"product_cat":[1348,1456,1577],"product_tag":[],"class_list":{"0":"post-80221","1":"product","2":"type-product","3":"status-publish","4":"has-post-thumbnail","6":"product_cat-damen-mode","7":"product_cat-pullover-sweater","8":"product_cat-sweatshirts","9":"product_shipping_class-standard-versand","11":"first","12":"instock","13":"sale","14":"taxable","15":"shipping-taxable","16":"purchasable","17":"product-type-simple"},"_links":{"self":[{"href":"https:\/\/www.soanam.de\/nl\/wp-json\/wp\/v2\/product\/80221","targetHints":{"allow":["GET"]}}],"collection":[{"href":"https:\/\/www.soanam.de\/nl\/wp-json\/wp\/v2\/product"}],"about":[{"href":"https:\/\/www.soanam.de\/nl\/wp-json\/wp\/v2\/types\/product"}],"replies":[{"embeddable":true,"href":"https:\/\/www.soanam.de\/nl\/wp-json\/wp\/v2\/comments?post=80221"}],"wp:featuredmedia":[{"embeddable":true,"href":"https:\/\/www.soanam.de\/nl\/wp-json\/wp\/v2\/media\/80322"}],"wp:attachment":[{"href":"https:\/\/www.soanam.de\/nl\/wp-json\/wp\/v2\/media?parent=80221"}],"wp:term":[{"taxonomy":"product_brand","embeddable":true,"href":"https:\/\/www.soanam.de\/nl\/wp-json\/wp\/v2\/product_brand?post=80221"},{"taxonomy":"product_cat","embeddable":true,"href":"https:\/\/www.soanam.de\/nl\/wp-json\/wp\/v2\/product_cat?post=80221"},{"taxonomy":"product_tag","embeddable":true,"href":"https:\/\/www.soanam.de\/nl\/wp-json\/wp\/v2\/product_tag?post=80221"}],"curies":[{"name":"wp","href":"https:\/\/api.w.org\/{rel}","templated":true}]}}