{"id":80181,"date":"2023-12-14T00:01:18","date_gmt":"2023-12-13T23:01:18","guid":{"rendered":"https:\/\/www.soanam.de\/?post_type=product&#038;p=80181"},"modified":"2023-12-14T00:30:03","modified_gmt":"2023-12-13T23:30:03","slug":"buffel-sweatshirt-met-capuchon-in-lichtroze-maat-36-38","status":"publish","type":"product","link":"https:\/\/www.soanam.de\/nl\/produkt\/buffalo-kapuzensweatshirt-in-hellrosa-groesse-36-38\/","title":{"rendered":"Buffalo sweatshirt met capuchon, in lichtroze, maat 36\/38"},"content":{"rendered":"<p>Kapuzensweatshirt mit Tunnelzug an der Kapuze<br \/>\nMit Glitzerdruck auf der Vorderseite<br \/>\nMetallplate mit Logo<br \/>\nRippstrickb\u00fcndchen an den \u00c4rmels\u00e4umen und am Bund<br \/>\nLeicht \u00fcberschnittene Schultern<br \/>\nAngenehm, weiche Qualit\u00e4t<\/p>\n<p>Der Kapuzenpullover von Buffalo ist super modisch.<br \/>\nEr pr\u00e4sentiert sich im l\u00e4ssigen Schnitt und mit einem Tunnelzug an der Kapuze.<br \/>\nLeicht \u00fcberschnittene Schultern sorgen f\u00fcr einen sportlichen Auftritt und machen den Look des Hoodies perfekt. Rippstrickb\u00fcndchen an den \u00c4rmels\u00e4umen und am Bund versprechen einen tollen Sitz und beste Passform.<br \/>\nEin auff\u00e4lliger Print auf der Brust ist der Blickfang des relaxten Sweaters.<\/p>\n<p>Material: Obermaterial: 60% Baumwolle , 40% Polyester. Kapuzenfutter: 100% Baumwolle<br \/>\nOnderhoudsinstructies: Machinewas<\/p>\n<p>Kleur: lichtroze<br \/>\nPatroon: Voorkant print<br \/>\nGrootte: 36\/38<\/p>\n<p>Schouderbreedte: 42cm<br \/>\nBorstbreedte: 106cm<br \/>\nMouwlengte: 62cm<br \/>\nTotale lengte: 61cm<\/p>","protected":false},"excerpt":{"rendered":"<table class=\"dv_characteristicsTable\">\n<tbody>\n<tr>\n<td class=\"left\">Maat<\/td>\n<td>36\/38<\/td>\n<\/tr>\n<tr>\n<td class=\"left\">Gr\u00f6\u00dfentyp<\/td>\n<td>Normalgr\u00f6\u00dfen<\/td>\n<\/tr>\n<tr>\n<td class=\"left\">Materiaalsamenstelling<\/td>\n<td>Obermaterial: 60% Baumwolle\u00a0, 40% Polyester. Kapuzenfutter: 100% Baumwolle<\/td>\n<\/tr>\n<tr>\n<td class=\"left\">Onderhoudsinstructies<\/td>\n<td>Machinewas<\/td>\n<\/tr>\n<tr>\n<td class=\"left\">Optik<\/td>\n<td>unifarben, bedruckt<\/td>\n<\/tr>\n<tr>\n<td class=\"left\">Stil<\/td>\n<td>Basic<\/td>\n<\/tr>\n<tr>\n<td class=\"left\">Kleur<\/td>\n<td>hellrosa<\/td>\n<\/tr>\n<tr>\n<td class=\"left\">Kapuze<\/td>\n<td>mit Kapuze<\/td>\n<\/tr>\n<tr>\n<td class=\"left\">Kapuzendetails<\/td>\n<td>mit Kordelzug<\/td>\n<\/tr>\n<tr>\n<td class=\"left\">Kapuzenf\u00fctterung<\/td>\n<td>farblich passend<\/td>\n<\/tr>\n<tr>\n<td class=\"left\">Applikationen<\/td>\n<td>Schriftzug<\/td>\n<\/tr>\n<tr>\n<td class=\"left\">Besondere Merkmale<\/td>\n<td>mit \u00fcberschnittenen Schultern<\/td>\n<\/tr>\n<tr>\n<td class=\"left\">\u00c4rmel<\/td>\n<td>Lange mouw<\/td>\n<\/tr>\n<tr>\n<td class=\"left\">\u00c4rmelabschluss<\/td>\n<td>Rippb\u00fcndchen<\/td>\n<\/tr>\n<tr>\n<td class=\"left\">Rumpfabschluss<\/td>\n<td>Rippb\u00fcndchen<\/td>\n<\/tr>\n<tr>\n<td class=\"left\">Pas<\/td>\n<td>bequem<\/td>\n<\/tr>\n<tr>\n<td class=\"left\">Schnittform L\u00e4nge<\/td>\n<td>h\u00fcftlang<\/td>\n<\/tr>\n<\/tbody>\n<\/table>","protected":false},"featured_media":80276,"comment_status":"open","ping_status":"closed","template":"","meta":{"_seopress_robots_primary_cat":"","_seopress_titles_title":"","_seopress_titles_desc":"","_seopress_robots_index":""},"product_brand":[],"product_cat":[1348,1456,1583],"product_tag":[],"class_list":{"0":"post-80181","1":"product","2":"type-product","3":"status-publish","4":"has-post-thumbnail","6":"product_cat-damen-mode","7":"product_cat-pullover-sweater","8":"product_cat-hoodies","9":"product_shipping_class-standard-versand","11":"first","12":"instock","13":"taxable","14":"shipping-taxable","15":"purchasable","16":"product-type-simple"},"_links":{"self":[{"href":"https:\/\/www.soanam.de\/nl\/wp-json\/wp\/v2\/product\/80181","targetHints":{"allow":["GET"]}}],"collection":[{"href":"https:\/\/www.soanam.de\/nl\/wp-json\/wp\/v2\/product"}],"about":[{"href":"https:\/\/www.soanam.de\/nl\/wp-json\/wp\/v2\/types\/product"}],"replies":[{"embeddable":true,"href":"https:\/\/www.soanam.de\/nl\/wp-json\/wp\/v2\/comments?post=80181"}],"wp:featuredmedia":[{"embeddable":true,"href":"https:\/\/www.soanam.de\/nl\/wp-json\/wp\/v2\/media\/80276"}],"wp:attachment":[{"href":"https:\/\/www.soanam.de\/nl\/wp-json\/wp\/v2\/media?parent=80181"}],"wp:term":[{"taxonomy":"product_brand","embeddable":true,"href":"https:\/\/www.soanam.de\/nl\/wp-json\/wp\/v2\/product_brand?post=80181"},{"taxonomy":"product_cat","embeddable":true,"href":"https:\/\/www.soanam.de\/nl\/wp-json\/wp\/v2\/product_cat?post=80181"},{"taxonomy":"product_tag","embeddable":true,"href":"https:\/\/www.soanam.de\/nl\/wp-json\/wp\/v2\/product_tag?post=80181"}],"curies":[{"name":"wp","href":"https:\/\/api.w.org\/{rel}","templated":true}]}}