{"id":80063,"date":"2023-12-13T23:57:06","date_gmt":"2023-12-13T22:57:06","guid":{"rendered":"https:\/\/www.soanam.de\/?post_type=product&#038;p=80063"},"modified":"2023-12-14T00:02:07","modified_gmt":"2023-12-13T23:02:07","slug":"petite-fleur-gouden-panty-in-dierenprint-20-deniers-in-zwart-maat-36-38","status":"publish","type":"product","link":"https:\/\/www.soanam.de\/nl\/produkt\/petite-fleur-gold-feinstrumpfhose-im-animal-print-20-den-in-schwarz-groesse-36-38\/","title":{"rendered":"petite fleur gouden panty met dierenprint, 20 DEN, in zwart, maat 36\/38"},"content":{"rendered":"<p>Feinstrumpfhose von petite fleur<br \/>\nIm Animal Print<br \/>\nVerst\u00e4rktes H\u00f6schenteil<br \/>\nMit Baumwollzwickel<br \/>\n20DEN<\/p>\n<p>Besonders das aufwendige, feminine Webmuster in Form einer abstrakten Netzform mit k\u00fcnstlerischer Note sorgt bei den Tights f\u00fcr einen aufregenden, grafischen Effekt.<\/p>\n<p>Die matte transparente Optik des Strukturmusters gew\u00e4hrt sinnliche Einblicke und setzt deine Beine makellos in Szene.<\/p>\n<p>Rutschfester und sicherer Tragekomfort wird mit dem flexiblen Taillenbund und der stabilen Nahtverarbeitung des verst\u00e4rkten H\u00f6schens der Str\u00fcmpfe gesichert.<\/p>\n<p>Material: 93% Polyamid, 7% Elasthan<br \/>\nPflegehinweise: Maschinenw\u00e4sche (Waschen im Waschbeutel empfohlen)<\/p>\n<p>Kleur: zwart<br \/>\nMuster: Animal Print<br \/>\nGrootte: 36\/38<\/p>","protected":false},"excerpt":{"rendered":"<table class=\"dv_characteristicsTable\">\n<tbody>\n<tr>\n<td class=\"left\">Maat<\/td>\n<td>36\/38<\/td>\n<\/tr>\n<tr>\n<td class=\"left\">Gr\u00f6\u00dfentyp<\/td>\n<td>Normalgr\u00f6\u00dfen<\/td>\n<\/tr>\n<\/tbody>\n<\/table>\n<table class=\"dv_characteristicsTable\">\n<caption>FARBE<\/caption>\n<tbody>\n<tr>\n<td class=\"left\">Kleur<\/td>\n<td>schwarz<\/td>\n<\/tr>\n<\/tbody>\n<\/table>\n<table class=\"dv_characteristicsTable\">\n<caption>PRODUKTDETAILS<\/caption>\n<tbody>\n<tr>\n<td class=\"left\">Pas<\/td>\n<td>elastisch<\/td>\n<\/tr>\n<tr>\n<td class=\"left\">Art B\u00fcndchen<\/td>\n<td>druckfrei<br \/>\nweicher Abschluss<\/td>\n<\/tr>\n<tr>\n<td class=\"left\">Onderhoudsinstructies<\/td>\n<td>Machinewas<br \/>\nWaschen im Waschbeutel empfohlen<\/td>\n<\/tr>\n<\/tbody>\n<\/table>\n<table class=\"dv_characteristicsTable\">\n<caption>MATERIAAL<\/caption>\n<tbody>\n<tr>\n<td class=\"left\">Materiaalsamenstelling<\/td>\n<td>Obermaterial: 93% Polyamid, 7% Elasthan<\/td>\n<\/tr>\n<tr>\n<td class=\"left\">Materialst\u00e4rke (DEN)<\/td>\n<td>20 DEN<\/td>\n<\/tr>\n<tr>\n<td class=\"left\">Details Material<\/td>\n<td>weich<\/td>\n<\/tr>\n<tr>\n<td class=\"left\">Materialeigenschaften<\/td>\n<td>elastisch<\/td>\n<\/tr>\n<\/tbody>\n<\/table>\n<table class=\"dv_characteristicsTable\">\n<caption>OPTIK\/STIL<\/caption>\n<tbody>\n<tr>\n<td class=\"left\">Optik<\/td>\n<td>Animal-Print<\/td>\n<\/tr>\n<\/tbody>\n<\/table>","protected":false},"featured_media":80217,"comment_status":"open","ping_status":"closed","template":"","meta":{"_seopress_robots_primary_cat":"","_seopress_titles_title":"","_seopress_titles_desc":"","_seopress_robots_index":""},"product_brand":[],"product_cat":[1348,1444,1445],"product_tag":[],"class_list":{"0":"post-80063","1":"product","2":"type-product","3":"status-publish","4":"has-post-thumbnail","6":"product_cat-damen-mode","7":"product_cat-unterwaesche","8":"product_cat-strumpfhosen","9":"product_shipping_class-standard-versand","11":"first","12":"instock","13":"sale","14":"taxable","15":"shipping-taxable","16":"purchasable","17":"product-type-simple"},"_links":{"self":[{"href":"https:\/\/www.soanam.de\/nl\/wp-json\/wp\/v2\/product\/80063","targetHints":{"allow":["GET"]}}],"collection":[{"href":"https:\/\/www.soanam.de\/nl\/wp-json\/wp\/v2\/product"}],"about":[{"href":"https:\/\/www.soanam.de\/nl\/wp-json\/wp\/v2\/types\/product"}],"replies":[{"embeddable":true,"href":"https:\/\/www.soanam.de\/nl\/wp-json\/wp\/v2\/comments?post=80063"}],"wp:featuredmedia":[{"embeddable":true,"href":"https:\/\/www.soanam.de\/nl\/wp-json\/wp\/v2\/media\/80217"}],"wp:attachment":[{"href":"https:\/\/www.soanam.de\/nl\/wp-json\/wp\/v2\/media?parent=80063"}],"wp:term":[{"taxonomy":"product_brand","embeddable":true,"href":"https:\/\/www.soanam.de\/nl\/wp-json\/wp\/v2\/product_brand?post=80063"},{"taxonomy":"product_cat","embeddable":true,"href":"https:\/\/www.soanam.de\/nl\/wp-json\/wp\/v2\/product_cat?post=80063"},{"taxonomy":"product_tag","embeddable":true,"href":"https:\/\/www.soanam.de\/nl\/wp-json\/wp\/v2\/product_tag?post=80063"}],"curies":[{"name":"wp","href":"https:\/\/api.w.org\/{rel}","templated":true}]}}