{"id":79972,"date":"2023-12-13T23:55:05","date_gmt":"2023-12-13T22:55:05","guid":{"rendered":"https:\/\/www.soanam.de\/?post_type=product&#038;p=79972"},"modified":"2023-12-13T23:59:44","modified_gmt":"2023-12-13T22:59:44","slug":"satisfyer-pro-2-air-pulse-stimulator-vibration-in-gold-wasserdicht-aufladbare","status":"publish","type":"product","link":"https:\/\/www.soanam.de\/nl\/produkt\/satisfyer-pro-2-air-pulse-stimulator-vibration-in-gold-wasserdicht-aufladbare\/","title":{"rendered":"Satisfyer Pro 2+ Air Pulse Stimulator + Vibration in Gold, wasserdicht &#038; Aufladbare"},"content":{"rendered":"<h3>Beschrijving van de<\/h3>\n<p>Satisfyer Pro 2+ Klitoris-Sauger mit Druckwellen und Vibration, Sexspielzeug f\u00fcr Frauen, wasserdicht, Aufladbare<\/p>\n<p>Dieser klassische und elegante Vibrator ist mit der innovativen Airpulse-Technologie von Satisfyer ausgestattet, die die Klitoris mit weichen und intensiven Druckwellen verw\u00f6hnt. Mit diesem Bestseller k\u00f6nnen Sie angenehme Orgasmen genie\u00dfen, von denen Sie nicht genug bekommen k\u00f6nnen! Zus\u00e4tzlich zu den erstaunlichen Orgasmen verf\u00fcgt dieser Satisfyer Pro 2+ \u00fcber ein optimiertes Knopfdesign, mit dem Sie durch 11 aufregende Druckwellenstufen klicken k\u00f6nnen. Das Ger\u00e4t ist wasserdicht und kann dank des fl\u00fcsterleisen Motors diskret im Bad oder zwischen den Laken eingesetzt werden. Der weiche Kopf des hygienischen Silikons ist gr\u00f6\u00dfer und breiter, sodass er Ihre Klitoris noch besser umh\u00fcllt und Ihnen einzigartige Empfindungen vermittelt.<\/p>\n<p>*Wasserdicht<br \/>\n*Fl\u00fcstermodus<br \/>\n*USB wiederaufladbar<br \/>\n*10 Vibrationsprogramme<br \/>\n*11 Druckwellenprogramme<br \/>\n*Hautfreundliches Silikon<br \/>\n*Einfach zu s\u00e4ubern<br \/>\n*2 separat steuerbare Motoren<br \/>\n*Stimulation der Klitoris durch Druckwellen und Vibrationen<\/p>","protected":false},"excerpt":{"rendered":"<h3>Artikelmerkmale<\/h3>\n<p>Staat van het item: Nieuw met label: Nieuw, ongebruikt en ongedragen item in de originele verpakking<\/p>\n<p>Gr\u00f6\u00dfe: 16 cm.<br \/>\nGewicht: 0.200<br \/>\nPower: USB Wiederaufladbar<br \/>\nWasserdicht: Wasserdicht<br \/>\nFarbe: Gold<br \/>\nMaterial: ABS, Silikon<\/p>","protected":false},"featured_media":80123,"comment_status":"open","ping_status":"closed","template":"","meta":{"_seopress_robots_primary_cat":"","_seopress_titles_title":"","_seopress_titles_desc":"","_seopress_robots_index":""},"product_brand":[],"product_cat":[1348,1730],"product_tag":[],"class_list":{"0":"post-79972","1":"product","2":"type-product","3":"status-publish","4":"has-post-thumbnail","6":"product_cat-damen-mode","7":"product_cat-sonstiges-2","8":"product_shipping_class-standard-versand","10":"first","11":"instock","12":"sale","13":"taxable","14":"shipping-taxable","15":"purchasable","16":"product-type-simple"},"_links":{"self":[{"href":"https:\/\/www.soanam.de\/nl\/wp-json\/wp\/v2\/product\/79972","targetHints":{"allow":["GET"]}}],"collection":[{"href":"https:\/\/www.soanam.de\/nl\/wp-json\/wp\/v2\/product"}],"about":[{"href":"https:\/\/www.soanam.de\/nl\/wp-json\/wp\/v2\/types\/product"}],"replies":[{"embeddable":true,"href":"https:\/\/www.soanam.de\/nl\/wp-json\/wp\/v2\/comments?post=79972"}],"wp:featuredmedia":[{"embeddable":true,"href":"https:\/\/www.soanam.de\/nl\/wp-json\/wp\/v2\/media\/80123"}],"wp:attachment":[{"href":"https:\/\/www.soanam.de\/nl\/wp-json\/wp\/v2\/media?parent=79972"}],"wp:term":[{"taxonomy":"product_brand","embeddable":true,"href":"https:\/\/www.soanam.de\/nl\/wp-json\/wp\/v2\/product_brand?post=79972"},{"taxonomy":"product_cat","embeddable":true,"href":"https:\/\/www.soanam.de\/nl\/wp-json\/wp\/v2\/product_cat?post=79972"},{"taxonomy":"product_tag","embeddable":true,"href":"https:\/\/www.soanam.de\/nl\/wp-json\/wp\/v2\/product_tag?post=79972"}],"curies":[{"name":"wp","href":"https:\/\/api.w.org\/{rel}","templated":true}]}}