{"id":79969,"date":"2023-12-13T23:55:04","date_gmt":"2023-12-13T22:55:04","guid":{"rendered":"https:\/\/www.soanam.de\/?post_type=product&#038;p=79969"},"modified":"2023-12-13T23:58:57","modified_gmt":"2023-12-13T22:58:57","slug":"ivanky-usb-c-auf-hdmi-kabel-4k60hz-usb-typ-c-auf-hdmi-kabel-2m","status":"publish","type":"product","link":"https:\/\/www.soanam.de\/nl\/produkt\/ivanky-usb-c-auf-hdmi-kabel-4k60hz-usb-typ-c-auf-hdmi-kabel-2m\/","title":{"rendered":"iVANKY USB C auf HDMI Kabel, 4K@60Hz USB Typ C auf HDMI Kabel - 2M"},"content":{"rendered":"<h3>Beschrijving van de<\/h3>\n<p>Info over dit artikel<br \/>\n\ud83d\udc4d 4K USB-C zu HDMI Kabel - Schlie\u00dfen Sie Ihren Laptop und Monitor mit diesem Kabel an, um zu Hause zu arbeiten, Konferenzr\u00e4ume, Online-Kurse zu lernen, Projektberichte zu teilen und tats\u00e4chlich auch f\u00fcr Filme, Sportveranstaltungen und Fernsehsendungen, die Sie sehen. Verwenden Sie ein Kabel, ohne einen Adapter zu ben\u00f6tigen.<br \/>\n\ud83d\ude0a Fantastisches Video und Audio - Unterst\u00fctzt gleichzeitig 4K@60Hz-Video und Surround-Sound. Lehnen Sie sich also zur\u00fcck und genie\u00dfen Sie Ihren Filmabend bequem von zu Hause aus.<br \/>\n\u2764\ufe0f Keine Blitze oder Aussetzer - Das Kabel ist mit hochwertigen Kupferdr\u00e4hten und einer zus\u00e4tzlichen Schutzabschirmung am USB-C-Ende ausgestattet und hat eine 5-mal h\u00f6here Entst\u00f6rungsf\u00e4higkeit als die meisten g\u00e4ngigen Kabel. Ausgezeichnete nahtlose Signal\u00fcbertragung. Kein Flackern oder schwarze Bildschirme.<br \/>\n\ud83c\udf1f Zuverl\u00e4ssig und flexibel - Geflochtenes Nylonkabel bietet l\u00e4ngere Haltbarkeit im Gegensatz zu Gummi, das leicht zerrissen werden kann. Trotzdem ist es flexibel genug, um mit einem Klettverschluss zu handhaben, ohne \u00fcberladen zu werden. Der industrietaugliche USB-C-Anschluss passt sich Ihrem Ger\u00e4t gut an, ohne zu wackeln. Feuerfeste Materialien sorgen f\u00fcr eine sichere Verwendung.<br \/>\n\u2714\ufe0f Unterst\u00fctzt USB 4.0 - Kompatibel mit MacBook Pro 2020\/2019\/2018\/2017\/2016, MacBook 2017\/2016\/2015, M1 MacBook Pro\/Air, iMac 2021\/2019\/2017, Dell XPS 13\/15 Serie, Surface Dock 2\/Book 2, Chromebook, iPad Pro 12,9'' (5. Generation), Samsung Galaxy S21 Ultra 5G\/S20 und andere (weitere Modelle finden Sie weiter unten ).<\/p>\n<p><strong>Thunderbolt 3 Kompatibel] f\u00fcr MacBook Pro\/Air, iPad Pro, Galaxy, Microsoft Surface Book 2 und mehr - 2M<\/strong><\/p>\n<p>Anschlusstyp HDMI<br \/>\nKabeltyp HDMI<br \/>\nKompatible Ger\u00e4te MacBook Pro 2020 \/ 2019 \/ 2018 \/ 2017 \/ 2016<br \/>\nFarbe Dunkelgrau<br \/>\nMarke IVANKY<\/p>","protected":false},"excerpt":{"rendered":"<h3>Artikelmerkmale<\/h3>\n<p>Staat van het item: Nieuw met label: Nieuw, ongebruikt en ongedragen item in de originele verpakking<\/p>\n<p><strong>Eigenschappen<\/strong><\/p>\n<table border=\"0\" frame=\"VOID\" rules=\"NONE\" cellspacing=\"0\">\n<colgroup>\n<col width=\"166\" \/>\n<col width=\"296\" \/><\/colgroup>\n<tbody>\n<tr>\n<td align=\"LEFT\" width=\"166\" height=\"17\">Artikelnummer<\/td>\n<td align=\"LEFT\" width=\"296\">VBD61-EU<\/td>\n<\/tr>\n<tr>\n<td align=\"LEFT\" height=\"17\">Kleur<\/td>\n<td align=\"LEFT\">Donkergrijs<\/td>\n<\/tr>\n<tr>\n<td align=\"LEFT\" height=\"17\">Maat<\/td>\n<td align=\"LEFT\">2M<\/td>\n<\/tr>\n<tr>\n<td align=\"LEFT\" height=\"17\">Kabeltyp<\/td>\n<td align=\"LEFT\">HDMI<\/td>\n<\/tr>\n<tr>\n<td align=\"LEFT\" height=\"17\">Konnektivit\u00e4tstechnologie<\/td>\n<td align=\"LEFT\">USB , Thunderbolt , HDMI<\/td>\n<\/tr>\n<tr>\n<td align=\"LEFT\" height=\"17\">Modellnummer<\/td>\n<td align=\"LEFT\">VBD61-EU<\/td>\n<\/tr>\n<tr>\n<td align=\"LEFT\" height=\"17\">Spezielle Funktionen<\/td>\n<td align=\"LEFT\">Vergoldet<\/td>\n<\/tr>\n<tr>\n<td align=\"LEFT\" height=\"17\">Spezifikation erf\u00fcllt<\/td>\n<td align=\"LEFT\"><\/td>\n<\/tr>\n<tr>\n<td align=\"LEFT\" height=\"17\">Artikelnummer<\/td>\n<td align=\"LEFT\">LANVADA-VBD6162<\/td>\n<\/tr>\n<tr>\n<td align=\"LEFT\" height=\"17\">Kompatible Ger\u00e4te<\/td>\n<td align=\"LEFT\">MacBook Pro 2020 \/ 2019 \/ 2018 \/ 2017 \/ 2016<\/td>\n<\/tr>\n<tr>\n<td align=\"LEFT\" height=\"17\">Markenname<\/td>\n<td align=\"LEFT\">IVANKY<\/td>\n<\/tr>\n<tr>\n<td align=\"LEFT\" height=\"17\">Modellnummer<\/td>\n<td align=\"LEFT\">LANVADA-VBD6162<\/td>\n<\/tr>\n<tr>\n<td align=\"LEFT\" height=\"17\">Spezifikation erf\u00fcllt<\/td>\n<td align=\"LEFT\">MacBook Pro 2020 \/ 2019 \/ 2018 \/ 2017 \/ 2016<\/td>\n<\/tr>\n<tr>\n<td align=\"LEFT\" height=\"17\">Steckerart<\/td>\n<td align=\"LEFT\">Stecker zu Stecker<\/td>\n<\/tr>\n<tr>\n<td align=\"LEFT\" height=\"17\">Steckverbinderart<\/td>\n<td align=\"LEFT\">HDMI<\/td>\n<\/tr>\n<\/tbody>\n<\/table>","protected":false},"featured_media":80096,"comment_status":"open","ping_status":"closed","template":"","meta":{"_seopress_robots_primary_cat":"","_seopress_titles_title":"","_seopress_titles_desc":"","_seopress_robots_index":""},"product_brand":[],"product_cat":[1730],"product_tag":[],"class_list":{"0":"post-79969","1":"product","2":"type-product","3":"status-publish","4":"has-post-thumbnail","6":"product_cat-sonstiges-2","7":"product_shipping_class-standard-versand","9":"first","10":"instock","11":"sale","12":"taxable","13":"shipping-taxable","14":"purchasable","15":"product-type-simple"},"_links":{"self":[{"href":"https:\/\/www.soanam.de\/nl\/wp-json\/wp\/v2\/product\/79969","targetHints":{"allow":["GET"]}}],"collection":[{"href":"https:\/\/www.soanam.de\/nl\/wp-json\/wp\/v2\/product"}],"about":[{"href":"https:\/\/www.soanam.de\/nl\/wp-json\/wp\/v2\/types\/product"}],"replies":[{"embeddable":true,"href":"https:\/\/www.soanam.de\/nl\/wp-json\/wp\/v2\/comments?post=79969"}],"wp:featuredmedia":[{"embeddable":true,"href":"https:\/\/www.soanam.de\/nl\/wp-json\/wp\/v2\/media\/80096"}],"wp:attachment":[{"href":"https:\/\/www.soanam.de\/nl\/wp-json\/wp\/v2\/media?parent=79969"}],"wp:term":[{"taxonomy":"product_brand","embeddable":true,"href":"https:\/\/www.soanam.de\/nl\/wp-json\/wp\/v2\/product_brand?post=79969"},{"taxonomy":"product_cat","embeddable":true,"href":"https:\/\/www.soanam.de\/nl\/wp-json\/wp\/v2\/product_cat?post=79969"},{"taxonomy":"product_tag","embeddable":true,"href":"https:\/\/www.soanam.de\/nl\/wp-json\/wp\/v2\/product_tag?post=79969"}],"curies":[{"name":"wp","href":"https:\/\/api.w.org\/{rel}","templated":true}]}}