{"id":79966,"date":"2023-12-13T23:55:03","date_gmt":"2023-12-13T22:55:03","guid":{"rendered":"https:\/\/www.soanam.de\/?post_type=product&#038;p=79966"},"modified":"2023-12-13T23:57:54","modified_gmt":"2023-12-13T22:57:54","slug":"arizona-leggings-im-2er-pack-mit-seitenstreifen-in-anthrazit-meliert-pflaume-groesse-40-42","status":"publish","type":"product","link":"https:\/\/www.soanam.de\/nl\/produkt\/arizona-leggings-im-2er-pack-mit-seitenstreifen-in-anthrazit-meliert-pflaume-groesse-40-42\/","title":{"rendered":"Arizona legging in 2-pack met zijstrepen, in gevlekt antraciet, pruim, maat 40\/42"},"content":{"rendered":"<p>Leggings von Arizone im Doppelpack<br \/>\nMit Seitenstreifen in Kontrastfarbe<br \/>\nSchmale Form mit B\u00fcndchen an den S\u00e4umen<br \/>\nMit elastischem Hosenbund<br \/>\nMarken-Plate aus Metall<br \/>\nWeiche Baumwollmischung<\/p>\n<p>Die Leggings von Arizona pr\u00e4sentieren sich als praktisches Doppelpack.<br \/>\nMit ihrem elastischen Hosenbund, den B\u00fcndchen an den Beinenden und der soften Qualit\u00e4t versprechen die Tights ein tolles Tragegef\u00fchl und viel Bewegungsfreiheit.<br \/>\nDank des breiten Kontraststreifens an den Seiten gibt sich das Modell obendrein in trendiger Optik.<\/p>\n<p>Material: 55% Baumwolle , 40% Polyester, 5% Elasthan. Graumeliert: 85% Baumwolle , 10% Polyester, 5% Elasthan<br \/>\nOnderhoudsinstructies: Machinewas<\/p>\n<p>Farbe: anthrazit, meliert \/ pflaume<br \/>\nMuster: Seitenstreifen<br \/>\nMaat: 40\/42<\/p>\n<p>Tailleomvang: 74cm<br \/>\nHeupomtrek: 98cm<br \/>\nTrede lengte: 70cm<br \/>\nTotale lengte: 98cm<\/p>\n<p>Dit nieuwe artikel is een retourzending van een klant zonder label.<\/p>","protected":false},"excerpt":{"rendered":"<table class=\"dv_characteristicsTable\">\n<tbody>\n<tr>\n<td class=\"left\">Maat<\/td>\n<td>40\/42<\/td>\n<\/tr>\n<tr>\n<td class=\"left\">Gr\u00f6\u00dfentyp<\/td>\n<td>Normalgr\u00f6\u00dfen<\/td>\n<\/tr>\n<tr>\n<td class=\"left\">Materiaalsamenstelling<\/td>\n<td>Obermaterial: 55% Baumwolle\u00a0, 40% Polyester, 5% Elasthan. Graumeliert (Obermaterial): 85% Baumwolle\u00a0, 10% Polyester, 5% Elasthan<\/td>\n<\/tr>\n<tr>\n<td class=\"left\">Onderhoudsinstructies<\/td>\n<td>Machinewas<\/td>\n<\/tr>\n<tr>\n<td class=\"left\">Optik<\/td>\n<td>unifarben mit Farbeinsatz<\/td>\n<\/tr>\n<tr>\n<td class=\"left\">Stil<\/td>\n<td>Basic<\/td>\n<\/tr>\n<tr>\n<td class=\"left\">Kleur<\/td>\n<td>anthrazit, meliert<\/td>\n<\/tr>\n<tr>\n<td class=\"left\">Farbe Packst\u00fcck 2<\/td>\n<td>pruim<\/td>\n<\/tr>\n<tr>\n<td class=\"left\">Leibh\u00f6he<\/td>\n<td>normal<\/td>\n<\/tr>\n<tr>\n<td class=\"left\">Bundabschluss<\/td>\n<td>B\u00fcndchen<\/td>\n<\/tr>\n<tr>\n<td class=\"left\">Beinabschluss<\/td>\n<td>B\u00fcndchen<\/td>\n<\/tr>\n<tr>\n<td class=\"left\">Pas<\/td>\n<td>bequem<\/td>\n<\/tr>\n<tr>\n<td class=\"left\">Schnittform L\u00e4nge<\/td>\n<td>lang<\/td>\n<\/tr>\n<tr>\n<td class=\"left\">Applikationen<\/td>\n<td>Kontraststreifen<\/td>\n<\/tr>\n<tr>\n<td class=\"left\">Besondere Merkmale<\/td>\n<td>mit breitem Streifen<\/td>\n<\/tr>\n<\/tbody>\n<\/table>","protected":false},"featured_media":80080,"comment_status":"open","ping_status":"closed","template":"","meta":{"_seopress_robots_primary_cat":"","_seopress_titles_title":"","_seopress_titles_desc":"","_seopress_robots_index":""},"product_brand":[],"product_cat":[1348,1402,1453,1589],"product_tag":[],"class_list":{"0":"post-79966","1":"product","2":"type-product","3":"status-publish","4":"has-post-thumbnail","6":"product_cat-damen-mode","7":"product_cat-sportbekleidung-damen-mode","8":"product_cat-leggings","9":"product_cat-leggings-sportbekleidung-damen-mode","10":"product_shipping_class-standard-versand","12":"first","13":"instock","14":"sale","15":"taxable","16":"shipping-taxable","17":"purchasable","18":"product-type-simple"},"_links":{"self":[{"href":"https:\/\/www.soanam.de\/nl\/wp-json\/wp\/v2\/product\/79966","targetHints":{"allow":["GET"]}}],"collection":[{"href":"https:\/\/www.soanam.de\/nl\/wp-json\/wp\/v2\/product"}],"about":[{"href":"https:\/\/www.soanam.de\/nl\/wp-json\/wp\/v2\/types\/product"}],"replies":[{"embeddable":true,"href":"https:\/\/www.soanam.de\/nl\/wp-json\/wp\/v2\/comments?post=79966"}],"wp:featuredmedia":[{"embeddable":true,"href":"https:\/\/www.soanam.de\/nl\/wp-json\/wp\/v2\/media\/80080"}],"wp:attachment":[{"href":"https:\/\/www.soanam.de\/nl\/wp-json\/wp\/v2\/media?parent=79966"}],"wp:term":[{"taxonomy":"product_brand","embeddable":true,"href":"https:\/\/www.soanam.de\/nl\/wp-json\/wp\/v2\/product_brand?post=79966"},{"taxonomy":"product_cat","embeddable":true,"href":"https:\/\/www.soanam.de\/nl\/wp-json\/wp\/v2\/product_cat?post=79966"},{"taxonomy":"product_tag","embeddable":true,"href":"https:\/\/www.soanam.de\/nl\/wp-json\/wp\/v2\/product_tag?post=79966"}],"curies":[{"name":"wp","href":"https:\/\/api.w.org\/{rel}","templated":true}]}}