{"id":79889,"date":"2023-12-13T23:21:09","date_gmt":"2023-12-13T22:21:09","guid":{"rendered":"https:\/\/www.soanam.de\/?post_type=product&#038;p=79889"},"modified":"2023-12-13T23:56:05","modified_gmt":"2023-12-13T22:56:05","slug":"victorinox-taschenmesser-hunter-pro-m-alox-silber-4-funktionen","status":"publish","type":"product","link":"https:\/\/www.soanam.de\/nl\/produkt\/victorinox-taschenmesser-hunter-pro-m-alox-silber-4-funktionen\/","title":{"rendered":"Victorinox Hunter Pro M Alox zakmes, zilver, 4 functies"},"content":{"rendered":"<h3>Beschrijving van de<\/h3>\n<p>Hersteller: Victorinox<\/p>\n<p>Werksnr.: 0.9415.M26<\/p>\n<p><strong>Hauptmerkmale:<\/strong><\/p>\n<p>- Perfekt f\u00fcr allt\u00e4gliche Abenteuer in der freien Natur<br \/>\n- Taschenmesser mit 4 Funktionen, hergestellt in der Schweiz<br \/>\n- Inklusive extra starker Feststellklinge zur einh\u00e4ndigen Bedienung, Clip und Paracord-Anh\u00e4nger<\/p>\n<p><strong>Grosses Taschenmesser mit Paracord-Anh\u00e4nger<\/strong><br \/>\nUnser neuestes Hunter Pro verbindet Entdeckergeist und Abenteuerlust mit elegantem Design und edler Optik. Es ist mit den gerippten Alox-Schalen unserer Pioneer Kollektion ausgestattet, die dem Messer ein griffigeres, multidimensionales Finish verleihen. Der gebogene Clip l\u00e4sst sich nahtlos hinter der Schale integrieren und praktisch an jedem Kleidungsst\u00fcck befestigen. F\u00fcr die Extraportion robuste Raffinesse sorgen die federintegrierte Befestigungs\u00f6se und der gekn\u00fcpfte silberne Paracord-Anh\u00e4nger.<\/p>\n<p><strong>Wichtiger Hinweis:<\/strong><br \/>\nIn Deutschland unterliegt das Tragen und F\u00fchren von Messern speziellen gesetzlichen Bestimmungen und zugleich auch Beschr\u00e4nkungen.<br \/>\nDies gilt insbesondere f\u00fcr das Tragen und F\u00fchren von Einhandmessern und feststehenden Messern mit einer Klingenl\u00e4nge \u00fcber 12 cm.<\/p>","protected":false},"excerpt":{"rendered":"<h3>Artikelmerkmale<\/h3>\n<p>Staat van het item: Nieuw met label: Nieuw, ongebruikt en ongedragen item in de originele verpakking<\/p>\n<p><strong>Produktdatenblatt<\/strong><br \/>\nProduktname: Victorinox Hunter Pro M (one hand, Alox, silver)<br \/>\nProdukttypen: Jagdmesser<br \/>\nEinhandmesser<\/p>\n<p><strong>Allgemeine Informationen<\/strong><br \/>\nGriffmaterial: Aluminium<br \/>\nWerkzeuge:<br \/>\nKlinge<br \/>\nKorkenzieher<br \/>\nPinzette<br \/>\nZahnstocher<br \/>\nRing<br \/>\nVerriegelung: Back Lock<br \/>\nEinsatzgebiet: f\u00fcr J\u00e4ger<\/p>\n<p><strong>Afmetingen: <\/strong><br \/>\nH\u00f6he 16 mm<br \/>\nL\u00e4nge 136 mm<br \/>\nBreite 40 mm<br \/>\nGewicht 186 g<\/p>\n<p><strong>Bijzonderheden:<\/strong><br \/>\nKleur: grijs<br \/>\nBesonderheit: Gr\u00f6\u00dfe: 130 x 40 x 20 mm<br \/>\nUrsprungsland: Schweiz<br \/>\nEAN: 7611160062291<\/p>","protected":false},"featured_media":80018,"comment_status":"open","ping_status":"closed","template":"","meta":{"_seopress_robots_primary_cat":"","_seopress_titles_title":"","_seopress_titles_desc":"","_seopress_robots_index":""},"product_brand":[],"product_cat":[1730],"product_tag":[],"class_list":{"0":"post-79889","1":"product","2":"type-product","3":"status-publish","4":"has-post-thumbnail","6":"product_cat-sonstiges-2","7":"product_shipping_class-standard-versand","9":"first","10":"instock","11":"sale","12":"taxable","13":"shipping-taxable","14":"purchasable","15":"product-type-simple"},"_links":{"self":[{"href":"https:\/\/www.soanam.de\/nl\/wp-json\/wp\/v2\/product\/79889","targetHints":{"allow":["GET"]}}],"collection":[{"href":"https:\/\/www.soanam.de\/nl\/wp-json\/wp\/v2\/product"}],"about":[{"href":"https:\/\/www.soanam.de\/nl\/wp-json\/wp\/v2\/types\/product"}],"replies":[{"embeddable":true,"href":"https:\/\/www.soanam.de\/nl\/wp-json\/wp\/v2\/comments?post=79889"}],"wp:featuredmedia":[{"embeddable":true,"href":"https:\/\/www.soanam.de\/nl\/wp-json\/wp\/v2\/media\/80018"}],"wp:attachment":[{"href":"https:\/\/www.soanam.de\/nl\/wp-json\/wp\/v2\/media?parent=79889"}],"wp:term":[{"taxonomy":"product_brand","embeddable":true,"href":"https:\/\/www.soanam.de\/nl\/wp-json\/wp\/v2\/product_brand?post=79889"},{"taxonomy":"product_cat","embeddable":true,"href":"https:\/\/www.soanam.de\/nl\/wp-json\/wp\/v2\/product_cat?post=79889"},{"taxonomy":"product_tag","embeddable":true,"href":"https:\/\/www.soanam.de\/nl\/wp-json\/wp\/v2\/product_tag?post=79889"}],"curies":[{"name":"wp","href":"https:\/\/api.w.org\/{rel}","templated":true}]}}