{"id":79884,"date":"2023-12-13T23:21:08","date_gmt":"2023-12-13T22:21:08","guid":{"rendered":"https:\/\/www.soanam.de\/?post_type=product&#038;p=79884"},"modified":"2023-12-13T23:55:35","modified_gmt":"2023-12-13T22:55:35","slug":"bench-homewearhose-mit-metallic-streifen-in-schwarz-groesse-32-34","status":"publish","type":"product","link":"https:\/\/www.soanam.de\/nl\/produkt\/bench-homewearhose-mit-metallic-streifen-in-schwarz-groesse-32-34\/","title":{"rendered":"Bank. Homewear broek met metallic strepen, in zwart, maat 32\/34"},"content":{"rendered":"<p>Sweatpant von Bench<br \/>\nMit Metallic-Seitenstreifen und Metall-Logo-Plate<br \/>\nBreites B\u00fcndchen mit Kordelzug<br \/>\nPraktische steekzakken<br \/>\nSofte Jersey-Qualit\u00e4t<\/p>\n<p>Die Jogginghose von Bench mit den dezenten metallischen Kontraststreifen entlang der Seiten pr\u00e4sentiert sich schlicht und einfach cool.<br \/>\nAm verstellbaren Bund mit Au\u00dfenkordel schlie\u00dfen zwei seitliche Eingrifftaschen an, darunter befindet sich ein kleines Logo-Plate aus Metall.<br \/>\nDie trageangenehmen Sweatpants aus gleichm\u00e4\u00dfigem Jersey verlaufen in geradem Schnitt und fallen locker am K\u00f6rper.<\/p>\n<p>Materiaal: 60% katoen, 40% polyester<br \/>\nOnderhoudsinstructies: Machinewas<\/p>\n<p>Kleur: zwart<br \/>\nMuster: Seitenstreifen<br \/>\nGrootte: 32\/34<\/p>\n<p>Bundweite: 61cm<br \/>\nHeupomtrek: 90cm<br \/>\nTrede lengte: 79cm<br \/>\nTotale lengte: 102cm<\/p>","protected":false},"excerpt":{"rendered":"<table class=\"dv_characteristicsTable\">\n<tbody>\n<tr>\n<td class=\"left\">Maat<\/td>\n<td>32\/34<\/td>\n<\/tr>\n<tr>\n<td class=\"left\">Gr\u00f6\u00dfentyp<\/td>\n<td>Normalgr\u00f6\u00dfen<\/td>\n<\/tr>\n<tr>\n<td class=\"left\">Materiaalsamenstelling<\/td>\n<td>Obermaterial: 60% Baumwolle, 40% Polyester<\/td>\n<\/tr>\n<tr>\n<td class=\"left\">Onderhoudsinstructies<\/td>\n<td>Machinewas<\/td>\n<\/tr>\n<tr>\n<td class=\"left\">Stil<\/td>\n<td>Basic<\/td>\n<\/tr>\n<tr>\n<td class=\"left\">Kleur<\/td>\n<td>schwarz<\/td>\n<\/tr>\n<tr>\n<td class=\"left\">Leibh\u00f6he<\/td>\n<td>normal<\/td>\n<\/tr>\n<tr>\n<td class=\"left\">Bundabschluss<\/td>\n<td>B\u00fcndchen<\/td>\n<\/tr>\n<tr>\n<td class=\"left\">Bundabschlussdetails<\/td>\n<td>mit Kordelzug<\/td>\n<\/tr>\n<tr>\n<td class=\"left\">Beinform<\/td>\n<td>gerade<\/td>\n<\/tr>\n<tr>\n<td class=\"left\">Pas<\/td>\n<td>Basic<\/td>\n<\/tr>\n<tr>\n<td class=\"left\">Schnittform L\u00e4nge<\/td>\n<td>lang<\/td>\n<\/tr>\n<tr>\n<td class=\"left\">Applikationen<\/td>\n<td>Piping<\/td>\n<\/tr>\n<tr>\n<td class=\"left\">Tassen<\/td>\n<td>Zakken<\/td>\n<\/tr>\n<tr>\n<td class=\"left\">Verschluss<\/td>\n<td>Kordel<\/td>\n<\/tr>\n<tr>\n<td class=\"left\">Verschlussdetails<\/td>\n<td>vorn, zum Binden<\/td>\n<\/tr>\n<tr>\n<td class=\"left\">Besondere Merkmale<\/td>\n<td>mit Metallic-Streifen<\/td>\n<\/tr>\n<\/tbody>\n<\/table>","protected":false},"featured_media":79997,"comment_status":"open","ping_status":"closed","template":"","meta":{"_seopress_robots_primary_cat":"","_seopress_titles_title":"","_seopress_titles_desc":"","_seopress_robots_index":""},"product_brand":[],"product_cat":[1348,1402,1584],"product_tag":[],"class_list":{"0":"post-79884","1":"product","2":"type-product","3":"status-publish","4":"has-post-thumbnail","6":"product_cat-damen-mode","7":"product_cat-sportbekleidung-damen-mode","8":"product_cat-jogginghosen-sportbekleidung-damen-mode","9":"product_shipping_class-standard-versand","11":"first","12":"instock","13":"taxable","14":"shipping-taxable","15":"purchasable","16":"product-type-simple"},"_links":{"self":[{"href":"https:\/\/www.soanam.de\/nl\/wp-json\/wp\/v2\/product\/79884","targetHints":{"allow":["GET"]}}],"collection":[{"href":"https:\/\/www.soanam.de\/nl\/wp-json\/wp\/v2\/product"}],"about":[{"href":"https:\/\/www.soanam.de\/nl\/wp-json\/wp\/v2\/types\/product"}],"replies":[{"embeddable":true,"href":"https:\/\/www.soanam.de\/nl\/wp-json\/wp\/v2\/comments?post=79884"}],"wp:featuredmedia":[{"embeddable":true,"href":"https:\/\/www.soanam.de\/nl\/wp-json\/wp\/v2\/media\/79997"}],"wp:attachment":[{"href":"https:\/\/www.soanam.de\/nl\/wp-json\/wp\/v2\/media?parent=79884"}],"wp:term":[{"taxonomy":"product_brand","embeddable":true,"href":"https:\/\/www.soanam.de\/nl\/wp-json\/wp\/v2\/product_brand?post=79884"},{"taxonomy":"product_cat","embeddable":true,"href":"https:\/\/www.soanam.de\/nl\/wp-json\/wp\/v2\/product_cat?post=79884"},{"taxonomy":"product_tag","embeddable":true,"href":"https:\/\/www.soanam.de\/nl\/wp-json\/wp\/v2\/product_tag?post=79884"}],"curies":[{"name":"wp","href":"https:\/\/api.w.org\/{rel}","templated":true}]}}