{"id":79840,"date":"2023-12-13T23:20:18","date_gmt":"2023-12-13T22:20:18","guid":{"rendered":"https:\/\/www.soanam.de\/?post_type=product&#038;p=79840"},"modified":"2023-12-13T23:54:53","modified_gmt":"2023-12-13T22:54:53","slug":"bench-sweatjacke-mit-seitenstreifen-und-stehkragen-in-ecru-schwarz-groesse-32-34","status":"publish","type":"product","link":"https:\/\/www.soanam.de\/nl\/produkt\/bench-sweatjacke-mit-seitenstreifen-und-stehkragen-in-ecru-schwarz-groesse-32-34\/","title":{"rendered":"Bank. Sweatjack met zijstrepen en opstaande kraag, in ecru-zwart, maat 32\/34"},"content":{"rendered":"<p>Loungejacke mit Rei\u00dfverschluss<br \/>\nStreifen entlang den Schultern und den Raglan\u00e4rmeln<br \/>\nMit Stehragen<br \/>\nMet kangoeroezak<br \/>\nGemaakt van rekbaar interlock jersey<\/p>\n<p>Das hochwertige weiche Interlock-Jersey-Material ist angenehm zur Haut, strapazierf\u00e4hig und elastisch.<br \/>\nDie sportliche Sweatjacke von Bench hat einen durchgehenden Rei\u00dfverschluss, hohen Kragen und praktische K\u00e4ngurutaschen.<br \/>\nKontrastfarbene Streifen entlang der Schultern und der Raglan\u00e4rmel sowie ein Markenlogo und der Rei\u00dfverschluss in Kontrastfarbe vervollst\u00e4ndigen die sch\u00f6ne Optik.<\/p>\n<p>Materiaal: 60% katoen, 40% polyester<br \/>\nOnderhoudsinstructies: Machinewas<\/p>\n<p>Farbe: ecru, schwarz<br \/>\nMuster: Seitenstreifen<br \/>\nGrootte: 32\/34<\/p>\n<p>Schouderbreedte: 48cm<br \/>\nBorstbreedte: 92cm<br \/>\nMouwlengte: 70cm<br \/>\nTotale lengte: 61cm<\/p>","protected":false},"excerpt":{"rendered":"<table class=\"dv_characteristicsTable\">\n<tbody>\n<tr>\n<td class=\"left\">Maat<\/td>\n<td>32\/34<\/td>\n<\/tr>\n<tr>\n<td class=\"left\">Gr\u00f6\u00dfentyp<\/td>\n<td>Normalgr\u00f6\u00dfen<\/td>\n<\/tr>\n<tr>\n<td class=\"left\">Materiaalsamenstelling<\/td>\n<td>Obermaterial: 60% Baumwolle\u00a0, 40% Polyester<\/td>\n<\/tr>\n<tr>\n<td class=\"left\">Materialart<\/td>\n<td>Jersey, Interlock<\/td>\n<\/tr>\n<tr>\n<td class=\"left\">Materialeigenschaften<\/td>\n<td>elastisch<\/td>\n<\/tr>\n<tr>\n<td class=\"left\">Onderhoudsinstructies<\/td>\n<td>Machinewas<\/td>\n<\/tr>\n<tr>\n<td class=\"left\">Optik<\/td>\n<td>unifarben mit Farbeinsatz<\/td>\n<\/tr>\n<tr>\n<td class=\"left\">Stil<\/td>\n<td>sportlich<\/td>\n<\/tr>\n<tr>\n<td class=\"left\">Kleur<\/td>\n<td>ecru, schwarz<\/td>\n<\/tr>\n<tr>\n<td class=\"left\">Kragen<\/td>\n<td>hoher Stehkragen<\/td>\n<\/tr>\n<tr>\n<td class=\"left\">Ausschnitt<\/td>\n<td>ohne Ausschnitt<\/td>\n<\/tr>\n<tr>\n<td class=\"left\">\u00c4rmel<\/td>\n<td>Lange mouw<\/td>\n<\/tr>\n<tr>\n<td class=\"left\">\u00c4rmeldetails<\/td>\n<td>Raglanmouwen<\/td>\n<\/tr>\n<tr>\n<td class=\"left\">\u00c4rmelabschluss<\/td>\n<td>Rippb\u00fcndchen<\/td>\n<\/tr>\n<tr>\n<td class=\"left\">Rumpfabschluss<\/td>\n<td>Rippb\u00fcndchen<\/td>\n<\/tr>\n<tr>\n<td class=\"left\">Pas<\/td>\n<td>bequem<\/td>\n<\/tr>\n<tr>\n<td class=\"left\">Schnittform L\u00e4nge<\/td>\n<td>h\u00fcftbedeckend<\/td>\n<\/tr>\n<tr>\n<td class=\"left\">Kapuze<\/td>\n<td>ohne Kapuze<\/td>\n<\/tr>\n<tr>\n<td class=\"left\">Applikationen<\/td>\n<td>Logo afdrukken<\/td>\n<\/tr>\n<tr>\n<td class=\"left\">Tassen<\/td>\n<td>Zakken<\/td>\n<\/tr>\n<tr>\n<td class=\"left\">Verschluss<\/td>\n<td>Ritssluiting<\/td>\n<\/tr>\n<tr>\n<td class=\"left\">Verschlussdetails<\/td>\n<td>vorn<\/td>\n<\/tr>\n<tr>\n<td class=\"left\">Besondere Merkmale<\/td>\n<td>mit Seitenstreifen und Stehkragen<\/td>\n<\/tr>\n<\/tbody>\n<\/table>","protected":false},"featured_media":79956,"comment_status":"open","ping_status":"closed","template":"","meta":{"_seopress_robots_primary_cat":"","_seopress_titles_title":"","_seopress_titles_desc":"","_seopress_robots_index":""},"product_brand":[],"product_cat":[1348,1402,1585],"product_tag":[],"class_list":{"0":"post-79840","1":"product","2":"type-product","3":"status-publish","4":"has-post-thumbnail","6":"product_cat-damen-mode","7":"product_cat-sportbekleidung-damen-mode","8":"product_cat-jacken-sportbekleidung-damen-mode","9":"product_shipping_class-standard-versand","11":"first","12":"instock","13":"taxable","14":"shipping-taxable","15":"purchasable","16":"product-type-simple"},"_links":{"self":[{"href":"https:\/\/www.soanam.de\/nl\/wp-json\/wp\/v2\/product\/79840","targetHints":{"allow":["GET"]}}],"collection":[{"href":"https:\/\/www.soanam.de\/nl\/wp-json\/wp\/v2\/product"}],"about":[{"href":"https:\/\/www.soanam.de\/nl\/wp-json\/wp\/v2\/types\/product"}],"replies":[{"embeddable":true,"href":"https:\/\/www.soanam.de\/nl\/wp-json\/wp\/v2\/comments?post=79840"}],"wp:featuredmedia":[{"embeddable":true,"href":"https:\/\/www.soanam.de\/nl\/wp-json\/wp\/v2\/media\/79956"}],"wp:attachment":[{"href":"https:\/\/www.soanam.de\/nl\/wp-json\/wp\/v2\/media?parent=79840"}],"wp:term":[{"taxonomy":"product_brand","embeddable":true,"href":"https:\/\/www.soanam.de\/nl\/wp-json\/wp\/v2\/product_brand?post=79840"},{"taxonomy":"product_cat","embeddable":true,"href":"https:\/\/www.soanam.de\/nl\/wp-json\/wp\/v2\/product_cat?post=79840"},{"taxonomy":"product_tag","embeddable":true,"href":"https:\/\/www.soanam.de\/nl\/wp-json\/wp\/v2\/product_tag?post=79840"}],"curies":[{"name":"wp","href":"https:\/\/api.w.org\/{rel}","templated":true}]}}