{"id":79784,"date":"2023-12-13T23:18:58","date_gmt":"2023-12-13T22:18:58","guid":{"rendered":"https:\/\/www.soanam.de\/?post_type=product&#038;p=79784"},"modified":"2023-12-13T23:22:31","modified_gmt":"2023-12-13T22:22:31","slug":"houd-je-handen-vrij-iphone-6-6s-transparant-mobiel-telefoonhoesje-met-ketting","status":"publish","type":"product","link":"https:\/\/www.soanam.de\/nl\/produkt\/keep-your-hands-free-iphone-6-6s-transparent-handyhuelle-mit-kette\/","title":{"rendered":"Houd je handen vrij iPhone 6 \/ 6s transparant mobiel telefoonhoesje met ketting"},"content":{"rendered":"<h3>Beschrijving van de<\/h3>\n<p>Eine iPhone Handyh\u00fclle in Schwarz aus langlebigem, recyclebarem Kunststoff mit einer weichen Handschmeichel-Oberfl\u00e4che. Auf der Innenseite sorgt ein Mikrofaser-Futter daf\u00fcr, dass dein Telefon sanft und sicher sitzt.<\/p>\n<p>Alle Handyh\u00fcllen dieser Firma unterst\u00fctzen kabelloses Laden mit Qi-zertifizierten Ladeger\u00e4ten und unsere MagSafe-kompatiblen H\u00fcllen erm\u00f6glichen dir, zus\u00e4tzlich Accessoires wie unser Wallet mit MagSafe mit deiner Handykette zu nutzen.<\/p>\n<p>Ein rundes, geflochtenes Band in Taupe mit verstellbaren Klemmen und tauschbaren Endkappen in Hochglanz Gold, perfekt f\u00fcr eine XOUXOU Handyh\u00fclle.<\/p>\n<p><strong>Omvang van de levering:<\/strong><br \/>\n1 Handyh\u00fclle und eine passende Band \/ Rope in Schwarz<\/p>","protected":false},"excerpt":{"rendered":"<p>Beschreibung Eine iPhone Handyh\u00fclle in Schwarz aus langlebigem, recyclebarem Kunststoff mit einer weichen Handschmeichel-Oberfl\u00e4che. Auf der Innenseite sorgt ein Mikrofaser-Futter daf\u00fcr, dass dein Telefon sanft und sicher sitzt. Alle Handyh\u00fcllen dieser Firma unterst\u00fctzen kabelloses Laden mit Qi-zertifizierten Ladeger\u00e4ten und unsere MagSafe-kompatiblen H\u00fcllen erm\u00f6glichen dir, zus\u00e4tzlich Accessoires wie unser Wallet mit MagSafe mit deiner Handykette zu [&hellip;]<\/p>\n","protected":false},"featured_media":79917,"comment_status":"open","ping_status":"closed","template":"","meta":{"_seopress_robots_primary_cat":"","_seopress_titles_title":"","_seopress_titles_desc":"","_seopress_robots_index":""},"product_brand":[],"product_cat":[1730],"product_tag":[],"class_list":{"0":"post-79784","1":"product","2":"type-product","3":"status-publish","4":"has-post-thumbnail","6":"product_cat-sonstiges-2","7":"product_shipping_class-standard-versand","9":"first","10":"instock","11":"sale","12":"taxable","13":"shipping-taxable","14":"purchasable","15":"product-type-simple"},"_links":{"self":[{"href":"https:\/\/www.soanam.de\/nl\/wp-json\/wp\/v2\/product\/79784","targetHints":{"allow":["GET"]}}],"collection":[{"href":"https:\/\/www.soanam.de\/nl\/wp-json\/wp\/v2\/product"}],"about":[{"href":"https:\/\/www.soanam.de\/nl\/wp-json\/wp\/v2\/types\/product"}],"replies":[{"embeddable":true,"href":"https:\/\/www.soanam.de\/nl\/wp-json\/wp\/v2\/comments?post=79784"}],"wp:featuredmedia":[{"embeddable":true,"href":"https:\/\/www.soanam.de\/nl\/wp-json\/wp\/v2\/media\/79917"}],"wp:attachment":[{"href":"https:\/\/www.soanam.de\/nl\/wp-json\/wp\/v2\/media?parent=79784"}],"wp:term":[{"taxonomy":"product_brand","embeddable":true,"href":"https:\/\/www.soanam.de\/nl\/wp-json\/wp\/v2\/product_brand?post=79784"},{"taxonomy":"product_cat","embeddable":true,"href":"https:\/\/www.soanam.de\/nl\/wp-json\/wp\/v2\/product_cat?post=79784"},{"taxonomy":"product_tag","embeddable":true,"href":"https:\/\/www.soanam.de\/nl\/wp-json\/wp\/v2\/product_tag?post=79784"}],"curies":[{"name":"wp","href":"https:\/\/api.w.org\/{rel}","templated":true}]}}