{"id":79735,"date":"2023-12-13T23:17:34","date_gmt":"2023-12-13T22:17:34","guid":{"rendered":"https:\/\/www.soanam.de\/?post_type=product&#038;p=79735"},"modified":"2023-12-13T23:20:58","modified_gmt":"2023-12-13T22:20:58","slug":"bruno-banani-jogginghose-loose-fit-in-schwarz-groesse-xl-56-58","status":"publish","type":"product","link":"https:\/\/www.soanam.de\/nl\/produkt\/bruno-banani-jogginghose-loose-fit-in-schwarz-groesse-xl-56-58\/","title":{"rendered":"Bruno Banani Jogginghose Loose Fit, in Schwarz, Gr\u00f6\u00dfe XL (56\/58)"},"content":{"rendered":"<p>Sportliche Jogginghose von Bruno Banani<br \/>\nLogodruck\/Markenlabel<br \/>\nElastischer Hosenbund\/Tunnelzug mit Bindeband<br \/>\nLOOSE FIT- l\u00e4ssig geschnitten<\/p>\n<p>Die Sweathose von Bruno Banani gibt sich betont l\u00e4ssig mit schmal zulaufendem Bein.<br \/>\nSeitliche Eingrifftaschen bieten Platz f\u00fcr Smartphone &amp; Co, w\u00e4hrend markige Details, wie der Logodruck, das passende Finish verleihen.<\/p>\n<p>Material: 60% Polyester, 40% Baumwolle<br \/>\nOnderhoudsinstructies: Machinewas<\/p>\n<p>Kleur: zwart<br \/>\nPatroon: zonder<br \/>\nMaat: XL<\/p>\n<p>Bundweite: 94cm<br \/>\nH\u00fcftumfang: 120cm<br \/>\nSchrittl\u00e4nge: 85cm<br \/>\nTotale lengte: 110cm<\/p>","protected":false},"excerpt":{"rendered":"<table class=\"dv_characteristicsTable\">\n<tbody>\n<tr>\n<td class=\"left\">Maat<\/td>\n<td>XL (56\/58)<\/td>\n<\/tr>\n<tr>\n<td class=\"left\">Gr\u00f6\u00dfentyp<\/td>\n<td>Normalgr\u00f6\u00dfen<\/td>\n<\/tr>\n<tr>\n<td class=\"left\">Materiaalsamenstelling<\/td>\n<td>Obermaterial: 60% Baumwolle\u00a0, 40% Polyester<\/td>\n<\/tr>\n<tr>\n<td class=\"left\">Onderhoudsinstructies<\/td>\n<td>Machinewas<\/td>\n<\/tr>\n<tr>\n<td class=\"left\">Stil<\/td>\n<td>sportlich<\/td>\n<\/tr>\n<tr>\n<td class=\"left\">Kleur<\/td>\n<td>schwarz<\/td>\n<\/tr>\n<tr>\n<td class=\"left\">Bundabschluss<\/td>\n<td>elastischer Bund<\/td>\n<\/tr>\n<tr>\n<td class=\"left\">Bundabschlussdetails<\/td>\n<td>mit Bindeband<\/td>\n<\/tr>\n<tr>\n<td class=\"left\">Pas<\/td>\n<td>bequem<\/td>\n<\/tr>\n<tr>\n<td class=\"left\">Herstellerpassform<\/td>\n<td>LOOSE FIT<\/td>\n<\/tr>\n<tr>\n<td class=\"left\">Schnittform L\u00e4nge<\/td>\n<td>lang<\/td>\n<\/tr>\n<tr>\n<td class=\"left\">Applikationen<\/td>\n<td>Logo afdrukken<\/td>\n<\/tr>\n<tr>\n<td class=\"left\">Tassen<\/td>\n<td>Zakken<\/td>\n<\/tr>\n<tr>\n<td class=\"left\">Gr\u00f6\u00dfenhinweis<\/td>\n<td>F\u00e4llt gro\u00df aus, bitte eine Gr\u00f6\u00dfe kleiner bestellen.<\/td>\n<\/tr>\n<\/tbody>\n<\/table>","protected":false},"featured_media":79874,"comment_status":"open","ping_status":"closed","template":"","meta":{"_seopress_robots_primary_cat":"","_seopress_titles_title":"","_seopress_titles_desc":"","_seopress_robots_index":""},"product_brand":[],"product_cat":[1345,1365,1526],"product_tag":[],"class_list":{"0":"post-79735","1":"product","2":"type-product","3":"status-publish","4":"has-post-thumbnail","6":"product_cat-herrenmode","7":"product_cat-sportbekleidung","8":"product_cat-jogginghosen-sportbekleidung","9":"product_shipping_class-standard-versand","11":"first","12":"instock","13":"sale","14":"taxable","15":"shipping-taxable","16":"purchasable","17":"product-type-simple"},"_links":{"self":[{"href":"https:\/\/www.soanam.de\/nl\/wp-json\/wp\/v2\/product\/79735","targetHints":{"allow":["GET"]}}],"collection":[{"href":"https:\/\/www.soanam.de\/nl\/wp-json\/wp\/v2\/product"}],"about":[{"href":"https:\/\/www.soanam.de\/nl\/wp-json\/wp\/v2\/types\/product"}],"replies":[{"embeddable":true,"href":"https:\/\/www.soanam.de\/nl\/wp-json\/wp\/v2\/comments?post=79735"}],"wp:featuredmedia":[{"embeddable":true,"href":"https:\/\/www.soanam.de\/nl\/wp-json\/wp\/v2\/media\/79874"}],"wp:attachment":[{"href":"https:\/\/www.soanam.de\/nl\/wp-json\/wp\/v2\/media?parent=79735"}],"wp:term":[{"taxonomy":"product_brand","embeddable":true,"href":"https:\/\/www.soanam.de\/nl\/wp-json\/wp\/v2\/product_brand?post=79735"},{"taxonomy":"product_cat","embeddable":true,"href":"https:\/\/www.soanam.de\/nl\/wp-json\/wp\/v2\/product_cat?post=79735"},{"taxonomy":"product_tag","embeddable":true,"href":"https:\/\/www.soanam.de\/nl\/wp-json\/wp\/v2\/product_tag?post=79735"}],"curies":[{"name":"wp","href":"https:\/\/api.w.org\/{rel}","templated":true}]}}