{"id":79709,"date":"2023-12-13T23:17:09","date_gmt":"2023-12-13T22:17:09","guid":{"rendered":"https:\/\/www.soanam.de\/?post_type=product&#038;p=79709"},"modified":"2023-12-13T23:20:16","modified_gmt":"2023-12-13T22:20:16","slug":"3d-mondlampe-mit-dimmbarem-3d-led-nachtsensor-und-fernbedienung-20cm","status":"publish","type":"product","link":"https:\/\/www.soanam.de\/nl\/produkt\/3d-mondlampe-mit-dimmbarem-3d-led-nachtsensor-und-fernbedienung-20cm\/","title":{"rendered":"3D maanlamp met dimbare 3D LED nachtsensor en afstandsbediening 20cm"},"content":{"rendered":"<h3>Beschrijving van de<\/h3>\n<p>Lassen Sie sich von der Mondlampe aus dem 3D-Drucker verzaubern. Hier werden Kinder- und Erwachsenentr\u00e4ume wahr. Brilliant designte Lampe aus innovativer 3D-Druck-Technologie. Die Mondlampe wird \u00fcber USB aufgeladen (inkl. Kabel, exkl. Adapter), mit 16 Farben: von Weiss- zu Gelb-, \u00fcber Rot-, Gr\u00fcn- und Blaut\u00f6nen. Die Lichtfarbe sorgt f\u00fcr die richtige Atomsph\u00e4re in jedem Raum.<\/p>","protected":false},"excerpt":{"rendered":"<h3>Artikelmerkmale<\/h3>\n<p>Staat van het item: Nieuw met label: Nieuw, ongebruikt en ongedragen item in de originele verpakking<\/p>\n<table border=\"0\" frame=\"VOID\" rules=\"NONE\" cellspacing=\"0\">\n<colgroup>\n<col width=\"341\" \/>\n<col width=\"237\" \/><\/colgroup>\n<tbody>\n<tr>\n<td align=\"LEFT\" width=\"341\" height=\"17\">Anwendungsbereich<\/td>\n<td align=\"LEFT\" width=\"237\">Indoor<\/td>\n<\/tr>\n<tr>\n<td align=\"LEFT\" height=\"17\">Anzahl Lampen<\/td>\n<td align=\"LEFT\">1 x<\/td>\n<\/tr>\n<tr>\n<td align=\"LEFT\" height=\"17\">Artikelgewicht:<\/td>\n<td align=\"LEFT\">\u200e850 g<\/td>\n<\/tr>\n<tr>\n<td align=\"LEFT\" height=\"17\">Artikelnummer<\/td>\n<td align=\"LEFT\">12425940<\/td>\n<\/tr>\n<tr>\n<td align=\"LEFT\" height=\"17\">Artikelnummer:<\/td>\n<td align=\"LEFT\">\u200eVdamondlamp004<\/td>\n<\/tr>\n<tr>\n<td align=\"LEFT\" height=\"17\">Batterien notwendig:<\/td>\n<td align=\"LEFT\">\u200eNein<\/td>\n<\/tr>\n<tr>\n<td align=\"LEFT\" height=\"17\">Breite<\/td>\n<td align=\"LEFT\">15 cm<\/td>\n<\/tr>\n<tr>\n<td align=\"LEFT\" height=\"17\">Dimmbarkeit<\/td>\n<td align=\"LEFT\">Dimmbar<\/td>\n<\/tr>\n<tr>\n<td align=\"LEFT\" height=\"17\">Durchmesser<\/td>\n<td align=\"LEFT\">15 cm<\/td>\n<\/tr>\n<tr>\n<td align=\"LEFT\" height=\"17\">Energieversorgung<\/td>\n<td align=\"LEFT\">Batteriebetrieb<\/td>\n<\/tr>\n<tr>\n<td align=\"LEFT\" height=\"17\">Farbgruppe<\/td>\n<td align=\"LEFT\">Mehrfarbig, Weiss<\/td>\n<\/tr>\n<tr>\n<td align=\"LEFT\" height=\"17\">Genaue Farbbezeichnung<\/td>\n<td align=\"LEFT\">Multicolor, Weiss<\/td>\n<\/tr>\n<tr>\n<td align=\"LEFT\" height=\"17\">Genaue Materialbezeichnung<\/td>\n<td align=\"LEFT\">ABSi<\/td>\n<\/tr>\n<tr>\n<td align=\"LEFT\" height=\"17\">Hersteller<\/td>\n<td align=\"LEFT\">Cover-Discount<\/td>\n<\/tr>\n<tr>\n<td align=\"LEFT\" height=\"17\">Herstellernr.<\/td>\n<td align=\"LEFT\">890101083A<\/td>\n<\/tr>\n<tr>\n<td align=\"LEFT\" height=\"17\">Herstellerreferenz:<\/td>\n<td align=\"LEFT\">\u200evdamondlamp004<\/td>\n<\/tr>\n<tr>\n<td align=\"LEFT\" height=\"17\">H\u00f6he<\/td>\n<td align=\"LEFT\">20 cm<\/td>\n<\/tr>\n<tr>\n<td align=\"LEFT\" height=\"17\">Ist m\u00f6glicherweise mit einem Stromadapter ausgestattet<\/td>\n<td align=\"LEFT\">Jai<\/td>\n<\/tr>\n<tr>\n<td align=\"LEFT\" height=\"17\">Lampentyp:<\/td>\n<td align=\"LEFT\">\u200eLED<\/td>\n<\/tr>\n<tr>\n<td align=\"LEFT\" height=\"17\">L\u00e4nge<\/td>\n<td align=\"LEFT\">15 cm<\/td>\n<\/tr>\n<tr>\n<td align=\"LEFT\" height=\"17\">Materiaal:<\/td>\n<td align=\"LEFT\">\u200eKunststoff<\/td>\n<\/tr>\n<tr>\n<td align=\"LEFT\" height=\"17\">Produkttyp<\/td>\n<td align=\"LEFT\">Tischlampei<\/td>\n<\/tr>\n<tr>\n<td align=\"LEFT\" height=\"17\">Schalterart:<\/td>\n<td align=\"LEFT\">\u200eFernschalter, Ber\u00fchrungsschalter<\/td>\n<\/tr>\n<tr>\n<td align=\"LEFT\" height=\"17\">Stilrichtung:<\/td>\n<td align=\"LEFT\">\u200eModern<\/td>\n<\/tr>\n<tr>\n<td align=\"LEFT\" height=\"17\">Stromversorgung und Steckertyp:<\/td>\n<td align=\"LEFT\">\u200eBatteriebetrieben<\/td>\n<\/tr>\n<tr>\n<td align=\"LEFT\" height=\"17\">Tischlampentyp<\/td>\n<td align=\"LEFT\">Sonstige Tischlampen<\/td>\n<\/tr>\n<tr>\n<td align=\"LEFT\" height=\"17\">Verpackungsabmessungen:<\/td>\n<td align=\"LEFT\">\u200e22.2 x 21.1 x 20.7 cm<\/td>\n<\/tr>\n<\/tbody>\n<\/table>","protected":false},"featured_media":79837,"comment_status":"open","ping_status":"closed","template":"","meta":{"_seopress_robots_primary_cat":"","_seopress_titles_title":"","_seopress_titles_desc":"","_seopress_robots_index":""},"product_brand":[],"product_cat":[1400,1420],"product_tag":[],"class_list":{"0":"post-79709","1":"product","2":"type-product","3":"status-publish","4":"has-post-thumbnail","6":"product_cat-wohnzubehoer","7":"product_cat-wohndekoration","8":"product_shipping_class-standard-versand","10":"first","11":"instock","12":"sale","13":"taxable","14":"shipping-taxable","15":"purchasable","16":"product-type-simple"},"_links":{"self":[{"href":"https:\/\/www.soanam.de\/nl\/wp-json\/wp\/v2\/product\/79709","targetHints":{"allow":["GET"]}}],"collection":[{"href":"https:\/\/www.soanam.de\/nl\/wp-json\/wp\/v2\/product"}],"about":[{"href":"https:\/\/www.soanam.de\/nl\/wp-json\/wp\/v2\/types\/product"}],"replies":[{"embeddable":true,"href":"https:\/\/www.soanam.de\/nl\/wp-json\/wp\/v2\/comments?post=79709"}],"wp:featuredmedia":[{"embeddable":true,"href":"https:\/\/www.soanam.de\/nl\/wp-json\/wp\/v2\/media\/79837"}],"wp:attachment":[{"href":"https:\/\/www.soanam.de\/nl\/wp-json\/wp\/v2\/media?parent=79709"}],"wp:term":[{"taxonomy":"product_brand","embeddable":true,"href":"https:\/\/www.soanam.de\/nl\/wp-json\/wp\/v2\/product_brand?post=79709"},{"taxonomy":"product_cat","embeddable":true,"href":"https:\/\/www.soanam.de\/nl\/wp-json\/wp\/v2\/product_cat?post=79709"},{"taxonomy":"product_tag","embeddable":true,"href":"https:\/\/www.soanam.de\/nl\/wp-json\/wp\/v2\/product_tag?post=79709"}],"curies":[{"name":"wp","href":"https:\/\/api.w.org\/{rel}","templated":true}]}}