{"id":79708,"date":"2023-12-13T23:17:08","date_gmt":"2023-12-13T22:17:08","guid":{"rendered":"https:\/\/www.soanam.de\/?post_type=product&#038;p=79708"},"modified":"2023-12-13T23:20:08","modified_gmt":"2023-12-13T22:20:08","slug":"ocean-sportswear-jogginganzug-athleisure-joggingsuit-in-grau-schwarz-groesse-46","status":"publish","type":"product","link":"https:\/\/www.soanam.de\/nl\/produkt\/ocean-sportswear-jogginganzug-athleisure-joggingsuit-in-grau-schwarz-groesse-46\/","title":{"rendered":"Ocean Sportswear Jogginganzug Athleisure Joggingsuit, in Grau \/ Schwarz, Gr\u00f6\u00dfe 46"},"content":{"rendered":"<p>Lang sweatshirt en leggingset van Ocean Sportswear<br \/>\nSweatshirt van zachte sweatstof, warm geborsteld aan de binnenkant<br \/>\nSweater met capuchon, kangoeroezak en extra lengte<br \/>\nGevoerde capuchon met breed trekkoord<br \/>\nComfortabele legging met logoprint in single jersey kwaliteit<\/p>\n<p>Dit comfortabele duo bestaat uit een extra lang sweatshirt met capuchon en een legging van single jersey stof en is een echte blikvanger.<br \/>\nDer l\u00e4ssige Hoodie aus weich angerauter Sweatware verf\u00fcgt \u00fcber eine gef\u00fctterte Kapuze und eine K\u00e4ngurutasche.<br \/>\nDe legging wordt visueel geaccentueerd door glinsterende labelletters aan de zijkant van het been.<\/p>\n<p>Materiaal: Bovenstuk: 60% katoen, 40% polyester. Onderkant: 95% katoen, 5% elastaan<br \/>\nOnderhoudsinstructies: Machinewas<\/p>\n<p>Farbe: grey melange\/black<br \/>\nPatroon: zonder<br \/>\nGrootte: 46<\/p>\n<p>Afmetingen bovenste deel<br \/>\nSchouderbreedte: 45cm<br \/>\nBorstbreedte: 120cm<br \/>\nMouwlengte: 66cm<br \/>\nTotale lengte: 85cm<\/p>\n<p>Broekafmetingen<br \/>\nTailleomvang: 84cm<br \/>\nHeupomtrek: 102cm<br \/>\nTrede lengte: 69cm<br \/>\nTotale lengte: 98cm<\/p>","protected":false},"excerpt":{"rendered":"<table class=\"dv_characteristicsTable\">\n<tbody>\n<tr>\n<td class=\"left\">Maat<\/td>\n<td>46<\/td>\n<\/tr>\n<tr>\n<td class=\"left\">Gr\u00f6\u00dfentyp<\/td>\n<td>Normalgr\u00f6\u00dfen<\/td>\n<\/tr>\n<\/tbody>\n<\/table>\n<table class=\"dv_characteristicsTable\">\n<caption>MATERIAAL<\/caption>\n<tbody>\n<tr>\n<td class=\"left\">Materiaalsamenstelling<\/td>\n<td>Obermaterial: 60% Baumwolle, 40% Polyester. Unterteil: 95% Baumwolle, 5% Elasthan<\/td>\n<\/tr>\n<tr>\n<td class=\"left\">Onderhoudsinstructies<\/td>\n<td>Machinewas<\/td>\n<\/tr>\n<\/tbody>\n<\/table>\n<table class=\"dv_characteristicsTable\">\n<caption>OPTIK\/STIL<\/caption>\n<tbody>\n<tr>\n<td class=\"left\">Stil<\/td>\n<td>sportlich<\/td>\n<\/tr>\n<\/tbody>\n<\/table>\n<table class=\"dv_characteristicsTable\">\n<caption>FARBE<\/caption>\n<tbody>\n<tr>\n<td class=\"left\">Kleur<\/td>\n<td>grey<\/td>\n<\/tr>\n<tr>\n<td class=\"left\">Herstellerfarbbezeichnung<\/td>\n<td>grey melange\/black<\/td>\n<\/tr>\n<\/tbody>\n<\/table>\n<table class=\"dv_characteristicsTable\">\n<caption>PASSFORM\/SCHNITT OBERTEIL<\/caption>\n<tbody>\n<tr>\n<td class=\"left\">Kragendetails Oberteil<\/td>\n<td>mit Kordelzug<\/td>\n<\/tr>\n<tr>\n<td class=\"left\">\u00c4rmel Oberteil<\/td>\n<td>Lange mouw<\/td>\n<\/tr>\n<tr>\n<td class=\"left\">\u00c4rmelabschluss Oberteil<\/td>\n<td>Rippb\u00fcndchen<\/td>\n<\/tr>\n<tr>\n<td class=\"left\">Rumpfabschluss Oberteil<\/td>\n<td>Rippb\u00fcndchen<\/td>\n<\/tr>\n<tr>\n<td class=\"left\">Schnittform L\u00e4nge Oberteil<\/td>\n<td>Po-bedeckend<\/td>\n<\/tr>\n<\/tbody>\n<\/table>\n<table class=\"dv_characteristicsTable\">\n<caption>PASSFORM\/SCHNITT UNTERTEIL<\/caption>\n<tbody>\n<tr>\n<td class=\"left\">Leibh\u00f6he Unterteil<\/td>\n<td>komfortabel<\/td>\n<\/tr>\n<tr>\n<td class=\"left\">Bundabschluss Unterteil<\/td>\n<td>elastischer Bund<\/td>\n<\/tr>\n<tr>\n<td class=\"left\">Bundabschlussdetails Unterteil<\/td>\n<td>mit Gummizug<\/td>\n<\/tr>\n<tr>\n<td class=\"left\">Schnittform L\u00e4nge Unterteil<\/td>\n<td>lang<\/td>\n<\/tr>\n<\/tbody>\n<\/table>\n<table class=\"dv_characteristicsTable\">\n<caption>DETAILS OBERTEIL<\/caption>\n<tbody>\n<tr>\n<td class=\"left\">Applikationen Oberteil<\/td>\n<td>Logo afdrukken<\/td>\n<\/tr>\n<tr>\n<td class=\"left\">Taschen Oberteil<\/td>\n<td>Kangoeroezak<\/td>\n<\/tr>\n<tr>\n<td class=\"left\">Kapuze<\/td>\n<td>mit Kapuze<\/td>\n<\/tr>\n<tr>\n<td class=\"left\">Kapuzenf\u00fctterung<\/td>\n<td>Jersey<\/td>\n<\/tr>\n<tr>\n<td class=\"left\">Anzahl Taschen<\/td>\n<td>1 St.<\/td>\n<\/tr>\n<\/tbody>\n<\/table>\n<table class=\"dv_characteristicsTable\">\n<caption>DETAILS UNTERTEIL<\/caption>\n<tbody>\n<tr>\n<td class=\"left\">Applikationen Unterteil<\/td>\n<td>Logo afdrukken<\/td>\n<\/tr>\n<\/tbody>\n<\/table>","protected":false},"featured_media":79834,"comment_status":"open","ping_status":"closed","template":"","meta":{"_seopress_robots_primary_cat":"","_seopress_titles_title":"","_seopress_titles_desc":"","_seopress_robots_index":""},"product_brand":[],"product_cat":[1348,1402,1587],"product_tag":[],"class_list":{"0":"post-79708","1":"product","2":"type-product","3":"status-publish","4":"has-post-thumbnail","6":"product_cat-damen-mode","7":"product_cat-sportbekleidung-damen-mode","8":"product_cat-jogginganzuege","9":"product_shipping_class-standard-versand","11":"first","12":"instock","13":"taxable","14":"shipping-taxable","15":"purchasable","16":"product-type-simple"},"_links":{"self":[{"href":"https:\/\/www.soanam.de\/nl\/wp-json\/wp\/v2\/product\/79708","targetHints":{"allow":["GET"]}}],"collection":[{"href":"https:\/\/www.soanam.de\/nl\/wp-json\/wp\/v2\/product"}],"about":[{"href":"https:\/\/www.soanam.de\/nl\/wp-json\/wp\/v2\/types\/product"}],"replies":[{"embeddable":true,"href":"https:\/\/www.soanam.de\/nl\/wp-json\/wp\/v2\/comments?post=79708"}],"wp:featuredmedia":[{"embeddable":true,"href":"https:\/\/www.soanam.de\/nl\/wp-json\/wp\/v2\/media\/79834"}],"wp:attachment":[{"href":"https:\/\/www.soanam.de\/nl\/wp-json\/wp\/v2\/media?parent=79708"}],"wp:term":[{"taxonomy":"product_brand","embeddable":true,"href":"https:\/\/www.soanam.de\/nl\/wp-json\/wp\/v2\/product_brand?post=79708"},{"taxonomy":"product_cat","embeddable":true,"href":"https:\/\/www.soanam.de\/nl\/wp-json\/wp\/v2\/product_cat?post=79708"},{"taxonomy":"product_tag","embeddable":true,"href":"https:\/\/www.soanam.de\/nl\/wp-json\/wp\/v2\/product_tag?post=79708"}],"curies":[{"name":"wp","href":"https:\/\/api.w.org\/{rel}","templated":true}]}}