{"id":79672,"date":"2023-12-13T23:16:22","date_gmt":"2023-12-13T22:16:22","guid":{"rendered":"https:\/\/www.soanam.de\/?post_type=product&#038;p=79672"},"modified":"2023-12-13T23:19:19","modified_gmt":"2023-12-13T22:19:19","slug":"polarino-trekkinghose-mit-abzippbaren-beinen-in-schwarz-groesse-40","status":"publish","type":"product","link":"https:\/\/www.soanam.de\/nl\/produkt\/polarino-trekkinghose-mit-abzippbaren-beinen-in-schwarz-groesse-40\/","title":{"rendered":"Polarino trekkingbroek met afritsbare pijpen, in zwart, maat 40"},"content":{"rendered":"<p>Funktionale Trekkinghose von Polarino<br \/>\nAls Bermuda oder lange Hose tragbar<br \/>\nMit abzippbaren Beinen<br \/>\nSaum weitenregulierbar<br \/>\n2 Rei\u00dfverschlusstaschen jeweils vorn und hinten<br \/>\nAtmungsaktiv, wasser-\/windabweisend<\/p>\n<p>Qualit\u00e4t und Funktionalit\u00e4t sind \u00fcberzeugende Argumente f\u00fcr die Polarino Stretch Trekking Pants, denn 2 verschiedene Tragem\u00f6glichkeiten machen die Damenhose zum perfekten Allrounder in der Natur.<br \/>\nOb Bermudashorts oder Longs, entscheidet das Wetter, doch das atmungsaktive und wasser-\/winddichte Material macht die Outdoorhose zu einem verl\u00e4sslichen Partner bei jedem Wetter.<br \/>\nDer Saum der Funktionshose ist verstellbar, G\u00fcrtelschlaufen und Rei\u00dfverschlusstaschen sind clevere Details.<br \/>\nDank der hohen Elastizit\u00e4t l\u00e4sst sich das Hosenmodell optimal an jede Bewegung anpassen f\u00fcr ein bequemes und angenehmes Tragegef\u00fchl.<\/p>\n<p>Materiaal: 92% polyamide, 8% elastaan<br \/>\nOnderhoudsinstructies: Machinewas<\/p>\n<p>Kleur: zwart<br \/>\nPatroon: zonder<br \/>\nMaat: 40<\/p>\n<p>Tailleomvang: 82cm<br \/>\nHeupomtrek: 104cm<br \/>\nSchrittl\u00e4nge: 81cm<br \/>\nTotale lengte: 104cm<\/p>","protected":false},"excerpt":{"rendered":"<table class=\"dv_characteristicsTable\" style=\"height: 624px;\" width=\"777\">\n<tbody>\n<tr>\n<td class=\"left\">Maat<\/td>\n<td>40<\/td>\n<\/tr>\n<tr>\n<td class=\"left\">Gr\u00f6\u00dfentyp<\/td>\n<td>Normalgr\u00f6\u00dfen<\/td>\n<\/tr>\n<tr>\n<td class=\"left\">Materiaalsamenstelling<\/td>\n<td>Obermaterial: 92% Polyamid, 8% Elasthan<\/td>\n<\/tr>\n<tr>\n<td class=\"left\">Materialeigenschaften<\/td>\n<td>elastisch, wasserabweisend, schmutzabweisend, schnell trocknend, atmungsaktiv<\/td>\n<\/tr>\n<tr>\n<td class=\"left\">Herstellertechnologien<\/td>\n<td>PFC-FREIE PRODUKTE<\/td>\n<\/tr>\n<tr>\n<td class=\"left\">Onderhoudsinstructies<\/td>\n<td>Machinewas<\/td>\n<\/tr>\n<tr>\n<td class=\"left\">Optik<\/td>\n<td>unifarben<\/td>\n<\/tr>\n<tr>\n<td class=\"left\">Stil<\/td>\n<td>sportlich<\/td>\n<\/tr>\n<tr>\n<td class=\"left\">Kleur<\/td>\n<td>schwarz<\/td>\n<\/tr>\n<tr>\n<td class=\"left\">Bundabschlussdetails<\/td>\n<td>mit Gummizug<\/td>\n<\/tr>\n<tr>\n<td class=\"left\">Beinabschlussdetails<\/td>\n<td>mit verstellbarem Gummizug<\/td>\n<\/tr>\n<tr>\n<td class=\"left\">Pas<\/td>\n<td>bequem<\/td>\n<\/tr>\n<tr>\n<td class=\"left\">Schnittform L\u00e4nge<\/td>\n<td>lang<\/td>\n<\/tr>\n<tr>\n<td class=\"left\">G\u00fcrtelschlaufen<\/td>\n<td>ja<\/td>\n<\/tr>\n<tr>\n<td class=\"left\">L\u00e4nge der G\u00fcrtelschlaufe<\/td>\n<td>5 cm<\/td>\n<\/tr>\n<tr>\n<td class=\"left\">Applikationen<\/td>\n<td>Logoschriftzug<\/td>\n<\/tr>\n<tr>\n<td class=\"left\">Tassen<\/td>\n<td>Rei\u00dfverschlusstaschen, Ges\u00e4\u00dftaschen<\/td>\n<\/tr>\n<tr>\n<td class=\"left\">Verschluss<\/td>\n<td>Ritssluiting<\/td>\n<\/tr>\n<tr>\n<td class=\"left\">Besondere Merkmale<\/td>\n<td>mit abzippbaren Beinen<\/td>\n<\/tr>\n<tr>\n<td class=\"left\">Sportart<\/td>\n<td>Wandern, Trekking<\/td>\n<\/tr>\n<tr>\n<td class=\"left\"><\/td>\n<td><\/td>\n<\/tr>\n<\/tbody>\n<\/table>","protected":false},"featured_media":79800,"comment_status":"open","ping_status":"closed","template":"","meta":{"_seopress_robots_primary_cat":"","_seopress_titles_title":"","_seopress_titles_desc":"","_seopress_robots_index":""},"product_brand":[],"product_cat":[1348,1397,1455],"product_tag":[],"class_list":{"0":"post-79672","1":"product","2":"type-product","3":"status-publish","4":"has-post-thumbnail","6":"product_cat-damen-mode","7":"product_cat-andere-hosen","8":"product_cat-regen-skihosen","9":"product_shipping_class-standard-versand","11":"first","12":"instock","13":"taxable","14":"shipping-taxable","15":"purchasable","16":"product-type-simple"},"_links":{"self":[{"href":"https:\/\/www.soanam.de\/nl\/wp-json\/wp\/v2\/product\/79672","targetHints":{"allow":["GET"]}}],"collection":[{"href":"https:\/\/www.soanam.de\/nl\/wp-json\/wp\/v2\/product"}],"about":[{"href":"https:\/\/www.soanam.de\/nl\/wp-json\/wp\/v2\/types\/product"}],"replies":[{"embeddable":true,"href":"https:\/\/www.soanam.de\/nl\/wp-json\/wp\/v2\/comments?post=79672"}],"wp:featuredmedia":[{"embeddable":true,"href":"https:\/\/www.soanam.de\/nl\/wp-json\/wp\/v2\/media\/79800"}],"wp:attachment":[{"href":"https:\/\/www.soanam.de\/nl\/wp-json\/wp\/v2\/media?parent=79672"}],"wp:term":[{"taxonomy":"product_brand","embeddable":true,"href":"https:\/\/www.soanam.de\/nl\/wp-json\/wp\/v2\/product_brand?post=79672"},{"taxonomy":"product_cat","embeddable":true,"href":"https:\/\/www.soanam.de\/nl\/wp-json\/wp\/v2\/product_cat?post=79672"},{"taxonomy":"product_tag","embeddable":true,"href":"https:\/\/www.soanam.de\/nl\/wp-json\/wp\/v2\/product_tag?post=79672"}],"curies":[{"name":"wp","href":"https:\/\/api.w.org\/{rel}","templated":true}]}}