{"id":79671,"date":"2023-12-13T23:16:21","date_gmt":"2023-12-13T22:16:21","guid":{"rendered":"https:\/\/www.soanam.de\/?post_type=product&#038;p=79671"},"modified":"2023-12-13T23:19:15","modified_gmt":"2023-12-13T22:19:15","slug":"bench-kapuzensweatshirt-mit-reissverschluss-in-schwarz-groesse-36-38","status":"publish","type":"product","link":"https:\/\/www.soanam.de\/nl\/produkt\/bench-kapuzensweatshirt-mit-reissverschluss-in-schwarz-groesse-36-38\/","title":{"rendered":"Bank. Sweater met capuchon en ritssluiting, in zwart, maat 36\/38"},"content":{"rendered":"<p>Kapuzensweatshirt mit Rei\u00dfverschluss von Bench<br \/>\nKontrastfarbene Kapuze und Seitenstreifen<br \/>\nPraktische steekzakken<br \/>\nRegulierbares Band am Saum<br \/>\nMarkenschriftzug<\/p>\n<p>Der Bench Hoodie aus hochwertigem pflegeleichtem Baumwoll-Mix hat zwei seitliche, praktische Taschen, elastische B\u00fcndchen und einen Kordelzug.<br \/>\nDer Zipper am Dekollet\u00e9 sorgt daf\u00fcr, dass du nicht ins Schwitzen ger\u00e4tst, und f\u00fcr eine trendige Optik sind die kontrastfarbene Kapuze und die seitlichen Logotapes da.<\/p>\n<p>Materiaal: 100% katoen<br \/>\nOnderhoudsinstructies: Machinewas<\/p>\n<p>Kleur: zwart<br \/>\nPatroon: Contrasterende strepen<br \/>\nGrootte: 36\/38<\/p>\n<p>Schouderbreedte: 42cm<br \/>\nBorstbreedte: 100cm<br \/>\nMouwlengte: 58cm<br \/>\nTotale lengte: 64cm<\/p>","protected":false},"excerpt":{"rendered":"<table class=\"dv_characteristicsTable\">\n<tbody>\n<tr>\n<td class=\"left\">Maat<\/td>\n<td>36\/38<\/td>\n<\/tr>\n<tr>\n<td class=\"left\">Gr\u00f6\u00dfentyp<\/td>\n<td>Normalgr\u00f6\u00dfen<\/td>\n<\/tr>\n<tr>\n<td class=\"left\">Materiaalsamenstelling<\/td>\n<td>Obermaterial: 100% Baumwolle<\/td>\n<\/tr>\n<tr>\n<td class=\"left\">Materialart<\/td>\n<td>Interlock<\/td>\n<\/tr>\n<tr>\n<td class=\"left\">Onderhoudsinstructies<\/td>\n<td>Machinewas<\/td>\n<\/tr>\n<tr>\n<td class=\"left\">Optik<\/td>\n<td>unifarben mit Farbeinsatz, kontrastfarbene Details<\/td>\n<\/tr>\n<tr>\n<td class=\"left\">Stil<\/td>\n<td>sportlich<\/td>\n<\/tr>\n<tr>\n<td class=\"left\">Kleur<\/td>\n<td>schwarz<\/td>\n<\/tr>\n<tr>\n<td class=\"left\">Kapuze<\/td>\n<td>mit Kapuze<\/td>\n<\/tr>\n<tr>\n<td class=\"left\">Kapuzenf\u00fctterung<\/td>\n<td>kontrastfarben, Sweatware<\/td>\n<\/tr>\n<tr>\n<td class=\"left\">Applikationen<\/td>\n<td>Logoschriftzug, Kontrastbesatz, Piping, Rei\u00dfverschluss<\/td>\n<\/tr>\n<tr>\n<td class=\"left\">Tassen<\/td>\n<td>Zakken<\/td>\n<\/tr>\n<tr>\n<td class=\"left\">Verschluss<\/td>\n<td>Gummizug, Tunnelzug, Rei\u00dfverschluss<\/td>\n<\/tr>\n<tr>\n<td class=\"left\">Verschlussdetails<\/td>\n<td>vorn<\/td>\n<\/tr>\n<tr>\n<td class=\"left\">Besondere Merkmale<\/td>\n<td>mit Rei\u00dfverschluss und regulierbaren Saum<\/td>\n<\/tr>\n<tr>\n<td class=\"left\">Ausschnittdetails<\/td>\n<td>mit Rei\u00dfverschluss<\/td>\n<\/tr>\n<tr>\n<td class=\"left\">\u00c4rmel<\/td>\n<td>Lange mouw<\/td>\n<\/tr>\n<tr>\n<td class=\"left\">\u00c4rmelabschluss<\/td>\n<td>B\u00fcndchen<\/td>\n<\/tr>\n<tr>\n<td class=\"left\">Rumpfabschluss<\/td>\n<td>B\u00fcndchen<\/td>\n<\/tr>\n<tr>\n<td class=\"left\">Rumpfabschlussdetails<\/td>\n<td>mit Gummizug, mit innenliegendem Gummizug, mit Kordelstopper<\/td>\n<\/tr>\n<tr>\n<td class=\"left\">Pas<\/td>\n<td>Basic<\/td>\n<\/tr>\n<tr>\n<td class=\"left\">Schnittform L\u00e4nge<\/td>\n<td>normal<\/td>\n<\/tr>\n<\/tbody>\n<\/table>","protected":false},"featured_media":79797,"comment_status":"open","ping_status":"closed","template":"","meta":{"_seopress_robots_primary_cat":"","_seopress_titles_title":"","_seopress_titles_desc":"","_seopress_robots_index":""},"product_brand":[],"product_cat":[1348,1456,1583],"product_tag":[],"class_list":{"0":"post-79671","1":"product","2":"type-product","3":"status-publish","4":"has-post-thumbnail","6":"product_cat-damen-mode","7":"product_cat-pullover-sweater","8":"product_cat-hoodies","9":"product_shipping_class-standard-versand","11":"first","12":"instock","13":"taxable","14":"shipping-taxable","15":"purchasable","16":"product-type-simple"},"_links":{"self":[{"href":"https:\/\/www.soanam.de\/nl\/wp-json\/wp\/v2\/product\/79671","targetHints":{"allow":["GET"]}}],"collection":[{"href":"https:\/\/www.soanam.de\/nl\/wp-json\/wp\/v2\/product"}],"about":[{"href":"https:\/\/www.soanam.de\/nl\/wp-json\/wp\/v2\/types\/product"}],"replies":[{"embeddable":true,"href":"https:\/\/www.soanam.de\/nl\/wp-json\/wp\/v2\/comments?post=79671"}],"wp:featuredmedia":[{"embeddable":true,"href":"https:\/\/www.soanam.de\/nl\/wp-json\/wp\/v2\/media\/79797"}],"wp:attachment":[{"href":"https:\/\/www.soanam.de\/nl\/wp-json\/wp\/v2\/media?parent=79671"}],"wp:term":[{"taxonomy":"product_brand","embeddable":true,"href":"https:\/\/www.soanam.de\/nl\/wp-json\/wp\/v2\/product_brand?post=79671"},{"taxonomy":"product_cat","embeddable":true,"href":"https:\/\/www.soanam.de\/nl\/wp-json\/wp\/v2\/product_cat?post=79671"},{"taxonomy":"product_tag","embeddable":true,"href":"https:\/\/www.soanam.de\/nl\/wp-json\/wp\/v2\/product_tag?post=79671"}],"curies":[{"name":"wp","href":"https:\/\/api.w.org\/{rel}","templated":true}]}}