{"id":79670,"date":"2023-12-13T23:16:21","date_gmt":"2023-12-13T22:16:21","guid":{"rendered":"https:\/\/www.soanam.de\/?post_type=product&#038;p=79670"},"modified":"2023-12-13T23:19:12","modified_gmt":"2023-12-13T22:19:12","slug":"nike-basic-trainingsjack-in-zwart-maat-m","status":"publish","type":"product","link":"https:\/\/www.soanam.de\/nl\/produkt\/nike-basic-trainingsjacke-in-schwarz-groesse-m\/","title":{"rendered":"NIKE Basic Trainingsjacke, in Schwarz, Gr\u00f6\u00dfe M"},"content":{"rendered":"<p>Klassische Trainingsjacke von Nike<br \/>\nMit Marken-Swoosh-Logo<br \/>\nKontraststreifen entlang der Mitte<br \/>\nMit Strick-Mesh-Futter<br \/>\nAus leichtem Nylongewebe<\/p>\n<p>Die leicht gl\u00e4nzende Qualit\u00e4t, der Kontraststreifen und das gestickte Logo auf der Vorderseite pr\u00e4gen den Look der Sportjacke.<br \/>\nEin hoher Kragen, durchgehender Rei\u00dfverschluss, lockere Passform und Eingrifftaschen vervollst\u00e4ndigen das typische klassische Design der Nike Trainingsjacke.<br \/>\nDas innen liegende Strick-Mesh-Futter sorgt f\u00fcr eine bessere Bel\u00fcftung und atmungsaktiven Tragekomfort.<\/p>\n<p>Materiaal: 100% polyester<br \/>\nOnderhoudsinstructies: Machinewas<\/p>\n<p>Kleur: zwart, wit<br \/>\nPatroon: Contrasterende strepen<br \/>\nMaat: M<\/p>\n<p>Schouderbreedte: 47cm<br \/>\nBreedte borst: 110cm<br \/>\nMouwlengte: 70cm<br \/>\nTotale lengte: 68cm<\/p>","protected":false},"excerpt":{"rendered":"<p>Materiaal: 100% polyester<br \/>\nOnderhoudsinstructies: Machinewas<\/p>\n<p>Kleur: zwart, wit<br \/>\nPatroon: Contrasterende strepen<br \/>\nMaat: M<\/p>","protected":false},"featured_media":79793,"comment_status":"open","ping_status":"closed","template":"","meta":{"_seopress_robots_primary_cat":"","_seopress_titles_title":"","_seopress_titles_desc":"","_seopress_robots_index":""},"product_brand":[],"product_cat":[1345,1365,1371],"product_tag":[],"class_list":{"0":"post-79670","1":"product","2":"type-product","3":"status-publish","4":"has-post-thumbnail","6":"product_cat-herrenmode","7":"product_cat-sportbekleidung","8":"product_cat-jacken","9":"product_shipping_class-standard-versand","11":"first","12":"instock","13":"sale","14":"taxable","15":"shipping-taxable","16":"purchasable","17":"product-type-simple"},"_links":{"self":[{"href":"https:\/\/www.soanam.de\/nl\/wp-json\/wp\/v2\/product\/79670","targetHints":{"allow":["GET"]}}],"collection":[{"href":"https:\/\/www.soanam.de\/nl\/wp-json\/wp\/v2\/product"}],"about":[{"href":"https:\/\/www.soanam.de\/nl\/wp-json\/wp\/v2\/types\/product"}],"replies":[{"embeddable":true,"href":"https:\/\/www.soanam.de\/nl\/wp-json\/wp\/v2\/comments?post=79670"}],"wp:featuredmedia":[{"embeddable":true,"href":"https:\/\/www.soanam.de\/nl\/wp-json\/wp\/v2\/media\/79793"}],"wp:attachment":[{"href":"https:\/\/www.soanam.de\/nl\/wp-json\/wp\/v2\/media?parent=79670"}],"wp:term":[{"taxonomy":"product_brand","embeddable":true,"href":"https:\/\/www.soanam.de\/nl\/wp-json\/wp\/v2\/product_brand?post=79670"},{"taxonomy":"product_cat","embeddable":true,"href":"https:\/\/www.soanam.de\/nl\/wp-json\/wp\/v2\/product_cat?post=79670"},{"taxonomy":"product_tag","embeddable":true,"href":"https:\/\/www.soanam.de\/nl\/wp-json\/wp\/v2\/product_tag?post=79670"}],"curies":[{"name":"wp","href":"https:\/\/api.w.org\/{rel}","templated":true}]}}