{"id":79562,"date":"2023-12-13T23:14:08","date_gmt":"2023-12-13T22:14:08","guid":{"rendered":"https:\/\/www.soanam.de\/?post_type=product&#038;p=79562"},"modified":"2023-12-13T23:16:00","modified_gmt":"2023-12-13T22:16:00","slug":"jette-push-up-bh-met-luipaardprint-in-leo-maat-85d","status":"publish","type":"product","link":"https:\/\/www.soanam.de\/nl\/produkt\/jette-push-up-bh-mit-leopardenmuster-in-leo-groesse-85d\/","title":{"rendered":"JETTE push-up bh met luipaardprint, in leo, maat 85D"},"content":{"rendered":"<p>Push-up bh van Jette Joop<br \/>\nMet niet-verwijderbaar kussen<br \/>\nModieus leo patroon<br \/>\nDubbele spaghettibandjes<br \/>\nMetalen logo op de brug<\/p>\n<p>Het wilde leopatroon en de voorgevormde cups met niet-verwijderbare kussentjes toveren een verleidelijk decollet\u00e9 tevoorschijn, terwijl het fijne kant langs de zijkanten loopt.<br \/>\nDe dubbele spaghettibandjes zijn verstelbaar en bieden perfecte ondersteuning.<br \/>\nEen klein metalen logo op de smalle brug perfectioneert de aantrekkelijke look van de push-up bh van Jette Joop.<\/p>\n<p>Materiaal: 90% polyamide, 10% elastaan<br \/>\nOnderhoudsinstructies: Handwas<\/p>\n<p>Kleur: leo<br \/>\nPatroon: leo<br \/>\nMaat: 85D<\/p>\n<p>Onderwijdte: 85<br \/>\nCupmaat: Cup D<\/p>","protected":false},"excerpt":{"rendered":"<table class=\"dv_characteristicsTable\">\n<caption>MASSANGABE<\/caption>\n<tbody>\n<tr>\n<td class=\"left\">K\u00f6rbchengr\u00f6\u00dfe<\/td>\n<td>Cup D<\/td>\n<\/tr>\n<tr>\n<td class=\"left\">Unterbrustumfang<\/td>\n<td>85<\/td>\n<\/tr>\n<\/tbody>\n<\/table>\n<table class=\"dv_characteristicsTable\">\n<caption>FARBE<\/caption>\n<tbody>\n<tr>\n<td class=\"left\">Kleur<\/td>\n<td>leo<br \/>\nbedruckt<\/td>\n<\/tr>\n<\/tbody>\n<\/table>\n<table class=\"dv_characteristicsTable\">\n<caption>MATERIAAL<\/caption>\n<tbody>\n<tr>\n<td class=\"left\">Materiaalsamenstelling<\/td>\n<td>Obermaterial: 90% Polyamid, 10% Elasthan<\/td>\n<\/tr>\n<tr>\n<td class=\"left\">Onderhoudsinstructies<\/td>\n<td>Handw\u00e4sche<\/td>\n<\/tr>\n<\/tbody>\n<\/table>","protected":false},"featured_media":79657,"comment_status":"open","ping_status":"closed","template":"","meta":{"_seopress_robots_primary_cat":"","_seopress_titles_title":"","_seopress_titles_desc":"","_seopress_robots_index":""},"product_brand":[],"product_cat":[1348,1444,1516],"product_tag":[],"class_list":{"0":"post-79562","1":"product","2":"type-product","3":"status-publish","4":"has-post-thumbnail","6":"product_cat-damen-mode","7":"product_cat-unterwaesche","8":"product_cat-bhs","9":"product_shipping_class-standard-versand","11":"first","12":"instock","13":"taxable","14":"shipping-taxable","15":"purchasable","16":"product-type-simple"},"_links":{"self":[{"href":"https:\/\/www.soanam.de\/nl\/wp-json\/wp\/v2\/product\/79562","targetHints":{"allow":["GET"]}}],"collection":[{"href":"https:\/\/www.soanam.de\/nl\/wp-json\/wp\/v2\/product"}],"about":[{"href":"https:\/\/www.soanam.de\/nl\/wp-json\/wp\/v2\/types\/product"}],"replies":[{"embeddable":true,"href":"https:\/\/www.soanam.de\/nl\/wp-json\/wp\/v2\/comments?post=79562"}],"wp:featuredmedia":[{"embeddable":true,"href":"https:\/\/www.soanam.de\/nl\/wp-json\/wp\/v2\/media\/79657"}],"wp:attachment":[{"href":"https:\/\/www.soanam.de\/nl\/wp-json\/wp\/v2\/media?parent=79562"}],"wp:term":[{"taxonomy":"product_brand","embeddable":true,"href":"https:\/\/www.soanam.de\/nl\/wp-json\/wp\/v2\/product_brand?post=79562"},{"taxonomy":"product_cat","embeddable":true,"href":"https:\/\/www.soanam.de\/nl\/wp-json\/wp\/v2\/product_cat?post=79562"},{"taxonomy":"product_tag","embeddable":true,"href":"https:\/\/www.soanam.de\/nl\/wp-json\/wp\/v2\/product_tag?post=79562"}],"curies":[{"name":"wp","href":"https:\/\/api.w.org\/{rel}","templated":true}]}}