{"id":79484,"date":"2023-12-13T22:40:35","date_gmt":"2023-12-13T21:40:35","guid":{"rendered":"https:\/\/www.soanam.de\/?post_type=product&#038;p=79484"},"modified":"2023-12-13T23:14:13","modified_gmt":"2023-12-13T22:14:13","slug":"golden-home-6-teiliges-decken-set-fuer-ein-doppelbett-in-rosa","status":"publish","type":"product","link":"https:\/\/www.soanam.de\/nl\/produkt\/golden-home-6-teiliges-decken-set-fuer-ein-doppelbett-in-rosa\/","title":{"rendered":"GOLDEN HOME - 6-delige deken set voor een tweepersoonsbed in roze"},"content":{"rendered":"<h3>Beschrijving van de<\/h3>\n<p>Decken-Sets, die Sie in kalten N\u00e4chten aufw\u00e4rmen und f\u00fcr jedes Zuhause unverzichtbar sind, geh\u00f6ren mit ihrem einzigartigen Design und ihrer langlebigen Verwendung weiterhin zu den besonderen Produkten der Golden Home-Familie.<\/p>\n<p>Genau wie unsere Piqu\u00e9-Sets haben auch Golden Home-Decken-Sets aus franz\u00f6sischer Spitze, die mit Schwerpunkt auf Pastellfarben hergestellt werden, ein reichhaltiges Design, das im Heimtextilbereich h\u00e4ufig mit franz\u00f6sischen Guipure- und Perlenornamenten an den R\u00f6cken erw\u00e4hnt wird. Die Decke ist auch mit Bettw\u00e4sche und Kissenbez\u00fcgen aus Baumwollsatin ausgestattet.<\/p>\n<p>Die doppelt geschn\u00fcrten Decken- Sets von Golden Home bestehen aus Decken, Laken, zwei einfachen und zwei bestickten Kissenbez\u00fcgen und sorgen daf\u00fcr, dass Sie sich nicht nur im Schlaf, sondern auch beim Betreten Ihres Schlafzimmers warm f\u00fchlen, mit ihrem eleganten Aussehen und den dekorativen Tagesdecken in den Mitgift-Sets .<\/p>\n<p><strong>Berra Doppeldecke Set<\/strong><\/p>\n<p>Farbe: Puderrosa<br \/>\nDecke: 240x240 cm (1 St\u00fcck)<br \/>\nBettlaken: 235x235 cm (1 St\u00fcck)<br \/>\nFlacher Kissenbezug: 50x70 cm (2 St\u00fcck)<br \/>\nBestickter Kissenbezug: 50x70 cm (2 St\u00fcck)<\/p>\n<p><strong>Materiaal<\/strong><\/p>\n<p>65% Baumwolle<br \/>\n35% Polyester<\/p>\n<p>In den Deckenr\u00f6cken werden franz\u00f6sische Guipure und Perlen verwendet.<br \/>\nBaumwollsatinstoff wird in den Bettlaken und Kissenbez\u00fcgen verwendet.<\/p>\n<p>Unsere Empfehlungen zum Waschen und Verwenden:<br \/>\nDie Gebrauchs- und Waschanleitung des von Ihnen gekauften Produkts finden Sie auf dem N\u00e4hetikett auf dem Produkt und auf der Verpackung.<\/p>","protected":false},"excerpt":{"rendered":"<h3>Artikelmerkmale<\/h3>\n<p>Staat van het item: Nieuw met label: Nieuw, ongebruikt en ongedragen item in de originele verpakking<\/p>\n<table border=\"0\" frame=\"VOID\" rules=\"NONE\" cellspacing=\"0\">\n<colgroup>\n<col width=\"123\" \/>\n<col width=\"207\" \/><\/colgroup>\n<tbody>\n<tr>\n<td align=\"LEFT\" width=\"123\" height=\"17\">Anzahl der Teile:<\/td>\n<td align=\"LEFT\" width=\"207\">6-teilig<\/td>\n<\/tr>\n<tr>\n<td align=\"LEFT\" height=\"17\">Besonderheiten:<\/td>\n<td align=\"LEFT\">Bestickt<\/td>\n<\/tr>\n<tr>\n<td align=\"LEFT\" height=\"17\">Breite:<\/td>\n<td align=\"LEFT\">240 cm<\/td>\n<\/tr>\n<tr>\n<td align=\"LEFT\" height=\"17\">Kleur:<\/td>\n<td align=\"LEFT\">Poederroze<\/td>\n<\/tr>\n<tr>\n<td align=\"LEFT\" height=\"17\">F\u00fcllmaterial:<\/td>\n<td align=\"LEFT\">Polyester<\/td>\n<\/tr>\n<tr>\n<td align=\"LEFT\" height=\"17\">Futtermaterial:<\/td>\n<td align=\"LEFT\">Baumwollsatin<\/td>\n<\/tr>\n<tr>\n<td align=\"LEFT\" height=\"17\">Grootte:<\/td>\n<td align=\"LEFT\">Doppelbett<\/td>\n<\/tr>\n<tr>\n<td align=\"LEFT\" height=\"17\">Herstellernummer:<\/td>\n<td align=\"LEFT\">nicht zutreffend<\/td>\n<\/tr>\n<tr>\n<td align=\"LEFT\" height=\"17\">L\u00e4nge:<\/td>\n<td align=\"LEFT\">240 cm<\/td>\n<\/tr>\n<tr>\n<td align=\"LEFT\" height=\"17\">Marke:<\/td>\n<td align=\"LEFT\">Golden Home<\/td>\n<\/tr>\n<tr>\n<td align=\"LEFT\" height=\"17\">Materiaal:<\/td>\n<td align=\"LEFT\">65% Baumwolle, 35% Polyester<\/td>\n<\/tr>\n<tr>\n<td align=\"LEFT\" height=\"17\">Muster:<\/td>\n<td align=\"LEFT\">Eenkleurig<\/td>\n<\/tr>\n<tr>\n<td align=\"LEFT\" height=\"17\">Pflegeanleitung:<\/td>\n<td align=\"LEFT\">Machinewas<\/td>\n<\/tr>\n<tr>\n<td align=\"LEFT\" height=\"17\">Produktart:<\/td>\n<td align=\"LEFT\">Tagesdecken Set<\/td>\n<\/tr>\n<tr>\n<td align=\"LEFT\" height=\"17\">Stil:<\/td>\n<td align=\"LEFT\">Romantik<\/td>\n<\/tr>\n<tr>\n<td align=\"LEFT\" height=\"17\">Thema:<\/td>\n<td align=\"LEFT\">Luxus<\/td>\n<\/tr>\n<tr>\n<td align=\"LEFT\" height=\"17\">Zimmer:<\/td>\n<td align=\"LEFT\">Schlafzimmer<\/td>\n<\/tr>\n<\/tbody>\n<\/table>","protected":false},"featured_media":79564,"comment_status":"open","ping_status":"closed","template":"","meta":{"_seopress_robots_primary_cat":"","_seopress_titles_title":"","_seopress_titles_desc":"","_seopress_robots_index":""},"product_brand":[],"product_cat":[1400,1420],"product_tag":[],"class_list":{"0":"post-79484","1":"product","2":"type-product","3":"status-publish","4":"has-post-thumbnail","6":"product_cat-wohnzubehoer","7":"product_cat-wohndekoration","8":"product_shipping_class-standard-versand","10":"first","11":"instock","12":"sale","13":"taxable","14":"shipping-taxable","15":"purchasable","16":"product-type-simple"},"_links":{"self":[{"href":"https:\/\/www.soanam.de\/nl\/wp-json\/wp\/v2\/product\/79484","targetHints":{"allow":["GET"]}}],"collection":[{"href":"https:\/\/www.soanam.de\/nl\/wp-json\/wp\/v2\/product"}],"about":[{"href":"https:\/\/www.soanam.de\/nl\/wp-json\/wp\/v2\/types\/product"}],"replies":[{"embeddable":true,"href":"https:\/\/www.soanam.de\/nl\/wp-json\/wp\/v2\/comments?post=79484"}],"wp:featuredmedia":[{"embeddable":true,"href":"https:\/\/www.soanam.de\/nl\/wp-json\/wp\/v2\/media\/79564"}],"wp:attachment":[{"href":"https:\/\/www.soanam.de\/nl\/wp-json\/wp\/v2\/media?parent=79484"}],"wp:term":[{"taxonomy":"product_brand","embeddable":true,"href":"https:\/\/www.soanam.de\/nl\/wp-json\/wp\/v2\/product_brand?post=79484"},{"taxonomy":"product_cat","embeddable":true,"href":"https:\/\/www.soanam.de\/nl\/wp-json\/wp\/v2\/product_cat?post=79484"},{"taxonomy":"product_tag","embeddable":true,"href":"https:\/\/www.soanam.de\/nl\/wp-json\/wp\/v2\/product_tag?post=79484"}],"curies":[{"name":"wp","href":"https:\/\/api.w.org\/{rel}","templated":true}]}}