{"id":79451,"date":"2023-12-13T22:39:48","date_gmt":"2023-12-13T21:39:48","guid":{"rendered":"https:\/\/www.soanam.de\/?post_type=product&#038;p=79451"},"modified":"2023-12-13T22:41:58","modified_gmt":"2023-12-13T21:41:58","slug":"petite-fleur-buegelloser-bh-aus-baumwolle-in-schwarz-groesse-100d","status":"publish","type":"product","link":"https:\/\/www.soanam.de\/nl\/produkt\/petite-fleur-buegelloser-bh-aus-baumwolle-in-schwarz-groesse-100d\/","title":{"rendered":"petite fleur B\u00fcgelloser BH aus Baumwolle, in Schwarz, Gr\u00f6\u00dfe 100D"},"content":{"rendered":"<p>Basic-BH von petite fleur<br \/>\nOhne B\u00fcgel, deshalb besonders komfortabel<br \/>\nSchlichter Look mit dezentem P\u00fcnktchenmuster an Paspeln und Unterbrust<br \/>\nIdeal f\u00fcr gro\u00dfe Gr\u00f6\u00dfen durch abdeckende Schnittform und breite Komforttr\u00e4ger<br \/>\nGemaakt van zacht katoen<\/p>\n<p>Der b\u00fcgellose Basic BH von Petite Fleur \u00fcberzeugt durch einzigartigen Tragekomfort.<br \/>\nDie nahtlos vorgeformten Cups sind perfekt f\u00fcr eng anliegende Kleidung, die extra breiteren, weichen Tr\u00e4ger sind wie der R\u00fcckenverschluss sind individuell verstellbar und am Unterbrustband und an den Paspeln punktet er mit sch\u00f6nem P\u00fcnktchen-Muster.<\/p>\n<p>Materiaal: 90% polyamide, 10% elastaan<br \/>\nOnderhoudsinstructies: machinewas op 40\u00b0C<\/p>\n<p>Kleur: zwart<br \/>\nPatroon: Stippen<br \/>\nGr\u00f6\u00dfe: 100D<\/p>\n<p>Unterbrustumfang: 100<br \/>\nCupmaat: Cup D<\/p>","protected":false},"excerpt":{"rendered":"<table class=\"dv_characteristicsTable\">\n<caption>MASSANGABE<\/caption>\n<tbody>\n<tr>\n<td class=\"left\">K\u00f6rbchengr\u00f6\u00dfe<\/td>\n<td>Cup D<\/td>\n<\/tr>\n<tr>\n<td class=\"left\">Unterbrustumfang<\/td>\n<td>100<\/td>\n<\/tr>\n<\/tbody>\n<\/table>\n<table class=\"dv_characteristicsTable\">\n<caption>MATERIAAL<\/caption>\n<tbody>\n<tr>\n<td class=\"left\">Materiaalsamenstelling<\/td>\n<td>Obermaterial: 90% Baumwolle, 10% Elasthan<\/td>\n<\/tr>\n<tr>\n<td class=\"left\">Materialart<\/td>\n<td>Jersey<\/td>\n<\/tr>\n<tr>\n<td class=\"left\">Onderhoudsinstructies<\/td>\n<td>40\u00b0C Maschinenw\u00e4sche<\/td>\n<\/tr>\n<\/tbody>\n<\/table>\n<table class=\"dv_characteristicsTable\">\n<caption>OPTIK\/STIL<\/caption>\n<tbody>\n<tr>\n<td class=\"left\">Stil<\/td>\n<td>klassisch<\/td>\n<\/tr>\n<\/tbody>\n<\/table>\n<table class=\"dv_characteristicsTable\">\n<caption>K\u00d6RBCHEN \/ CUP<\/caption>\n<tbody>\n<tr>\n<td class=\"left\">Cupdetails<\/td>\n<td>nahtlos vorgeformt<\/td>\n<\/tr>\n<tr>\n<td class=\"left\">B\u00fcgel<\/td>\n<td>ohne B\u00fcgel<\/td>\n<\/tr>\n<\/tbody>\n<\/table>\n<table class=\"dv_characteristicsTable\">\n<caption>BH-TR\u00c4GER<\/caption>\n<tbody>\n<tr>\n<td class=\"left\">Drager<\/td>\n<td>mit Tr\u00e4ger<\/td>\n<\/tr>\n<tr>\n<td class=\"left\">Tr\u00e4gerdetails<\/td>\n<td>breit<\/td>\n<\/tr>\n<\/tbody>\n<\/table>\n<table class=\"dv_characteristicsTable\">\n<caption>VERSCHLUSS<\/caption>\n<tbody>\n<tr>\n<td class=\"left\">Verschluss<\/td>\n<td>Haken &amp; \u00d6sen<\/td>\n<\/tr>\n<tr>\n<td class=\"left\">Verschlussdetails<\/td>\n<td>hinten<\/td>\n<\/tr>\n<\/tbody>\n<\/table>","protected":false},"featured_media":79550,"comment_status":"open","ping_status":"closed","template":"","meta":{"_seopress_robots_primary_cat":"","_seopress_titles_title":"","_seopress_titles_desc":"","_seopress_robots_index":""},"product_brand":[],"product_cat":[1348,1444,1516],"product_tag":[],"class_list":{"0":"post-79451","1":"product","2":"type-product","3":"status-publish","4":"has-post-thumbnail","6":"product_cat-damen-mode","7":"product_cat-unterwaesche","8":"product_cat-bhs","9":"product_shipping_class-standard-versand","11":"first","12":"instock","13":"sale","14":"taxable","15":"shipping-taxable","16":"purchasable","17":"product-type-simple"},"_links":{"self":[{"href":"https:\/\/www.soanam.de\/nl\/wp-json\/wp\/v2\/product\/79451","targetHints":{"allow":["GET"]}}],"collection":[{"href":"https:\/\/www.soanam.de\/nl\/wp-json\/wp\/v2\/product"}],"about":[{"href":"https:\/\/www.soanam.de\/nl\/wp-json\/wp\/v2\/types\/product"}],"replies":[{"embeddable":true,"href":"https:\/\/www.soanam.de\/nl\/wp-json\/wp\/v2\/comments?post=79451"}],"wp:featuredmedia":[{"embeddable":true,"href":"https:\/\/www.soanam.de\/nl\/wp-json\/wp\/v2\/media\/79550"}],"wp:attachment":[{"href":"https:\/\/www.soanam.de\/nl\/wp-json\/wp\/v2\/media?parent=79451"}],"wp:term":[{"taxonomy":"product_brand","embeddable":true,"href":"https:\/\/www.soanam.de\/nl\/wp-json\/wp\/v2\/product_brand?post=79451"},{"taxonomy":"product_cat","embeddable":true,"href":"https:\/\/www.soanam.de\/nl\/wp-json\/wp\/v2\/product_cat?post=79451"},{"taxonomy":"product_tag","embeddable":true,"href":"https:\/\/www.soanam.de\/nl\/wp-json\/wp\/v2\/product_tag?post=79451"}],"curies":[{"name":"wp","href":"https:\/\/api.w.org\/{rel}","templated":true}]}}