{"id":79386,"date":"2023-12-13T22:38:32","date_gmt":"2023-12-13T21:38:32","guid":{"rendered":"https:\/\/www.soanam.de\/?post_type=product&#038;p=79386"},"modified":"2023-12-13T22:41:13","modified_gmt":"2023-12-13T21:41:13","slug":"nuance-buegelloser-bh-mit-streifenmaterial-in-weiss-groesse-80b","status":"publish","type":"product","link":"https:\/\/www.soanam.de\/nl\/produkt\/nuance-buegelloser-bh-mit-streifenmaterial-in-weiss-groesse-80b\/","title":{"rendered":"Nuance B\u00fcgelloser BH mit Streifenmaterial, in Wei\u00df, Gr\u00f6\u00dfe 80B"},"content":{"rendered":"<p>T-Shirt-BH von Nuance mit nahtlos vorgeformten Cups<br \/>\nStreifenmaterial im Obercup<br \/>\nBreitere, gef\u00fctterte Tr\u00e4ger<br \/>\nHautsympathisches Baumwollmaterial<\/p>\n<p>Der T-Shirt-BH von Nuance ist ein unverzichtbares Basic.<br \/>\nDie nahtlos vorgeformten Cups in abdeckender Schnittform umschlie\u00dfen die B\u00fcste sicher.<br \/>\nDas Unterbrustband und die breiten Seitenteile unterst\u00fctzen zus\u00e4tzlich einen perfekten Sitz.<br \/>\nDie breiten, entlastenden Tr\u00e4ger sind in der L\u00e4nge regulierbar und weich gef\u00fcttert.<\/p>\n<p>Material: 85% Baumwolle, 10% Polyamid, 5% Elasthan<br \/>\nOnderhoudsinstructies: Machinewas<\/p>\n<p>Kleur: wit<br \/>\nPatroon: Strepen<br \/>\nGrootte: 80B<\/p>\n<p>Onderborstomtrek: 80<br \/>\nCupmaat: Cup B<\/p>","protected":false},"excerpt":{"rendered":"<table class=\"dv_characteristicsTable\">\n<caption>MASSANGABE<\/caption>\n<tbody>\n<tr>\n<td class=\"left\">K\u00f6rbchengr\u00f6\u00dfe<\/td>\n<td>Cup B<\/td>\n<\/tr>\n<tr>\n<td class=\"left\">Unterbrustumfang<\/td>\n<td>80<\/td>\n<\/tr>\n<\/tbody>\n<\/table>\n<table class=\"dv_characteristicsTable\">\n<caption>MATERIAAL<\/caption>\n<tbody>\n<tr>\n<td class=\"left\">Materiaalsamenstelling<\/td>\n<td>Obermaterial: 85% Baumwolle, 10% Polyamid, 5% Elasthan<\/td>\n<\/tr>\n<tr>\n<td class=\"left\">Onderhoudsinstructies<\/td>\n<td>Machinewas<\/td>\n<\/tr>\n<\/tbody>\n<\/table>\n<table class=\"dv_characteristicsTable\">\n<caption>OPTIK\/STIL<\/caption>\n<tbody>\n<tr>\n<td class=\"left\">Stil<\/td>\n<td>klassisch<\/td>\n<\/tr>\n<\/tbody>\n<\/table>\n<table class=\"dv_characteristicsTable\">\n<caption>FUNKTIONEN<\/caption>\n<tbody>\n<tr>\n<td class=\"left\">Funktionen<\/td>\n<td>Entlastung der Schultern<\/td>\n<\/tr>\n<\/tbody>\n<\/table>\n<table class=\"dv_characteristicsTable\">\n<caption>K\u00d6RBCHEN \/ CUP<\/caption>\n<tbody>\n<tr>\n<td class=\"left\">Cupdetails<\/td>\n<td>nahtlos vorgeformt<\/td>\n<\/tr>\n<tr>\n<td class=\"left\">B\u00fcgel<\/td>\n<td>ohne B\u00fcgel<\/td>\n<\/tr>\n<\/tbody>\n<\/table>\n<table class=\"dv_characteristicsTable\">\n<caption>BH-TR\u00c4GER<\/caption>\n<tbody>\n<tr>\n<td class=\"left\">Drager<\/td>\n<td>mit Tr\u00e4ger<\/td>\n<\/tr>\n<\/tbody>\n<\/table>\n<table class=\"dv_characteristicsTable\">\n<caption>VERSCHLUSS<\/caption>\n<tbody>\n<tr>\n<td class=\"left\">Verschluss<\/td>\n<td>Haken &amp; \u00d6sen<\/td>\n<\/tr>\n<\/tbody>\n<\/table>","protected":false},"featured_media":79513,"comment_status":"open","ping_status":"closed","template":"","meta":{"_seopress_robots_primary_cat":"","_seopress_titles_title":"","_seopress_titles_desc":"","_seopress_robots_index":""},"product_brand":[],"product_cat":[1348,1444,1516],"product_tag":[],"class_list":{"0":"post-79386","1":"product","2":"type-product","3":"status-publish","4":"has-post-thumbnail","6":"product_cat-damen-mode","7":"product_cat-unterwaesche","8":"product_cat-bhs","9":"product_shipping_class-standard-versand","11":"first","12":"instock","13":"sale","14":"taxable","15":"shipping-taxable","16":"purchasable","17":"product-type-simple"},"_links":{"self":[{"href":"https:\/\/www.soanam.de\/nl\/wp-json\/wp\/v2\/product\/79386","targetHints":{"allow":["GET"]}}],"collection":[{"href":"https:\/\/www.soanam.de\/nl\/wp-json\/wp\/v2\/product"}],"about":[{"href":"https:\/\/www.soanam.de\/nl\/wp-json\/wp\/v2\/types\/product"}],"replies":[{"embeddable":true,"href":"https:\/\/www.soanam.de\/nl\/wp-json\/wp\/v2\/comments?post=79386"}],"wp:featuredmedia":[{"embeddable":true,"href":"https:\/\/www.soanam.de\/nl\/wp-json\/wp\/v2\/media\/79513"}],"wp:attachment":[{"href":"https:\/\/www.soanam.de\/nl\/wp-json\/wp\/v2\/media?parent=79386"}],"wp:term":[{"taxonomy":"product_brand","embeddable":true,"href":"https:\/\/www.soanam.de\/nl\/wp-json\/wp\/v2\/product_brand?post=79386"},{"taxonomy":"product_cat","embeddable":true,"href":"https:\/\/www.soanam.de\/nl\/wp-json\/wp\/v2\/product_cat?post=79386"},{"taxonomy":"product_tag","embeddable":true,"href":"https:\/\/www.soanam.de\/nl\/wp-json\/wp\/v2\/product_tag?post=79386"}],"curies":[{"name":"wp","href":"https:\/\/api.w.org\/{rel}","templated":true}]}}