{"id":79368,"date":"2023-12-13T22:38:10","date_gmt":"2023-12-13T21:38:10","guid":{"rendered":"https:\/\/www.soanam.de\/?post_type=product&#038;p=79368"},"modified":"2023-12-13T22:40:51","modified_gmt":"2023-12-13T21:40:51","slug":"lloyd-leren-business-schoenen-osmond-voor-heren-in-zwart-maat-48","status":"publish","type":"product","link":"https:\/\/www.soanam.de\/nl\/produkt\/lloyd-leder-business-schnuerschuhe-osmond-fuer-herren-in-schwarz-groesse-48\/","title":{"rendered":"Lloyd Leder Business Schn\u00fcrschuhe OSMOND f\u00fcr Herren, in Schwarz, Gr\u00f6\u00dfe 48"},"content":{"rendered":"<h3>Beschrijving van de<\/h3>\n<p>Kalbsnappaleder, Innenausstattung aus Kalbsleder, halbe Lederbrandsohle, elegante Laufsohle, Modell: Osmond<\/p>\n<p>Obermaterial: Glattleder, Leder, Nappaleder<br \/>\nFutter: Leder<br \/>\nBinnenzool: leer<br \/>\nLaufsohle: Gummisohle, flexibel, rutschhemmend<br \/>\nPasvorm: normaal<br \/>\nSluiting: Vetersluiting<br \/>\nKleur: zwart<br \/>\nAbsatzh\u00f6he: 0 - 3 cm<br \/>\nTyp: Halbschuhe<br \/>\nArt: Business Schuhe, Schn\u00fcrschuhe<br \/>\nTeen: rond<br \/>\nMuster: Uni<br \/>\nHakvorm: Blokhak<br \/>\nApplikation: Ziern\u00e4hte<\/p>","protected":false},"excerpt":{"rendered":"<h3>Artikelmerkmale<\/h3>\n<p>Staat van het item: Nieuw met label: Nieuw, ongebruikt en ongedragen item in de originele verpakking<\/p>\n<table border=\"0\" frame=\"VOID\" rules=\"NONE\" cellspacing=\"0\">\n<colgroup>\n<col width=\"137\" \/>\n<col width=\"107\" \/><\/colgroup>\n<tbody>\n<tr>\n<td align=\"LEFT\" width=\"137\" height=\"18\">Absatzh\u00f6he:<\/td>\n<td align=\"JUSTIFY\" width=\"107\">Flach<\/td>\n<\/tr>\n<tr>\n<td align=\"LEFT\" height=\"17\">Abteilung:<\/td>\n<td align=\"LEFT\">Herren<\/td>\n<\/tr>\n<tr>\n<td align=\"LEFT\" height=\"17\">AU-Schuhgr\u00f6\u00dfe:<\/td>\n<td align=\"LEFT\">ohne Angabe<\/td>\n<\/tr>\n<tr>\n<td align=\"LEFT\" height=\"17\">EAN:<\/td>\n<td align=\"LEFT\">4055968710559<\/td>\n<\/tr>\n<tr>\n<td align=\"LEFT\" height=\"17\">EU-Schuhgr\u00f6\u00dfe:<\/td>\n<td align=\"LEFT\">EUR 48<\/td>\n<\/tr>\n<tr>\n<td align=\"LEFT\" height=\"17\">Kleur:<\/td>\n<td align=\"LEFT\">Zwart<\/td>\n<\/tr>\n<tr>\n<td align=\"LEFT\" height=\"17\">Futtermaterial:<\/td>\n<td align=\"LEFT\">Leer<\/td>\n<\/tr>\n<tr>\n<td align=\"LEFT\" height=\"17\">Individualisiert:<\/td>\n<td align=\"LEFT\">Nein<\/td>\n<\/tr>\n<tr>\n<td align=\"LEFT\" height=\"17\">Innenmaterial:<\/td>\n<td align=\"LEFT\">Leder\/Textil<\/td>\n<\/tr>\n<tr>\n<td align=\"LEFT\" height=\"17\">Innensohlenmaterial:<\/td>\n<td align=\"LEFT\">Leer<\/td>\n<\/tr>\n<tr>\n<td align=\"LEFT\" height=\"17\">Laufsohlenmaterial:<\/td>\n<td align=\"LEFT\">Gummi<\/td>\n<\/tr>\n<tr>\n<td align=\"LEFT\" height=\"17\">Marke:<\/td>\n<td align=\"LEFT\">Lloyd<\/td>\n<\/tr>\n<tr>\n<td align=\"LEFT\" height=\"17\">Materiaal:<\/td>\n<td align=\"LEFT\">Glattleder<\/td>\n<\/tr>\n<tr>\n<td align=\"LEFT\" height=\"17\">Modell:<\/td>\n<td align=\"LEFT\">Osmond<\/td>\n<\/tr>\n<tr>\n<td align=\"LEFT\" height=\"17\">Obermaterial:<\/td>\n<td align=\"LEFT\">Glattleder<\/td>\n<\/tr>\n<tr>\n<td align=\"LEFT\" height=\"17\">Produktart:<\/td>\n<td align=\"LEFT\">Elegant<\/td>\n<\/tr>\n<tr>\n<td align=\"LEFT\" height=\"17\">Schuhgr\u00f6\u00dfe:<\/td>\n<td align=\"LEFT\">48<\/td>\n<\/tr>\n<tr>\n<td align=\"LEFT\" height=\"17\">Schuhspitze:<\/td>\n<td align=\"LEFT\">Runde Form<\/td>\n<\/tr>\n<tr>\n<td align=\"LEFT\" height=\"17\">Schuhweite:<\/td>\n<td align=\"LEFT\">F<\/td>\n<\/tr>\n<tr>\n<td align=\"LEFT\" height=\"17\">Sohlenmaterial:<\/td>\n<td align=\"LEFT\">Leer<\/td>\n<\/tr>\n<tr>\n<td align=\"LEFT\" height=\"17\">Stil:<\/td>\n<td align=\"LEFT\">Halbschuhe<\/td>\n<\/tr>\n<tr>\n<td align=\"LEFT\" height=\"17\">UK-Schuhgr\u00f6\u00dfe:<\/td>\n<td align=\"LEFT\">UK 13<\/td>\n<\/tr>\n<tr>\n<td align=\"LEFT\" height=\"17\">US-Schuhgr\u00f6\u00dfe:<\/td>\n<td align=\"LEFT\">US 13,5<\/td>\n<\/tr>\n<tr>\n<td align=\"LEFT\" height=\"17\">Verschluss:<\/td>\n<td align=\"LEFT\">Schn\u00fcrsenkel<\/td>\n<\/tr>\n<tr>\n<td align=\"LEFT\" height=\"17\">Vintage:<\/td>\n<td align=\"LEFT\">Nein<\/td>\n<\/tr>\n<tr>\n<td align=\"LEFT\" height=\"17\">Weite:<\/td>\n<td align=\"LEFT\">Normal<\/td>\n<\/tr>\n<\/tbody>\n<\/table>","protected":false},"featured_media":79494,"comment_status":"open","ping_status":"closed","template":"","meta":{"_seopress_robots_primary_cat":"","_seopress_titles_title":"","_seopress_titles_desc":"","_seopress_robots_index":""},"product_brand":[],"product_cat":[1345,1393,1419],"product_tag":[],"class_list":{"0":"post-79368","1":"product","2":"type-product","3":"status-publish","4":"has-post-thumbnail","6":"product_cat-herrenmode","7":"product_cat-schuhe-herrenmode","8":"product_cat-schnuerschuhe","9":"product_shipping_class-standard-versand","11":"first","12":"instock","13":"sale","14":"taxable","15":"shipping-taxable","16":"purchasable","17":"product-type-simple"},"_links":{"self":[{"href":"https:\/\/www.soanam.de\/nl\/wp-json\/wp\/v2\/product\/79368","targetHints":{"allow":["GET"]}}],"collection":[{"href":"https:\/\/www.soanam.de\/nl\/wp-json\/wp\/v2\/product"}],"about":[{"href":"https:\/\/www.soanam.de\/nl\/wp-json\/wp\/v2\/types\/product"}],"replies":[{"embeddable":true,"href":"https:\/\/www.soanam.de\/nl\/wp-json\/wp\/v2\/comments?post=79368"}],"wp:featuredmedia":[{"embeddable":true,"href":"https:\/\/www.soanam.de\/nl\/wp-json\/wp\/v2\/media\/79494"}],"wp:attachment":[{"href":"https:\/\/www.soanam.de\/nl\/wp-json\/wp\/v2\/media?parent=79368"}],"wp:term":[{"taxonomy":"product_brand","embeddable":true,"href":"https:\/\/www.soanam.de\/nl\/wp-json\/wp\/v2\/product_brand?post=79368"},{"taxonomy":"product_cat","embeddable":true,"href":"https:\/\/www.soanam.de\/nl\/wp-json\/wp\/v2\/product_cat?post=79368"},{"taxonomy":"product_tag","embeddable":true,"href":"https:\/\/www.soanam.de\/nl\/wp-json\/wp\/v2\/product_tag?post=79368"}],"curies":[{"name":"wp","href":"https:\/\/api.w.org\/{rel}","templated":true}]}}