{"id":79344,"date":"2023-12-13T22:37:46","date_gmt":"2023-12-13T21:37:46","guid":{"rendered":"https:\/\/www.soanam.de\/?post_type=product&#038;p=79344"},"modified":"2023-12-13T22:40:10","modified_gmt":"2023-12-13T21:40:10","slug":"tommy-hilfiger-halfhoge-schoen-in-koffiebruin-maat-41","status":"publish","type":"product","link":"https:\/\/www.soanam.de\/nl\/produkt\/tommy-hilfiger-halbhoher-schnuerschuh-in-kaffeebraun-gr-41\/","title":{"rendered":"Tommy Hilfiger halbhoher Schn\u00fcrschuh in Kaffeebraun Gr. 41"},"content":{"rendered":"<h3>Beschrijving van de<\/h3>\n<p>Modisches Modell von TOMMY HILFIGER. Das Material des Oberteils ist echtes Leder - Vollnarbenleder, Wildleder. Das Futter besteht aus Leder, Textil. Komfort bieten die Einlegesohlen aus Leder. Das Material der Sohle ist hochwertiges Material. Urban Design f\u00fcr alle.<\/p>\n<h3>Productbeschrijving<\/h3>\n<p>Marke: Tommy Hilfiger<br \/>\nModell: Hampton Fa 2A FM56821538<br \/>\nKleur: bruin<br \/>\nObermaterial: Echtes Leder - Vollnarbenleder, Wildleder<br \/>\nFutter: Leder, Textil<br \/>\nBinnenzool: leer<br \/>\nGesamth\u00f6he: 16,5 cm<br \/>\nOberer Umfang (kleinste Gr\u00f6\u00dfe): 27,5 cm<br \/>\nKn\u00f6chelumfang (kleinste Gr\u00f6\u00dfe): 31 cm<br \/>\nAbsatzh\u00f6he: 3,5 cm<br \/>\nFersenmaterial: hochwertiges Material<br \/>\nSohle: hochwertiges Material<br \/>\nSchuhgewicht (kleinste Gr\u00f6\u00dfe): 520 g<br \/>\nSonstiges: Textilschn\u00fcrsenkel<br \/>\nSerie Tommy Hilfiger Herbst \/ Winter 2019<\/p>","protected":false},"excerpt":{"rendered":"<h3>Artikelmerkmale<\/h3>\n<p>Staat van het item: Nieuw met label: Nieuw, ongebruikt en ongedragen item in de originele verpakking<\/p>\n<table border=\"0\" frame=\"VOID\" rules=\"NONE\" cellspacing=\"0\">\n<colgroup>\n<col width=\"188\" \/>\n<col width=\"120\" \/><\/colgroup>\n<tbody>\n<tr>\n<td align=\"LEFT\" width=\"188\" height=\"17\">Abteilung:<\/td>\n<td align=\"LEFT\" width=\"120\">Herren<\/td>\n<\/tr>\n<tr>\n<td align=\"LEFT\" height=\"17\">Anlass:<\/td>\n<td align=\"LEFT\">Business<\/td>\n<\/tr>\n<tr>\n<td align=\"LEFT\" height=\"17\">AU-Schuhgr\u00f6\u00dfe:<\/td>\n<td align=\"LEFT\">AU 8<\/td>\n<\/tr>\n<tr>\n<td align=\"LEFT\" height=\"17\">Eigenschappen:<\/td>\n<td align=\"LEFT\">Rutschfest<\/td>\n<\/tr>\n<tr>\n<td align=\"LEFT\" height=\"17\">EU-Schuhgr\u00f6\u00dfe:<\/td>\n<td align=\"LEFT\">EUR 41<\/td>\n<\/tr>\n<tr>\n<td align=\"LEFT\" height=\"17\">Kleur:<\/td>\n<td align=\"LEFT\">Bruin<\/td>\n<\/tr>\n<tr>\n<td align=\"LEFT\" height=\"17\">Futter:<\/td>\n<td align=\"LEFT\">Echtleder \/ Textil<\/td>\n<\/tr>\n<tr>\n<td align=\"LEFT\" height=\"17\">Futtermaterial:<\/td>\n<td align=\"LEFT\">Leer<\/td>\n<\/tr>\n<tr>\n<td align=\"LEFT\" height=\"17\">Herstellernummer:<\/td>\n<td align=\"LEFT\">H2285AMPTON<\/td>\n<\/tr>\n<tr>\n<td align=\"LEFT\" height=\"17\">Herstellungsjahr:<\/td>\n<td align=\"LEFT\">2020<\/td>\n<\/tr>\n<tr>\n<td align=\"LEFT\" height=\"17\">Herstellungsland und -region:<\/td>\n<td align=\"LEFT\">Niederlande<\/td>\n<\/tr>\n<tr>\n<td align=\"LEFT\" height=\"17\">Innensohlenmaterial:<\/td>\n<td align=\"LEFT\">Leer<\/td>\n<\/tr>\n<tr>\n<td align=\"LEFT\" height=\"17\">Laufsohlenmaterial:<\/td>\n<td align=\"LEFT\">Synthetisch<\/td>\n<\/tr>\n<tr>\n<td align=\"LEFT\" height=\"17\">Marke:<\/td>\n<td align=\"LEFT\">Tommy Hilfiger<\/td>\n<\/tr>\n<tr>\n<td align=\"LEFT\" height=\"17\">Modell:<\/td>\n<td align=\"LEFT\">FA 2A<\/td>\n<\/tr>\n<tr>\n<td align=\"LEFT\" height=\"17\">Muster:<\/td>\n<td align=\"LEFT\">Ohne Muster<\/td>\n<\/tr>\n<tr>\n<td align=\"LEFT\" height=\"17\">Obermaterial:<\/td>\n<td align=\"LEFT\">Echtleder<\/td>\n<\/tr>\n<tr>\n<td align=\"LEFT\" height=\"17\">Produktart:<\/td>\n<td align=\"LEFT\">Elegant<\/td>\n<\/tr>\n<tr>\n<td align=\"LEFT\" height=\"17\">Produktlinie:<\/td>\n<td align=\"LEFT\">Fall \/ Winter 2019<\/td>\n<\/tr>\n<tr>\n<td align=\"LEFT\" height=\"17\">Produktnummer:<\/td>\n<td align=\"LEFT\">FM56821538<\/td>\n<\/tr>\n<tr>\n<td align=\"LEFT\" height=\"17\">Schuhspitze:<\/td>\n<td align=\"LEFT\">Runde Form<\/td>\n<\/tr>\n<tr>\n<td align=\"LEFT\" height=\"17\">Schuhweite:<\/td>\n<td align=\"LEFT\">F<\/td>\n<\/tr>\n<tr>\n<td align=\"LEFT\" height=\"17\">Sohle:<\/td>\n<td align=\"LEFT\">Echtleder<\/td>\n<\/tr>\n<tr>\n<td align=\"LEFT\" height=\"17\">Stil:<\/td>\n<td align=\"LEFT\">Veterschoenen<\/td>\n<\/tr>\n<tr>\n<td align=\"LEFT\" height=\"17\">Thema:<\/td>\n<td align=\"LEFT\">Elegant<\/td>\n<\/tr>\n<tr>\n<td align=\"LEFT\" height=\"17\">UK-Schuhgr\u00f6\u00dfe:<\/td>\n<td align=\"LEFT\">UK 8<\/td>\n<\/tr>\n<tr>\n<td align=\"LEFT\" height=\"17\">US-Schuhgr\u00f6\u00dfe:<\/td>\n<td align=\"LEFT\">US 8,5<\/td>\n<\/tr>\n<tr>\n<td align=\"LEFT\" height=\"17\">Verschluss:<\/td>\n<td align=\"LEFT\">Bindeverschluss<\/td>\n<\/tr>\n<tr>\n<td align=\"LEFT\" height=\"17\">Vintage:<\/td>\n<td align=\"LEFT\">Nein<\/td>\n<\/tr>\n<tr>\n<td align=\"LEFT\" height=\"17\">Zustand:<\/td>\n<td align=\"LEFT\">Neu mit Etikett<\/td>\n<\/tr>\n<\/tbody>\n<\/table>","protected":false},"featured_media":79459,"comment_status":"open","ping_status":"closed","template":"","meta":{"_seopress_robots_primary_cat":"","_seopress_titles_title":"","_seopress_titles_desc":"","_seopress_robots_index":""},"product_brand":[],"product_cat":[1345,1393,1469,1470],"product_tag":[],"class_list":{"0":"post-79344","1":"product","2":"type-product","3":"status-publish","4":"has-post-thumbnail","6":"product_cat-herrenmode","7":"product_cat-schuhe-herrenmode","8":"product_cat-stiefel-schuhe-herrenmode","9":"product_cat-schnuerstiefel-stiefel-schuhe-herrenmode","10":"product_shipping_class-standard-versand","12":"first","13":"instock","14":"sale","15":"taxable","16":"shipping-taxable","17":"purchasable","18":"product-type-simple"},"_links":{"self":[{"href":"https:\/\/www.soanam.de\/nl\/wp-json\/wp\/v2\/product\/79344","targetHints":{"allow":["GET"]}}],"collection":[{"href":"https:\/\/www.soanam.de\/nl\/wp-json\/wp\/v2\/product"}],"about":[{"href":"https:\/\/www.soanam.de\/nl\/wp-json\/wp\/v2\/types\/product"}],"replies":[{"embeddable":true,"href":"https:\/\/www.soanam.de\/nl\/wp-json\/wp\/v2\/comments?post=79344"}],"wp:featuredmedia":[{"embeddable":true,"href":"https:\/\/www.soanam.de\/nl\/wp-json\/wp\/v2\/media\/79459"}],"wp:attachment":[{"href":"https:\/\/www.soanam.de\/nl\/wp-json\/wp\/v2\/media?parent=79344"}],"wp:term":[{"taxonomy":"product_brand","embeddable":true,"href":"https:\/\/www.soanam.de\/nl\/wp-json\/wp\/v2\/product_brand?post=79344"},{"taxonomy":"product_cat","embeddable":true,"href":"https:\/\/www.soanam.de\/nl\/wp-json\/wp\/v2\/product_cat?post=79344"},{"taxonomy":"product_tag","embeddable":true,"href":"https:\/\/www.soanam.de\/nl\/wp-json\/wp\/v2\/product_tag?post=79344"}],"curies":[{"name":"wp","href":"https:\/\/api.w.org\/{rel}","templated":true}]}}