{"id":79258,"date":"2023-12-13T22:35:54","date_gmt":"2023-12-13T21:35:54","guid":{"rendered":"https:\/\/www.soanam.de\/?post_type=product&#038;p=79258"},"modified":"2023-12-13T22:38:26","modified_gmt":"2023-12-13T21:38:26","slug":"go-in-jazz-pants-slips-im-5er-pack-in-schwarz-groesse-40","status":"publish","type":"product","link":"https:\/\/www.soanam.de\/nl\/produkt\/go-in-jazz-pants-slips-im-5er-pack-in-schwarz-groesse-40\/","title":{"rendered":"Go In jazz pantslip in een pak van 5, in zwart, maat 40"},"content":{"rendered":"<p>Jazzpants im 5er-Pack von Go In<br \/>\nM\u00e4usez\u00e4hnchenborte an Taillen- und Beinausschnitten<br \/>\nHoge beenuitsnijding<br \/>\nGemaakt van vormvaste microvezel<\/p>\n<p>Der modische Damenslip \u00fcberzeugt mit hohem Beinausschnitt und elastischer M\u00e4usez\u00e4hnchenborte an Taillen- und Beinausschnitten.<br \/>\nDie hochwertige elastische Microfaser-Qualit\u00e4t schmiegt sich sanft an den K\u00f6rper und verspricht ein tolles Tragegef\u00fchl.<br \/>\nWohlf\u00fchl-Basics im 5er Pack, einfach traumhaft.<\/p>\n<p>Materiaal: 92% polyamide, 8% elastaan<br \/>\nOnderhoudsinstructies: Machinewas<\/p>\n<p>Kleur: zwart<br \/>\nPatroon: zonder<br \/>\nMaat: 40<\/p>","protected":false},"excerpt":{"rendered":"<table class=\"dv_characteristicsTable\">\n<caption>MASSANGABE<\/caption>\n<tbody>\n<tr>\n<td class=\"left\">Maat<\/td>\n<td>40<\/td>\n<\/tr>\n<tr>\n<td class=\"left\">Gr\u00f6\u00dfentyp<\/td>\n<td>Normalgr\u00f6\u00dfen<\/td>\n<\/tr>\n<\/tbody>\n<\/table>\n<table class=\"dv_characteristicsTable\">\n<caption>FARBE<\/caption>\n<tbody>\n<tr>\n<td class=\"left\">Kleur<\/td>\n<td>schwarz<\/td>\n<\/tr>\n<\/tbody>\n<\/table>\n<table class=\"dv_characteristicsTable\">\n<caption>PRODUKTDETAILS<\/caption>\n<tbody>\n<tr>\n<td class=\"left\">Uitrusting<\/td>\n<td>Baumwollzwickel<\/td>\n<\/tr>\n<tr>\n<td class=\"left\">Onderhoudsinstructies<\/td>\n<td>Machinewas<\/td>\n<\/tr>\n<\/tbody>\n<\/table>\n<table class=\"dv_characteristicsTable\">\n<caption>MATERIAAL<\/caption>\n<tbody>\n<tr>\n<td class=\"left\">Materiaalsamenstelling<\/td>\n<td>Obermaterial: 92% Polyamid, 8% Elasthan<\/td>\n<\/tr>\n<\/tbody>\n<\/table>","protected":false},"featured_media":79378,"comment_status":"open","ping_status":"closed","template":"","meta":{"_seopress_robots_primary_cat":"","_seopress_titles_title":"","_seopress_titles_desc":"","_seopress_robots_index":""},"product_brand":[],"product_cat":[1348,1444,1501],"product_tag":[],"class_list":{"0":"post-79258","1":"product","2":"type-product","3":"status-publish","4":"has-post-thumbnail","6":"product_cat-damen-mode","7":"product_cat-unterwaesche","8":"product_cat-slips","9":"product_shipping_class-standard-versand","11":"first","12":"instock","13":"sale","14":"taxable","15":"shipping-taxable","16":"purchasable","17":"product-type-simple"},"_links":{"self":[{"href":"https:\/\/www.soanam.de\/nl\/wp-json\/wp\/v2\/product\/79258","targetHints":{"allow":["GET"]}}],"collection":[{"href":"https:\/\/www.soanam.de\/nl\/wp-json\/wp\/v2\/product"}],"about":[{"href":"https:\/\/www.soanam.de\/nl\/wp-json\/wp\/v2\/types\/product"}],"replies":[{"embeddable":true,"href":"https:\/\/www.soanam.de\/nl\/wp-json\/wp\/v2\/comments?post=79258"}],"wp:featuredmedia":[{"embeddable":true,"href":"https:\/\/www.soanam.de\/nl\/wp-json\/wp\/v2\/media\/79378"}],"wp:attachment":[{"href":"https:\/\/www.soanam.de\/nl\/wp-json\/wp\/v2\/media?parent=79258"}],"wp:term":[{"taxonomy":"product_brand","embeddable":true,"href":"https:\/\/www.soanam.de\/nl\/wp-json\/wp\/v2\/product_brand?post=79258"},{"taxonomy":"product_cat","embeddable":true,"href":"https:\/\/www.soanam.de\/nl\/wp-json\/wp\/v2\/product_cat?post=79258"},{"taxonomy":"product_tag","embeddable":true,"href":"https:\/\/www.soanam.de\/nl\/wp-json\/wp\/v2\/product_tag?post=79258"}],"curies":[{"name":"wp","href":"https:\/\/api.w.org\/{rel}","templated":true}]}}