{"id":79220,"date":"2023-12-13T22:35:00","date_gmt":"2023-12-13T21:35:00","guid":{"rendered":"https:\/\/www.soanam.de\/?post_type=product&#038;p=79220"},"modified":"2023-12-13T22:37:53","modified_gmt":"2023-12-13T21:37:53","slug":"lascana-pyjamahose-mit-seitenstreifen-aus-spitze-in-rosenholz-groesse-36-38","status":"publish","type":"product","link":"https:\/\/www.soanam.de\/nl\/produkt\/lascana-pyjamahose-mit-seitenstreifen-aus-spitze-in-rosenholz-groesse-36-38\/","title":{"rendered":"Pyjamabroek LASCANA met kanten zijstrepen, in rozenhout, maat 36\/38"},"content":{"rendered":"<p>Einzelne Pyjamahose von Lascana<br \/>\nMit elastischem Bund und Seitenstreifen aus feiner Spitze<br \/>\nMetallfarbenes Logoplaid<br \/>\nWeichflie\u00dfendes Material in Viskosemischung<\/p>\n<p>Das flie\u00dfende, elastische Viskosematerial umschmeichelt sanft und weich deine Haut und garantiert dir ein absolutes Wohlgef\u00fchl beim Tragen, das durch den legeren Schnitt und den elastischen Hosenbund noch verst\u00e4rkt wird.<br \/>\nDas gewisse Extra wird der Pyjamahose von Lascana durch einen verf\u00fchrerischen Spitzeneinsatz an den Seitenn\u00e4hten verliehen.<\/p>\n<p>Materiaal: 95% viscose, 5% elastaan<br \/>\nOnderhoudsinstructies: Machinewas<\/p>\n<p>Farbe: rosenholz<br \/>\nPatroon: zonder<br \/>\nGrootte: 36\/38<\/p>\n<p>Tailleomvang: 68cm<br \/>\nTrede lengte: 79cm<br \/>\nTotale lengte: 101cm<\/p>","protected":false},"excerpt":{"rendered":"<table class=\"dv_characteristicsTable\">\n<tbody>\n<tr>\n<td class=\"left\">Maat<\/td>\n<td>36\/38<\/td>\n<\/tr>\n<tr>\n<td class=\"left\">Gr\u00f6\u00dfentyp<\/td>\n<td>Normalgr\u00f6\u00dfen<\/td>\n<\/tr>\n<tr>\n<td class=\"left\">Materiaalsamenstelling<\/td>\n<td>Obermaterial: 95% Viskose, 5% Elasthan<\/td>\n<\/tr>\n<tr>\n<td class=\"left\">Onderhoudsinstructies<\/td>\n<td>Machinewas<\/td>\n<\/tr>\n<tr>\n<td class=\"left\">Optik<\/td>\n<td>unifarben<\/td>\n<\/tr>\n<tr>\n<td class=\"left\">Stil<\/td>\n<td>sexy<\/td>\n<\/tr>\n<tr>\n<td class=\"left\">Kleur<\/td>\n<td>rosenholz<\/td>\n<\/tr>\n<tr>\n<td class=\"left\">Bundabschluss<\/td>\n<td>elastischer Bund<\/td>\n<\/tr>\n<tr>\n<td class=\"left\">Beinform<\/td>\n<td>gerade<\/td>\n<\/tr>\n<tr>\n<td class=\"left\">Pas<\/td>\n<td>Basic<\/td>\n<\/tr>\n<tr>\n<td class=\"left\">Schnittform L\u00e4nge<\/td>\n<td>lang<\/td>\n<\/tr>\n<tr>\n<td class=\"left\">Applikationen<\/td>\n<td>Spitze<\/td>\n<\/tr>\n<tr>\n<td class=\"left\">Besondere Merkmale<\/td>\n<td>mit Seitenstreifen aus transparenter Spitze<\/td>\n<\/tr>\n<\/tbody>\n<\/table>","protected":false},"featured_media":79349,"comment_status":"open","ping_status":"closed","template":"","meta":{"_seopress_robots_primary_cat":"","_seopress_titles_title":"","_seopress_titles_desc":"","_seopress_robots_index":""},"product_brand":[],"product_cat":[1348,1520,1521],"product_tag":[],"class_list":{"0":"post-79220","1":"product","2":"type-product","3":"status-publish","4":"has-post-thumbnail","6":"product_cat-damen-mode","7":"product_cat-nachtwaesche","8":"product_cat-einzelteile","9":"product_shipping_class-standard-versand","11":"first","12":"instock","13":"sale","14":"taxable","15":"shipping-taxable","16":"purchasable","17":"product-type-simple"},"_links":{"self":[{"href":"https:\/\/www.soanam.de\/nl\/wp-json\/wp\/v2\/product\/79220","targetHints":{"allow":["GET"]}}],"collection":[{"href":"https:\/\/www.soanam.de\/nl\/wp-json\/wp\/v2\/product"}],"about":[{"href":"https:\/\/www.soanam.de\/nl\/wp-json\/wp\/v2\/types\/product"}],"replies":[{"embeddable":true,"href":"https:\/\/www.soanam.de\/nl\/wp-json\/wp\/v2\/comments?post=79220"}],"wp:featuredmedia":[{"embeddable":true,"href":"https:\/\/www.soanam.de\/nl\/wp-json\/wp\/v2\/media\/79349"}],"wp:attachment":[{"href":"https:\/\/www.soanam.de\/nl\/wp-json\/wp\/v2\/media?parent=79220"}],"wp:term":[{"taxonomy":"product_brand","embeddable":true,"href":"https:\/\/www.soanam.de\/nl\/wp-json\/wp\/v2\/product_brand?post=79220"},{"taxonomy":"product_cat","embeddable":true,"href":"https:\/\/www.soanam.de\/nl\/wp-json\/wp\/v2\/product_cat?post=79220"},{"taxonomy":"product_tag","embeddable":true,"href":"https:\/\/www.soanam.de\/nl\/wp-json\/wp\/v2\/product_tag?post=79220"}],"curies":[{"name":"wp","href":"https:\/\/api.w.org\/{rel}","templated":true}]}}