{"id":79186,"date":"2023-12-13T22:34:00","date_gmt":"2023-12-13T21:34:00","guid":{"rendered":"https:\/\/www.soanam.de\/?post_type=product&#038;p=79186"},"modified":"2023-12-13T22:36:57","modified_gmt":"2023-12-13T21:36:57","slug":"yume-sleepwear-kinderdecke-sonnen-handbestickt-in-blau-creme-135cm-x-100cm","status":"publish","type":"product","link":"https:\/\/www.soanam.de\/nl\/produkt\/yume-sleepwear-kinderdecke-sonnen-handbestickt-in-blau-creme-135cm-x-100cm\/","title":{"rendered":"Yume Sleepwear kinderdeken \"Zonnen\" met de hand geborduurd, in blauw\/cr\u00e8me (135cm x 100cm)"},"content":{"rendered":"<h3>Beschrijving van de<\/h3>\n<p>Yume wurde zum Tr\u00e4umen entwickelt und ist eine Kollektion exquisiter Nachtw\u00e4sche, unverwechselbarer handgestickter Decken und bezaubernder Accessoires f\u00fcr Kinder, die von jahrhundertealten asiatischen Ritualen inspiriert sind, die bequeme Kleidung f\u00fcr den \u00dcbergang vom Brummen des Tages zur Ruhe des Tages umfassen Nacht.<br \/>\nYume vertraut auf traditionelle Designs , die seit Jahrhunderten funktionieren und sich an die Bed\u00fcrfnisse von Kindern und unseren Sinn f\u00fcr Sch\u00f6nheit anpassen.<br \/>\nDie Produkte aus weichem, zweischichtigem Baumwollstoff sind bequem, wundersch\u00f6n und freundlich und mit feiner Verarbeitung hergestellt .<br \/>\nWir hoffen, dass sie Ihren Kindern in dem manchmal schwierigen \u00dcbergang von der Aufregung des Tages zum erholsamen Schlaf als Rundum-Freund dienen und ein Gef\u00fchl gem\u00fctlicher Gelassenheit vermitteln.<br \/>\nYume Produkte sind auf Langlebigkeit ausgelegt und k\u00f6nnen von Generationen von Kindern getragen werden.<\/p>\n<h3>Artikelbeschreibung<\/h3>\n<p>Die Yume Kinderdecken sind aus mehrlagigen Stoffen und von Hand in zeitaufwendiger Heimarbeit von Frauen gefertigt und bestickt. Die Stickereien symbolisieren Elemente aus der Natur f\u00fcr die Sticker (innen) von Bedeutung sind: Sonnen, Monde, Regen, Reis.<br \/>\nDie Gr\u00f6\u00dfe der Kinderdecken ist 100x135cm und kann auch nach der Kindheit noch als gro\u00dfe \u201eKuschelschal\u201c oder um die H\u00fcften zu w\u00e4rmen werden werden. Alle Decken k\u00f6nnen Sie mit der Maschine bei bis zu 40C waschen.<\/p>\n<h3>details<\/h3>\n<p>Farbe: mitternachtsblau \/ creme<br \/>\nMaterial: 100% Premium - mehrschichtige Baumwolle<br \/>\nGr\u00f6\u00dfe: 135x100cm<br \/>\nHand bestickt<br \/>\nMaschine waschbar bei 40 \u00b0 C<br \/>\nMade in Thailand<\/p>","protected":false},"excerpt":{"rendered":"<h3>Artikelmerkmale<\/h3>\n<p>Staat van het item: Nieuw met label: Nieuw, ongebruikt en ongedragen item in de originele verpakking<\/p>\n<p>Produktart: Decke<br \/>\nL\u00e4nge: 135 cm<br \/>\nF\u00fcllmaterial: nicht zutreffend<br \/>\nMateriaal: 100% katoen<br \/>\nPflegeanleitung: Maschinenw\u00e4sche<br \/>\nFarbe: Blau<br \/>\nBreite: 100 cm<br \/>\nMarke: Yume<br \/>\nGr\u00f6\u00dfe: 135cm x 100cm<\/p>","protected":false},"featured_media":79303,"comment_status":"open","ping_status":"closed","template":"","meta":{"_seopress_robots_primary_cat":"","_seopress_titles_title":"","_seopress_titles_desc":"","_seopress_robots_index":""},"product_brand":[],"product_cat":[1400],"product_tag":[],"class_list":{"0":"post-79186","1":"product","2":"type-product","3":"status-publish","4":"has-post-thumbnail","6":"product_cat-wohnzubehoer","7":"product_shipping_class-standard-versand","9":"first","10":"instock","11":"sale","12":"taxable","13":"shipping-taxable","14":"purchasable","15":"product-type-simple"},"_links":{"self":[{"href":"https:\/\/www.soanam.de\/nl\/wp-json\/wp\/v2\/product\/79186","targetHints":{"allow":["GET"]}}],"collection":[{"href":"https:\/\/www.soanam.de\/nl\/wp-json\/wp\/v2\/product"}],"about":[{"href":"https:\/\/www.soanam.de\/nl\/wp-json\/wp\/v2\/types\/product"}],"replies":[{"embeddable":true,"href":"https:\/\/www.soanam.de\/nl\/wp-json\/wp\/v2\/comments?post=79186"}],"wp:featuredmedia":[{"embeddable":true,"href":"https:\/\/www.soanam.de\/nl\/wp-json\/wp\/v2\/media\/79303"}],"wp:attachment":[{"href":"https:\/\/www.soanam.de\/nl\/wp-json\/wp\/v2\/media?parent=79186"}],"wp:term":[{"taxonomy":"product_brand","embeddable":true,"href":"https:\/\/www.soanam.de\/nl\/wp-json\/wp\/v2\/product_brand?post=79186"},{"taxonomy":"product_cat","embeddable":true,"href":"https:\/\/www.soanam.de\/nl\/wp-json\/wp\/v2\/product_cat?post=79186"},{"taxonomy":"product_tag","embeddable":true,"href":"https:\/\/www.soanam.de\/nl\/wp-json\/wp\/v2\/product_tag?post=79186"}],"curies":[{"name":"wp","href":"https:\/\/api.w.org\/{rel}","templated":true}]}}