{"id":79165,"date":"2023-12-13T22:01:32","date_gmt":"2023-12-13T21:01:32","guid":{"rendered":"https:\/\/www.soanam.de\/?post_type=product&#038;p=79165"},"modified":"2023-12-13T22:36:34","modified_gmt":"2023-12-13T21:36:34","slug":"bergans-of-norway-roros-ins-3-4-pants-maenner-frauen-schwarz-groesse-m","status":"publish","type":"product","link":"https:\/\/www.soanam.de\/nl\/produkt\/bergans-of-norway-roros-ins-3-4-pants-maenner-frauen-schwarz-groesse-m\/","title":{"rendered":"Bergans of Norway R\u00f8ros Ins 3\/4 Pants, M\u00e4nner, Frauen, Schwarz, Gr\u00f6\u00dfe M"},"content":{"rendered":"<h3>Beschrijving van de<\/h3>\n<p>Leichte wasserabweisende PrimaLoft\u00ae Isolationshose.<br \/>\nPerfekte Erg\u00e4nzung f\u00fcr jedes Bergoutfit bei Touren an besonders kalten Tagen.<\/p>\n<p>Die R\u00f8ros Insulated 3\/4 Hose ist eine zuverl\u00e4ssige Isolationsschicht, die dank ihres kleinen Packma\u00df in jeden Rucksack passt. Das winddichte und wasserabweisende Pertex Au\u00dfengewebe verspricht einen optimalen Wetterschutz und bietet dazu ein besonders angenehmes Tragegef\u00fchl. Gef\u00fcllt mit extrem leichten Primaloft\u00ae Silber Eco sorgt sie f\u00fcr wohlige W\u00e4rme, selbst bei N\u00e4sse, ist windabweisend und kann sowohl \u00fcber, als auch unter der Hardshell getragen werden.<\/p>\n<p>Der durchgehende Rei\u00dfverschluss erleichtert das An- und Ausziehen der Hose, w\u00e4hrend der regulierbare Bund ganz nach deinem Bed\u00fcrfniss eingestellt werden kann und damit einen sicheren und bequemen Sitz gew\u00e4hrleistet. Zudem bietet die vorgeformte Knieparte bestm\u00f6gliche Bewegungsfreiheit. Bei Nichtgebrauch kann die R\u00f8ros Insulated 3\/4 Hose von Bergans problemlos in der eignen Tasche verstaut werden.<\/p>\n<p>Sportart &amp; Einsatz: Bergwandern<br \/>\nGeeignet f\u00fcr: Herren, Damen<br \/>\nKonstruktion: Isolationshosen<br \/>\nPrimaLoft\u00ae, Pertex\u00ae<br \/>\nPrimaLoft\u00ae Silver Eco<br \/>\nIsolation aus Kunstfaser<br \/>\nEigenschaften: schnell trocknend, schneller Feuchtigkeitstransport, atmungsaktiv, winddicht, wasserabweisend, elastisch, strapazierf\u00e4hig, klein verpackbar<br \/>\nAusstattung: durchgehender Rei\u00dfverschluss, vorgeformte Knie, verstellbarer Hosenbund, seitliche Eingrifftasche(n) mit Rei\u00dfverschluss<br \/>\nHerstellung: enth\u00e4lt recycelte Materialien, PFC-freie Impr\u00e4gnierung<br \/>\nAnteil an recyceltem Material: 70% Polyester<br \/>\nMaterial: Hauptmaterial: 100% Polyamid<br \/>\nF\u00fcllung: 100% Polyester<\/p>","protected":false},"excerpt":{"rendered":"<h3>Artikelmerkmale<\/h3>\n<p>Staat van het item: Nieuw met label: Nieuw, ongebruikt en ongedragen item in de originele verpakking<\/p>\n<table border=\"0\" frame=\"VOID\" rules=\"NONE\" cellspacing=\"0\">\n<colgroup>\n<col width=\"131\" \/>\n<col width=\"108\" \/><\/colgroup>\n<tbody>\n<tr>\n<td align=\"LEFT\" width=\"131\" height=\"17\">Abteilung:<\/td>\n<td align=\"LEFT\" width=\"108\">Unisex<\/td>\n<\/tr>\n<tr>\n<td align=\"LEFT\" height=\"17\">Aktivit\u00e4t:<\/td>\n<td align=\"LEFT\">Wanderung<\/td>\n<\/tr>\n<tr>\n<td align=\"LEFT\" height=\"17\">Anlass:<\/td>\n<td align=\"LEFT\">Freizeit<\/td>\n<\/tr>\n<tr>\n<td align=\"LEFT\" height=\"17\">EAN:<\/td>\n<td align=\"LEFT\">7031582132912<\/td>\n<\/tr>\n<tr>\n<td align=\"LEFT\" height=\"17\">Kleur:<\/td>\n<td align=\"LEFT\">Zwart<\/td>\n<\/tr>\n<tr>\n<td align=\"LEFT\" height=\"17\">Gewebeart:<\/td>\n<td align=\"LEFT\">Kunstfaser<\/td>\n<\/tr>\n<tr>\n<td align=\"LEFT\" height=\"17\">Grootte:<\/td>\n<td align=\"LEFT\">M<\/td>\n<\/tr>\n<tr>\n<td align=\"LEFT\" height=\"17\">Gr\u00f6\u00dfenkategorie:<\/td>\n<td align=\"LEFT\">Normalgr\u00f6\u00dfe<\/td>\n<\/tr>\n<tr>\n<td align=\"LEFT\" height=\"17\">Marke:<\/td>\n<td align=\"LEFT\">Bergans<\/td>\n<\/tr>\n<tr>\n<td align=\"LEFT\" height=\"17\">Materiaal:<\/td>\n<td align=\"LEFT\">100% Polyester<\/td>\n<\/tr>\n<tr>\n<td align=\"LEFT\" height=\"17\">Produktart:<\/td>\n<td align=\"LEFT\">Broek<\/td>\n<\/tr>\n<tr>\n<td align=\"LEFT\" height=\"17\">Stil:<\/td>\n<td align=\"LEFT\">Schneehose<\/td>\n<\/tr>\n<tr>\n<td align=\"LEFT\" height=\"17\">Thema:<\/td>\n<td align=\"LEFT\">Bergwandern<\/td>\n<\/tr>\n<tr>\n<td align=\"LEFT\" height=\"17\">Verschluss:<\/td>\n<td align=\"LEFT\">Ritssluiting<\/td>\n<\/tr>\n<tr>\n<td align=\"LEFT\" height=\"17\">Vintage:<\/td>\n<td align=\"LEFT\">Nein<\/td>\n<\/tr>\n<tr>\n<td align=\"LEFT\" height=\"17\"><\/td>\n<td align=\"LEFT\"><\/td>\n<\/tr>\n<tr>\n<td align=\"LEFT\" height=\"17\"><strong>Ma\u00dfangaben<\/strong><\/td>\n<td align=\"LEFT\"><\/td>\n<\/tr>\n<tr>\n<td align=\"LEFT\" height=\"17\"><\/td>\n<td align=\"LEFT\"><\/td>\n<\/tr>\n<tr>\n<td align=\"LEFT\" height=\"17\">K\u00f6rpergr\u00f6\u00dfe:<\/td>\n<td align=\"LEFT\">176 \u2013 179 cm<\/td>\n<\/tr>\n<tr>\n<td align=\"LEFT\" height=\"17\">Brust:<\/td>\n<td align=\"LEFT\">97 \u2013 104 cm<\/td>\n<\/tr>\n<tr>\n<td align=\"LEFT\" height=\"17\">Taille:<\/td>\n<td align=\"LEFT\">84 \u2013 91 cm<\/td>\n<\/tr>\n<tr>\n<td align=\"LEFT\" height=\"17\">H\u00fcfte:<\/td>\n<td align=\"LEFT\">99 \u2013 105 cm<\/td>\n<\/tr>\n<tr>\n<td align=\"LEFT\" height=\"17\">Beinl\u00e4nge<\/td>\n<td align=\"LEFT\">84,5 \u2013 84,5 cm<\/td>\n<\/tr>\n<\/tbody>\n<\/table>","protected":false},"featured_media":79287,"comment_status":"open","ping_status":"closed","template":"","meta":{"_seopress_robots_primary_cat":"","_seopress_titles_title":"","_seopress_titles_desc":"","_seopress_robots_index":""},"product_brand":[],"product_cat":[1345,1346,1348,1349,1527,1566,1567,1568],"product_tag":[],"class_list":{"0":"post-79165","1":"product","2":"type-product","3":"status-publish","4":"has-post-thumbnail","6":"product_cat-herrenmode","7":"product_cat-hosen","8":"product_cat-damen-mode","9":"product_cat-hosen-damen-mode","10":"product_cat-kurze-hosen","11":"product_cat-bermudas-kurze-hosen","12":"product_cat-kurze-hosen-hosen","13":"product_cat-bermudas-kurze-hosen-hosen","14":"product_shipping_class-standard-versand","16":"first","17":"instock","18":"sale","19":"taxable","20":"shipping-taxable","21":"purchasable","22":"product-type-simple"},"_links":{"self":[{"href":"https:\/\/www.soanam.de\/nl\/wp-json\/wp\/v2\/product\/79165","targetHints":{"allow":["GET"]}}],"collection":[{"href":"https:\/\/www.soanam.de\/nl\/wp-json\/wp\/v2\/product"}],"about":[{"href":"https:\/\/www.soanam.de\/nl\/wp-json\/wp\/v2\/types\/product"}],"replies":[{"embeddable":true,"href":"https:\/\/www.soanam.de\/nl\/wp-json\/wp\/v2\/comments?post=79165"}],"wp:featuredmedia":[{"embeddable":true,"href":"https:\/\/www.soanam.de\/nl\/wp-json\/wp\/v2\/media\/79287"}],"wp:attachment":[{"href":"https:\/\/www.soanam.de\/nl\/wp-json\/wp\/v2\/media?parent=79165"}],"wp:term":[{"taxonomy":"product_brand","embeddable":true,"href":"https:\/\/www.soanam.de\/nl\/wp-json\/wp\/v2\/product_brand?post=79165"},{"taxonomy":"product_cat","embeddable":true,"href":"https:\/\/www.soanam.de\/nl\/wp-json\/wp\/v2\/product_cat?post=79165"},{"taxonomy":"product_tag","embeddable":true,"href":"https:\/\/www.soanam.de\/nl\/wp-json\/wp\/v2\/product_tag?post=79165"}],"curies":[{"name":"wp","href":"https:\/\/api.w.org\/{rel}","templated":true}]}}